{"id":4984,"date":"2026-01-05T17:40:44","date_gmt":"2026-01-05T09:40:44","guid":{"rendered":"https:\/\/www.drrashel-bbg.com\/?post_type=product&#038;p=4984"},"modified":"2026-01-15T10:24:12","modified_gmt":"2026-01-15T02:24:12","slug":"bamboo-charcoal-deep-cleansing-hydrogel-mask","status":"publish","type":"product","link":"https:\/\/www.drrashel-bbg.com\/fr\/mask\/bamboo-charcoal-deep-cleansing-hydrogel-mask\/","title":{"rendered":"M\u00e0scara de hidrogel de neteja profunda de carb\u00f3 de bamb\u00fa"},"content":{"rendered":"<p><img fetchpriority=\"high\" decoding=\"async\" class=\"aligncenter wp-image-5014\" src=\"https:\/\/www.drrashel-bbg.com\/wp-content\/uploads\/2026\/01\/DRL-1998-\u7af9\u70ad\u6df1\u5c42\u6e05\u6d01\u9762\u819cE_01.jpg\" alt=\"\" width=\"1000\" height=\"1744\" srcset=\"https:\/\/www.drrashel-bbg.com\/wp-content\/uploads\/2026\/01\/DRL-1998-\u7af9\u70ad\u6df1\u5c42\u6e05\u6d01\u9762\u819cE_01.jpg 790w, https:\/\/www.drrashel-bbg.com\/wp-content\/uploads\/2026\/01\/DRL-1998-\u7af9\u70ad\u6df1\u5c42\u6e05\u6d01\u9762\u819cE_01-172x300.jpg 172w, https:\/\/www.drrashel-bbg.com\/wp-content\/uploads\/2026\/01\/DRL-1998-\u7af9\u70ad\u6df1\u5c42\u6e05\u6d01\u9762\u819cE_01-587x1024.jpg 587w, https:\/\/www.drrashel-bbg.com\/wp-content\/uploads\/2026\/01\/DRL-1998-\u7af9\u70ad\u6df1\u5c42\u6e05\u6d01\u9762\u819cE_01-768x1340.jpg 768w, https:\/\/www.drrashel-bbg.com\/wp-content\/uploads\/2026\/01\/DRL-1998-\u7af9\u70ad\u6df1\u5c42\u6e05\u6d01\u9762\u819cE_01-7x12.jpg 7w, https:\/\/www.drrashel-bbg.com\/wp-content\/uploads\/2026\/01\/DRL-1998-\u7af9\u70ad\u6df1\u5c42\u6e05\u6d01\u9762\u819cE_01-600x1047.jpg 600w\" sizes=\"(max-width: 1000px) 100vw, 1000px\" \/> <img decoding=\"async\" class=\"aligncenter wp-image-5015\" src=\"https:\/\/www.drrashel-bbg.com\/wp-content\/uploads\/2026\/01\/DRL-1998-\u7af9\u70ad\u6df1\u5c42\u6e05\u6d01\u9762\u819cE_02.jpg\" alt=\"\" width=\"1000\" height=\"711\" srcset=\"https:\/\/www.drrashel-bbg.com\/wp-content\/uploads\/2026\/01\/DRL-1998-\u7af9\u70ad\u6df1\u5c42\u6e05\u6d01\u9762\u819cE_02.jpg 790w, https:\/\/www.drrashel-bbg.com\/wp-content\/uploads\/2026\/01\/DRL-1998-\u7af9\u70ad\u6df1\u5c42\u6e05\u6d01\u9762\u819cE_02-300x213.jpg 300w, https:\/\/www.drrashel-bbg.com\/wp-content\/uploads\/2026\/01\/DRL-1998-\u7af9\u70ad\u6df1\u5c42\u6e05\u6d01\u9762\u819cE_02-768x546.jpg 768w, https:\/\/www.drrashel-bbg.com\/wp-content\/uploads\/2026\/01\/DRL-1998-\u7af9\u70ad\u6df1\u5c42\u6e05\u6d01\u9762\u819cE_02-18x12.jpg 18w, https:\/\/www.drrashel-bbg.com\/wp-content\/uploads\/2026\/01\/DRL-1998-\u7af9\u70ad\u6df1\u5c42\u6e05\u6d01\u9762\u819cE_02-600x427.jpg 600w\" sizes=\"(max-width: 1000px) 100vw, 1000px\" \/> <img decoding=\"async\" class=\"aligncenter wp-image-5016\" src=\"https:\/\/www.drrashel-bbg.com\/wp-content\/uploads\/2026\/01\/DRL-1998-\u7af9\u70ad\u6df1\u5c42\u6e05\u6d01\u9762\u819cE_03.jpg\" alt=\"\" width=\"1000\" height=\"991\" srcset=\"https:\/\/www.drrashel-bbg.com\/wp-content\/uploads\/2026\/01\/DRL-1998-\u7af9\u70ad\u6df1\u5c42\u6e05\u6d01\u9762\u819cE_03.jpg 790w, https:\/\/www.drrashel-bbg.com\/wp-content\/uploads\/2026\/01\/DRL-1998-\u7af9\u70ad\u6df1\u5c42\u6e05\u6d01\u9762\u819cE_03-300x297.jpg 300w, https:\/\/www.drrashel-bbg.com\/wp-content\/uploads\/2026\/01\/DRL-1998-\u7af9\u70ad\u6df1\u5c42\u6e05\u6d01\u9762\u819cE_03-150x150.jpg 150w, https:\/\/www.drrashel-bbg.com\/wp-content\/uploads\/2026\/01\/DRL-1998-\u7af9\u70ad\u6df1\u5c42\u6e05\u6d01\u9762\u819cE_03-768x761.jpg 768w, https:\/\/www.drrashel-bbg.com\/wp-content\/uploads\/2026\/01\/DRL-1998-\u7af9\u70ad\u6df1\u5c42\u6e05\u6d01\u9762\u819cE_03-12x12.jpg 12w, https:\/\/www.drrashel-bbg.com\/wp-content\/uploads\/2026\/01\/DRL-1998-\u7af9\u70ad\u6df1\u5c42\u6e05\u6d01\u9762\u819cE_03-600x595.jpg 600w, https:\/\/www.drrashel-bbg.com\/wp-content\/uploads\/2026\/01\/DRL-1998-\u7af9\u70ad\u6df1\u5c42\u6e05\u6d01\u9762\u819cE_03-100x100.jpg 100w\" sizes=\"(max-width: 1000px) 100vw, 1000px\" \/> <img loading=\"lazy\" decoding=\"async\" class=\"aligncenter wp-image-5017\" src=\"https:\/\/www.drrashel-bbg.com\/wp-content\/uploads\/2026\/01\/DRL-1998-\u7af9\u70ad\u6df1\u5c42\u6e05\u6d01\u9762\u819cE_04.jpg\" alt=\"\" width=\"1000\" height=\"1872\" srcset=\"https:\/\/www.drrashel-bbg.com\/wp-content\/uploads\/2026\/01\/DRL-1998-\u7af9\u70ad\u6df1\u5c42\u6e05\u6d01\u9762\u819cE_04.jpg 790w, https:\/\/www.drrashel-bbg.com\/wp-content\/uploads\/2026\/01\/DRL-1998-\u7af9\u70ad\u6df1\u5c42\u6e05\u6d01\u9762\u819cE_04-160x300.jpg 160w, https:\/\/www.drrashel-bbg.com\/wp-content\/uploads\/2026\/01\/DRL-1998-\u7af9\u70ad\u6df1\u5c42\u6e05\u6d01\u9762\u819cE_04-547x1024.jpg 547w, https:\/\/www.drrashel-bbg.com\/wp-content\/uploads\/2026\/01\/DRL-1998-\u7af9\u70ad\u6df1\u5c42\u6e05\u6d01\u9762\u819cE_04-768x1438.jpg 768w, https:\/\/www.drrashel-bbg.com\/wp-content\/uploads\/2026\/01\/DRL-1998-\u7af9\u70ad\u6df1\u5c42\u6e05\u6d01\u9762\u819cE_04-6x12.jpg 6w, https:\/\/www.drrashel-bbg.com\/wp-content\/uploads\/2026\/01\/DRL-1998-\u7af9\u70ad\u6df1\u5c42\u6e05\u6d01\u9762\u819cE_04-600x1123.jpg 600w\" sizes=\"(max-width: 1000px) 100vw, 1000px\" \/> <img loading=\"lazy\" decoding=\"async\" class=\"aligncenter wp-image-5018\" src=\"https:\/\/www.drrashel-bbg.com\/wp-content\/uploads\/2026\/01\/DRL-1998-\u7af9\u70ad\u6df1\u5c42\u6e05\u6d01\u9762\u819cE_05.jpg\" alt=\"\" width=\"1000\" height=\"2090\" srcset=\"https:\/\/www.drrashel-bbg.com\/wp-content\/uploads\/2026\/01\/DRL-1998-\u7af9\u70ad\u6df1\u5c42\u6e05\u6d01\u9762\u819cE_05.jpg 790w, https:\/\/www.drrashel-bbg.com\/wp-content\/uploads\/2026\/01\/DRL-1998-\u7af9\u70ad\u6df1\u5c42\u6e05\u6d01\u9762\u819cE_05-144x300.jpg 144w, https:\/\/www.drrashel-bbg.com\/wp-content\/uploads\/2026\/01\/DRL-1998-\u7af9\u70ad\u6df1\u5c42\u6e05\u6d01\u9762\u819cE_05-490x1024.jpg 490w, https:\/\/www.drrashel-bbg.com\/wp-content\/uploads\/2026\/01\/DRL-1998-\u7af9\u70ad\u6df1\u5c42\u6e05\u6d01\u9762\u819cE_05-768x1605.jpg 768w, https:\/\/www.drrashel-bbg.com\/wp-content\/uploads\/2026\/01\/DRL-1998-\u7af9\u70ad\u6df1\u5c42\u6e05\u6d01\u9762\u819cE_05-735x1536.jpg 735w, https:\/\/www.drrashel-bbg.com\/wp-content\/uploads\/2026\/01\/DRL-1998-\u7af9\u70ad\u6df1\u5c42\u6e05\u6d01\u9762\u819cE_05-6x12.jpg 6w, https:\/\/www.drrashel-bbg.com\/wp-content\/uploads\/2026\/01\/DRL-1998-\u7af9\u70ad\u6df1\u5c42\u6e05\u6d01\u9762\u819cE_05-600x1254.jpg 600w\" sizes=\"(max-width: 1000px) 100vw, 1000px\" \/> <img loading=\"lazy\" decoding=\"async\" class=\"aligncenter wp-image-5019\" src=\"https:\/\/www.drrashel-bbg.com\/wp-content\/uploads\/2026\/01\/DRL-1998-\u7af9\u70ad\u6df1\u5c42\u6e05\u6d01\u9762\u819cE_06.jpg\" alt=\"\" width=\"1000\" height=\"1632\" srcset=\"https:\/\/www.drrashel-bbg.com\/wp-content\/uploads\/2026\/01\/DRL-1998-\u7af9\u70ad\u6df1\u5c42\u6e05\u6d01\u9762\u819cE_06.jpg 790w, https:\/\/www.drrashel-bbg.com\/wp-content\/uploads\/2026\/01\/DRL-1998-\u7af9\u70ad\u6df1\u5c42\u6e05\u6d01\u9762\u819cE_06-184x300.jpg 184w, https:\/\/www.drrashel-bbg.com\/wp-content\/uploads\/2026\/01\/DRL-1998-\u7af9\u70ad\u6df1\u5c42\u6e05\u6d01\u9762\u819cE_06-628x1024.jpg 628w, https:\/\/www.drrashel-bbg.com\/wp-content\/uploads\/2026\/01\/DRL-1998-\u7af9\u70ad\u6df1\u5c42\u6e05\u6d01\u9762\u819cE_06-768x1253.jpg 768w, https:\/\/www.drrashel-bbg.com\/wp-content\/uploads\/2026\/01\/DRL-1998-\u7af9\u70ad\u6df1\u5c42\u6e05\u6d01\u9762\u819cE_06-7x12.jpg 7w, https:\/\/www.drrashel-bbg.com\/wp-content\/uploads\/2026\/01\/DRL-1998-\u7af9\u70ad\u6df1\u5c42\u6e05\u6d01\u9762\u819cE_06-600x979.jpg 600w\" sizes=\"(max-width: 1000px) 100vw, 1000px\" \/> <img loading=\"lazy\" decoding=\"async\" class=\"aligncenter wp-image-5020\" src=\"https:\/\/www.drrashel-bbg.com\/wp-content\/uploads\/2026\/01\/DRL-1998-\u7af9\u70ad\u6df1\u5c42\u6e05\u6d01\u9762\u819cE_07.jpg\" alt=\"\" width=\"1000\" height=\"1587\" srcset=\"https:\/\/www.drrashel-bbg.com\/wp-content\/uploads\/2026\/01\/DRL-1998-\u7af9\u70ad\u6df1\u5c42\u6e05\u6d01\u9762\u819cE_07.jpg 790w, https:\/\/www.drrashel-bbg.com\/wp-content\/uploads\/2026\/01\/DRL-1998-\u7af9\u70ad\u6df1\u5c42\u6e05\u6d01\u9762\u819cE_07-189x300.jpg 189w, https:\/\/www.drrashel-bbg.com\/wp-content\/uploads\/2026\/01\/DRL-1998-\u7af9\u70ad\u6df1\u5c42\u6e05\u6d01\u9762\u819cE_07-645x1024.jpg 645w, https:\/\/www.drrashel-bbg.com\/wp-content\/uploads\/2026\/01\/DRL-1998-\u7af9\u70ad\u6df1\u5c42\u6e05\u6d01\u9762\u819cE_07-768x1219.jpg 768w, https:\/\/www.drrashel-bbg.com\/wp-content\/uploads\/2026\/01\/DRL-1998-\u7af9\u70ad\u6df1\u5c42\u6e05\u6d01\u9762\u819cE_07-8x12.jpg 8w, https:\/\/www.drrashel-bbg.com\/wp-content\/uploads\/2026\/01\/DRL-1998-\u7af9\u70ad\u6df1\u5c42\u6e05\u6d01\u9762\u819cE_07-600x952.jpg 600w\" sizes=\"(max-width: 1000px) 100vw, 1000px\" \/> <img loading=\"lazy\" decoding=\"async\" class=\"aligncenter wp-image-5021\" src=\"https:\/\/www.drrashel-bbg.com\/wp-content\/uploads\/2026\/01\/DRL-1998-\u7af9\u70ad\u6df1\u5c42\u6e05\u6d01\u9762\u819cE_08.jpg\" alt=\"\" width=\"1000\" height=\"1644\" srcset=\"https:\/\/www.drrashel-bbg.com\/wp-content\/uploads\/2026\/01\/DRL-1998-\u7af9\u70ad\u6df1\u5c42\u6e05\u6d01\u9762\u819cE_08.jpg 790w, https:\/\/www.drrashel-bbg.com\/wp-content\/uploads\/2026\/01\/DRL-1998-\u7af9\u70ad\u6df1\u5c42\u6e05\u6d01\u9762\u819cE_08-182x300.jpg 182w, https:\/\/www.drrashel-bbg.com\/wp-content\/uploads\/2026\/01\/DRL-1998-\u7af9\u70ad\u6df1\u5c42\u6e05\u6d01\u9762\u819cE_08-623x1024.jpg 623w, https:\/\/www.drrashel-bbg.com\/wp-content\/uploads\/2026\/01\/DRL-1998-\u7af9\u70ad\u6df1\u5c42\u6e05\u6d01\u9762\u819cE_08-768x1263.jpg 768w, https:\/\/www.drrashel-bbg.com\/wp-content\/uploads\/2026\/01\/DRL-1998-\u7af9\u70ad\u6df1\u5c42\u6e05\u6d01\u9762\u819cE_08-7x12.jpg 7w, https:\/\/www.drrashel-bbg.com\/wp-content\/uploads\/2026\/01\/DRL-1998-\u7af9\u70ad\u6df1\u5c42\u6e05\u6d01\u9762\u819cE_08-600x987.jpg 600w\" sizes=\"(max-width: 1000px) 100vw, 1000px\" \/> <img loading=\"lazy\" decoding=\"async\" class=\"aligncenter wp-image-5022\" src=\"https:\/\/www.drrashel-bbg.com\/wp-content\/uploads\/2026\/01\/DRL-1998-\u7af9\u70ad\u6df1\u5c42\u6e05\u6d01\u9762\u819cE_09.jpg\" alt=\"\" width=\"1000\" height=\"949\" srcset=\"https:\/\/www.drrashel-bbg.com\/wp-content\/uploads\/2026\/01\/DRL-1998-\u7af9\u70ad\u6df1\u5c42\u6e05\u6d01\u9762\u819cE_09.jpg 790w, https:\/\/www.drrashel-bbg.com\/wp-content\/uploads\/2026\/01\/DRL-1998-\u7af9\u70ad\u6df1\u5c42\u6e05\u6d01\u9762\u819cE_09-300x285.jpg 300w, https:\/\/www.drrashel-bbg.com\/wp-content\/uploads\/2026\/01\/DRL-1998-\u7af9\u70ad\u6df1\u5c42\u6e05\u6d01\u9762\u819cE_09-768x729.jpg 768w, https:\/\/www.drrashel-bbg.com\/wp-content\/uploads\/2026\/01\/DRL-1998-\u7af9\u70ad\u6df1\u5c42\u6e05\u6d01\u9762\u819cE_09-13x12.jpg 13w, https:\/\/www.drrashel-bbg.com\/wp-content\/uploads\/2026\/01\/DRL-1998-\u7af9\u70ad\u6df1\u5c42\u6e05\u6d01\u9762\u819cE_09-600x570.jpg 600w\" sizes=\"(max-width: 1000px) 100vw, 1000px\" \/> <img loading=\"lazy\" decoding=\"async\" class=\"aligncenter wp-image-5023\" src=\"https:\/\/www.drrashel-bbg.com\/wp-content\/uploads\/2026\/01\/DRL-1998-\u7af9\u70ad\u6df1\u5c42\u6e05\u6d01\u9762\u819cE_10.jpg\" alt=\"\" width=\"1000\" height=\"2382\" srcset=\"https:\/\/www.drrashel-bbg.com\/wp-content\/uploads\/2026\/01\/DRL-1998-\u7af9\u70ad\u6df1\u5c42\u6e05\u6d01\u9762\u819cE_10.jpg 790w, https:\/\/www.drrashel-bbg.com\/wp-content\/uploads\/2026\/01\/DRL-1998-\u7af9\u70ad\u6df1\u5c42\u6e05\u6d01\u9762\u819cE_10-126x300.jpg 126w, https:\/\/www.drrashel-bbg.com\/wp-content\/uploads\/2026\/01\/DRL-1998-\u7af9\u70ad\u6df1\u5c42\u6e05\u6d01\u9762\u819cE_10-430x1024.jpg 430w, https:\/\/www.drrashel-bbg.com\/wp-content\/uploads\/2026\/01\/DRL-1998-\u7af9\u70ad\u6df1\u5c42\u6e05\u6d01\u9762\u819cE_10-768x1830.jpg 768w, https:\/\/www.drrashel-bbg.com\/wp-content\/uploads\/2026\/01\/DRL-1998-\u7af9\u70ad\u6df1\u5c42\u6e05\u6d01\u9762\u819cE_10-645x1536.jpg 645w, https:\/\/www.drrashel-bbg.com\/wp-content\/uploads\/2026\/01\/DRL-1998-\u7af9\u70ad\u6df1\u5c42\u6e05\u6d01\u9762\u819cE_10-5x12.jpg 5w, https:\/\/www.drrashel-bbg.com\/wp-content\/uploads\/2026\/01\/DRL-1998-\u7af9\u70ad\u6df1\u5c42\u6e05\u6d01\u9762\u819cE_10-600x1429.jpg 600w\" sizes=\"(max-width: 1000px) 100vw, 1000px\" \/> <img loading=\"lazy\" decoding=\"async\" class=\"aligncenter wp-image-5024\" src=\"https:\/\/www.drrashel-bbg.com\/wp-content\/uploads\/2026\/01\/DRL-1998-\u7af9\u70ad\u6df1\u5c42\u6e05\u6d01\u9762\u819cE_11.jpg\" alt=\"\" width=\"1000\" height=\"2249\" srcset=\"https:\/\/www.drrashel-bbg.com\/wp-content\/uploads\/2026\/01\/DRL-1998-\u7af9\u70ad\u6df1\u5c42\u6e05\u6d01\u9762\u819cE_11.jpg 790w, https:\/\/www.drrashel-bbg.com\/wp-content\/uploads\/2026\/01\/DRL-1998-\u7af9\u70ad\u6df1\u5c42\u6e05\u6d01\u9762\u819cE_11-133x300.jpg 133w, https:\/\/www.drrashel-bbg.com\/wp-content\/uploads\/2026\/01\/DRL-1998-\u7af9\u70ad\u6df1\u5c42\u6e05\u6d01\u9762\u819cE_11-455x1024.jpg 455w, https:\/\/www.drrashel-bbg.com\/wp-content\/uploads\/2026\/01\/DRL-1998-\u7af9\u70ad\u6df1\u5c42\u6e05\u6d01\u9762\u819cE_11-768x1728.jpg 768w, https:\/\/www.drrashel-bbg.com\/wp-content\/uploads\/2026\/01\/DRL-1998-\u7af9\u70ad\u6df1\u5c42\u6e05\u6d01\u9762\u819cE_11-683x1536.jpg 683w, https:\/\/www.drrashel-bbg.com\/wp-content\/uploads\/2026\/01\/DRL-1998-\u7af9\u70ad\u6df1\u5c42\u6e05\u6d01\u9762\u819cE_11-5x12.jpg 5w, https:\/\/www.drrashel-bbg.com\/wp-content\/uploads\/2026\/01\/DRL-1998-\u7af9\u70ad\u6df1\u5c42\u6e05\u6d01\u9762\u819cE_11-600x1350.jpg 600w\" sizes=\"(max-width: 1000px) 100vw, 1000px\" \/><\/p>\n<p><strong><b>Product Benefits:<\/b><\/strong><\/p>\n<div class=\"flex flex-col text-sm pb-25\">\n<article class=\"text-token-text-primary w-full focus:outline-none [--shadow-height:45px] has-data-writing-block:pointer-events-none has-data-writing-block:-mt-(--shadow-height) has-data-writing-block:pt-(--shadow-height) [&amp;:has([data-writing-block])&gt;*]:pointer-events-auto scroll-mt-[calc(var(--header-height)+min(200px,max(70px,20svh)))]\" dir=\"auto\" tabindex=\"-1\" data-turn-id=\"request-695b7c66-582c-8329-b283-55317d1aaf18-1\" data-testid=\"conversation-turn-10\" data-scroll-anchor=\"true\" data-turn=\"assistant\">\n<div class=\"text-base my-auto mx-auto pb-10 [--thread-content-margin:--spacing(4)] @w-sm\/main:[--thread-content-margin:--spacing(6)] @w-lg\/main:[--thread-content-margin:--spacing(16)] px-(--thread-content-margin)\">\n<div class=\"[--thread-content-max-width:40rem] @w-lg\/main:[--thread-content-max-width:48rem] mx-auto max-w-(--thread-content-max-width) flex-1 group\/turn-messages focus-visible:outline-hidden relative flex w-full min-w-0 flex-col agent-turn\" tabindex=\"-1\">\n<div class=\"flex max-w-full flex-col grow\">\n<div class=\"min-h-8 text-message relative flex w-full flex-col items-end gap-2 text-start break-words whitespace-normal [.text-message+&amp;]:mt-1\" dir=\"auto\" data-message-author-role=\"assistant\" data-message-id=\"046d3858-19f9-462b-8ebc-d98a9da114bb\" data-message-model-slug=\"gpt-5-2-thinking\">\n<div class=\"flex w-full flex-col gap-1 empty:hidden first:pt-[1px]\">\n<div class=\"markdown prose dark:prose-invert w-full break-words light markdown-new-styling\">\n<p data-start=\"0\" data-end=\"129\" data-is-last-node=\"\" data-is-only-node=\"\">The bamboo charcoal with adsorption ability can remove excess oil and dirt particles from the pores, unclog the pores.<\/p>\n<\/div>\n<\/div>\n<\/div>\n<\/div>\n<\/div>\n<\/div>\n<\/article>\n<\/div>\n<p><strong><b>How to use:<\/b><\/strong><\/p>\n<p>1. Cleanse your face before applying the mask.<\/p>\n<p>2. Take out the 3-layers mask, there are white fabric films on top and on the bottom, the middle layer is the gel mask.<\/p>\n<p>3. Remove the white fabric film, apply another two films onto the face (the middle gel mask attach to the face, white film is outside), then remove the white fabric film.<\/p>\n<p>4. Adjust the gel mask to the full face.<\/p>\n<p>5. Remove the mask after 15 minutes, massage face for better absorption, no need to wash it.<\/p>\n<p><strong><b>Brand Introduction:<\/b><\/strong><\/p>\n<p>DR\u00b7RASHEL was founded in 1989 by Mr. BAKRI, a skin care master, with thirty years of product experience. Focused on health, Mr. BAKRI developed precise formulas for the natural ingredients to maximize skin health and vibrant radiance\uff0ca principle applied across the wide range of DR\u00b7RASHEL\u2019s skin care products.<\/p>\n<p>DR\u00b7RASHEL products are spread around the world and welcomed by customers in five continents, more specifically, in the Middle East, South America, and Europe.<\/p>\n<p>We export to over 100 countries, including UAE, Russia, America, Mexico, Australia\uff0cSaudi Arabia\uff0cBrazil, India and South Africa.<\/p>\n<p>We have ISO\uff0cGMPC American European Union International Authoritative Double Certification, Advanced R &amp; D testing equipment, thousands of mature formulas and high efficiency sales team and competitive price superiority. Our product categories are: skin care products, make-up products, wash and care products.<\/p>\n<p>&nbsp;<\/p>\n<p><strong><b>FAQ:<\/b><\/strong><\/p>\n<p>&nbsp;<\/p>\n","protected":false},"excerpt":{"rendered":"<p>El carb\u00f3 de bamb\u00fa amb capacitat d'adsorci\u00f3 pot eliminar l'exc\u00e9s d'oli i part\u00edcules de brut\u00edcia dels poros, desbloquejar els poros, promoure l'absorci\u00f3 accelerada dels ingredients essencials i fer que la pell es relaxi i sigui c\u00f2moda. L'ingredient col\u00b7lagen afegit ajuda a endurir visiblement la pell, reduir l'aparici\u00f3 de la inflamaci\u00f3 sota els ulls i il\u00b7luminar la zona dels ulls, revelant un aspecte m\u00e9s jove.<\/p>\n<p>N\u00famero de s\u00e8rie: DRL-1998<\/p>\n<p>Tipus de pell aplicable: Adequat per a pell grassa i combinaci\u00f3.<\/p>\n<p>Ingredients principals: Carb\u00f3 de bamb\u00fa, \u00e0cid salic\u00edlic, niacinamida, hialuronat de sodi i extracte de Centella Asiatica.<\/p>\n<p>\u212e33 g \/ 1.16oz \u00d7 12pcs<\/p>","protected":false},"featured_media":5007,"comment_status":"closed","ping_status":"closed","template":"","meta":[],"product_brand":[],"product_cat":[15,120],"product_tag":[],"class_list":{"0":"post-4984","1":"product","2":"type-product","3":"status-publish","4":"has-post-thumbnail","6":"product_cat-face-care","7":"product_cat-mask","9":"first","10":"instock","11":"shipping-taxable","12":"product-type-simple"},"_links":{"self":[{"href":"https:\/\/www.drrashel-bbg.com\/fr\/wp-json\/wp\/v2\/product\/4984","targetHints":{"allow":["GET"]}}],"collection":[{"href":"https:\/\/www.drrashel-bbg.com\/fr\/wp-json\/wp\/v2\/product"}],"about":[{"href":"https:\/\/www.drrashel-bbg.com\/fr\/wp-json\/wp\/v2\/types\/product"}],"replies":[{"embeddable":true,"href":"https:\/\/www.drrashel-bbg.com\/fr\/wp-json\/wp\/v2\/comments?post=4984"}],"wp:featuredmedia":[{"embeddable":true,"href":"https:\/\/www.drrashel-bbg.com\/fr\/wp-json\/wp\/v2\/media\/5007"}],"wp:attachment":[{"href":"https:\/\/www.drrashel-bbg.com\/fr\/wp-json\/wp\/v2\/media?parent=4984"}],"wp:term":[{"taxonomy":"product_brand","embeddable":true,"href":"https:\/\/www.drrashel-bbg.com\/fr\/wp-json\/wp\/v2\/product_brand?post=4984"},{"taxonomy":"product_cat","embeddable":true,"href":"https:\/\/www.drrashel-bbg.com\/fr\/wp-json\/wp\/v2\/product_cat?post=4984"},{"taxonomy":"product_tag","embeddable":true,"href":"https:\/\/www.drrashel-bbg.com\/fr\/wp-json\/wp\/v2\/product_tag?post=4984"}],"curies":[{"name":"wp","href":"https:\/\/api.w.org\/{rel}","templated":true}]}}