{"id":5101,"date":"2026-01-10T10:39:07","date_gmt":"2026-01-10T02:39:07","guid":{"rendered":"https:\/\/www.drrashel-bbg.com\/?post_type=product&#038;p=5101"},"modified":"2026-01-13T13:52:48","modified_gmt":"2026-01-13T05:52:48","slug":"turmeric-super-serum","status":"publish","type":"product","link":"https:\/\/www.drrashel-bbg.com\/fr\/serum-essences\/turmeric-super-serum\/","title":{"rendered":"S\u00faper s\u00e8rum d'\u00e0cid hialur\u00f2nic"},"content":{"rendered":"<p><img fetchpriority=\"high\" decoding=\"async\" class=\"aligncenter wp-image-5218\" src=\"https:\/\/www.drrashel-bbg.com\/wp-content\/uploads\/2026\/01\/DRL-1860-Hyaluronic-acid-Super-serum-Details-01.webp\" alt=\"\" width=\"1000\" height=\"1556\" srcset=\"https:\/\/www.drrashel-bbg.com\/wp-content\/uploads\/2026\/01\/DRL-1860-Hyaluronic-acid-Super-serum-Details-01.webp 790w, https:\/\/www.drrashel-bbg.com\/wp-content\/uploads\/2026\/01\/DRL-1860-Hyaluronic-acid-Super-serum-Details-01-193x300.webp 193w, https:\/\/www.drrashel-bbg.com\/wp-content\/uploads\/2026\/01\/DRL-1860-Hyaluronic-acid-Super-serum-Details-01-658x1024.webp 658w, https:\/\/www.drrashel-bbg.com\/wp-content\/uploads\/2026\/01\/DRL-1860-Hyaluronic-acid-Super-serum-Details-01-768x1195.webp 768w, https:\/\/www.drrashel-bbg.com\/wp-content\/uploads\/2026\/01\/DRL-1860-Hyaluronic-acid-Super-serum-Details-01-8x12.webp 8w, https:\/\/www.drrashel-bbg.com\/wp-content\/uploads\/2026\/01\/DRL-1860-Hyaluronic-acid-Super-serum-Details-01-600x933.webp 600w\" sizes=\"(max-width: 1000px) 100vw, 1000px\" \/> <img decoding=\"async\" class=\"aligncenter wp-image-5219\" src=\"https:\/\/www.drrashel-bbg.com\/wp-content\/uploads\/2026\/01\/DRL-1860-Hyaluronic-acid-Super-serum-Details-02.webp\" alt=\"\" width=\"1000\" height=\"1647\" srcset=\"https:\/\/www.drrashel-bbg.com\/wp-content\/uploads\/2026\/01\/DRL-1860-Hyaluronic-acid-Super-serum-Details-02.webp 790w, https:\/\/www.drrashel-bbg.com\/wp-content\/uploads\/2026\/01\/DRL-1860-Hyaluronic-acid-Super-serum-Details-02-182x300.webp 182w, https:\/\/www.drrashel-bbg.com\/wp-content\/uploads\/2026\/01\/DRL-1860-Hyaluronic-acid-Super-serum-Details-02-622x1024.webp 622w, https:\/\/www.drrashel-bbg.com\/wp-content\/uploads\/2026\/01\/DRL-1860-Hyaluronic-acid-Super-serum-Details-02-768x1265.webp 768w, https:\/\/www.drrashel-bbg.com\/wp-content\/uploads\/2026\/01\/DRL-1860-Hyaluronic-acid-Super-serum-Details-02-7x12.webp 7w, https:\/\/www.drrashel-bbg.com\/wp-content\/uploads\/2026\/01\/DRL-1860-Hyaluronic-acid-Super-serum-Details-02-600x988.webp 600w\" sizes=\"(max-width: 1000px) 100vw, 1000px\" \/> <img decoding=\"async\" class=\"aligncenter wp-image-5220\" src=\"https:\/\/www.drrashel-bbg.com\/wp-content\/uploads\/2026\/01\/DRL-1860-Hyaluronic-acid-Super-serum-Details-03.webp\" alt=\"\" width=\"1000\" height=\"1567\" srcset=\"https:\/\/www.drrashel-bbg.com\/wp-content\/uploads\/2026\/01\/DRL-1860-Hyaluronic-acid-Super-serum-Details-03.webp 790w, https:\/\/www.drrashel-bbg.com\/wp-content\/uploads\/2026\/01\/DRL-1860-Hyaluronic-acid-Super-serum-Details-03-191x300.webp 191w, https:\/\/www.drrashel-bbg.com\/wp-content\/uploads\/2026\/01\/DRL-1860-Hyaluronic-acid-Super-serum-Details-03-653x1024.webp 653w, https:\/\/www.drrashel-bbg.com\/wp-content\/uploads\/2026\/01\/DRL-1860-Hyaluronic-acid-Super-serum-Details-03-768x1204.webp 768w, https:\/\/www.drrashel-bbg.com\/wp-content\/uploads\/2026\/01\/DRL-1860-Hyaluronic-acid-Super-serum-Details-03-8x12.webp 8w, https:\/\/www.drrashel-bbg.com\/wp-content\/uploads\/2026\/01\/DRL-1860-Hyaluronic-acid-Super-serum-Details-03-600x940.webp 600w\" sizes=\"(max-width: 1000px) 100vw, 1000px\" \/> <img loading=\"lazy\" decoding=\"async\" class=\"aligncenter wp-image-5221\" src=\"https:\/\/www.drrashel-bbg.com\/wp-content\/uploads\/2026\/01\/DRL-1860-Hyaluronic-acid-Super-serum-Details-04.webp\" alt=\"\" width=\"1000\" height=\"1665\" srcset=\"https:\/\/www.drrashel-bbg.com\/wp-content\/uploads\/2026\/01\/DRL-1860-Hyaluronic-acid-Super-serum-Details-04.webp 790w, https:\/\/www.drrashel-bbg.com\/wp-content\/uploads\/2026\/01\/DRL-1860-Hyaluronic-acid-Super-serum-Details-04-180x300.webp 180w, https:\/\/www.drrashel-bbg.com\/wp-content\/uploads\/2026\/01\/DRL-1860-Hyaluronic-acid-Super-serum-Details-04-615x1024.webp 615w, https:\/\/www.drrashel-bbg.com\/wp-content\/uploads\/2026\/01\/DRL-1860-Hyaluronic-acid-Super-serum-Details-04-768x1278.webp 768w, https:\/\/www.drrashel-bbg.com\/wp-content\/uploads\/2026\/01\/DRL-1860-Hyaluronic-acid-Super-serum-Details-04-7x12.webp 7w, https:\/\/www.drrashel-bbg.com\/wp-content\/uploads\/2026\/01\/DRL-1860-Hyaluronic-acid-Super-serum-Details-04-600x999.webp 600w\" sizes=\"(max-width: 1000px) 100vw, 1000px\" \/> <img loading=\"lazy\" decoding=\"async\" class=\"aligncenter wp-image-5222\" src=\"https:\/\/www.drrashel-bbg.com\/wp-content\/uploads\/2026\/01\/DRL-1860-Hyaluronic-acid-Super-serum-Details-05.webp\" alt=\"\" width=\"1000\" height=\"1559\" srcset=\"https:\/\/www.drrashel-bbg.com\/wp-content\/uploads\/2026\/01\/DRL-1860-Hyaluronic-acid-Super-serum-Details-05.webp 790w, https:\/\/www.drrashel-bbg.com\/wp-content\/uploads\/2026\/01\/DRL-1860-Hyaluronic-acid-Super-serum-Details-05-192x300.webp 192w, https:\/\/www.drrashel-bbg.com\/wp-content\/uploads\/2026\/01\/DRL-1860-Hyaluronic-acid-Super-serum-Details-05-657x1024.webp 657w, https:\/\/www.drrashel-bbg.com\/wp-content\/uploads\/2026\/01\/DRL-1860-Hyaluronic-acid-Super-serum-Details-05-768x1198.webp 768w, https:\/\/www.drrashel-bbg.com\/wp-content\/uploads\/2026\/01\/DRL-1860-Hyaluronic-acid-Super-serum-Details-05-8x12.webp 8w, https:\/\/www.drrashel-bbg.com\/wp-content\/uploads\/2026\/01\/DRL-1860-Hyaluronic-acid-Super-serum-Details-05-600x936.webp 600w\" sizes=\"(max-width: 1000px) 100vw, 1000px\" \/> <img loading=\"lazy\" decoding=\"async\" class=\"aligncenter wp-image-5223\" src=\"https:\/\/www.drrashel-bbg.com\/wp-content\/uploads\/2026\/01\/DRL-1860-Hyaluronic-acid-Super-serum-Details-06.webp\" alt=\"\" width=\"1000\" height=\"1571\" srcset=\"https:\/\/www.drrashel-bbg.com\/wp-content\/uploads\/2026\/01\/DRL-1860-Hyaluronic-acid-Super-serum-Details-06.webp 790w, https:\/\/www.drrashel-bbg.com\/wp-content\/uploads\/2026\/01\/DRL-1860-Hyaluronic-acid-Super-serum-Details-06-191x300.webp 191w, https:\/\/www.drrashel-bbg.com\/wp-content\/uploads\/2026\/01\/DRL-1860-Hyaluronic-acid-Super-serum-Details-06-652x1024.webp 652w, https:\/\/www.drrashel-bbg.com\/wp-content\/uploads\/2026\/01\/DRL-1860-Hyaluronic-acid-Super-serum-Details-06-768x1206.webp 768w, https:\/\/www.drrashel-bbg.com\/wp-content\/uploads\/2026\/01\/DRL-1860-Hyaluronic-acid-Super-serum-Details-06-8x12.webp 8w, https:\/\/www.drrashel-bbg.com\/wp-content\/uploads\/2026\/01\/DRL-1860-Hyaluronic-acid-Super-serum-Details-06-600x943.webp 600w\" sizes=\"(max-width: 1000px) 100vw, 1000px\" \/> <img loading=\"lazy\" decoding=\"async\" class=\"aligncenter wp-image-5224\" src=\"https:\/\/www.drrashel-bbg.com\/wp-content\/uploads\/2026\/01\/DRL-1860-Hyaluronic-acid-Super-serum-Details-07.webp\" alt=\"\" width=\"1000\" height=\"1811\" srcset=\"https:\/\/www.drrashel-bbg.com\/wp-content\/uploads\/2026\/01\/DRL-1860-Hyaluronic-acid-Super-serum-Details-07.webp 790w, https:\/\/www.drrashel-bbg.com\/wp-content\/uploads\/2026\/01\/DRL-1860-Hyaluronic-acid-Super-serum-Details-07-166x300.webp 166w, https:\/\/www.drrashel-bbg.com\/wp-content\/uploads\/2026\/01\/DRL-1860-Hyaluronic-acid-Super-serum-Details-07-565x1024.webp 565w, https:\/\/www.drrashel-bbg.com\/wp-content\/uploads\/2026\/01\/DRL-1860-Hyaluronic-acid-Super-serum-Details-07-768x1391.webp 768w, https:\/\/www.drrashel-bbg.com\/wp-content\/uploads\/2026\/01\/DRL-1860-Hyaluronic-acid-Super-serum-Details-07-7x12.webp 7w, https:\/\/www.drrashel-bbg.com\/wp-content\/uploads\/2026\/01\/DRL-1860-Hyaluronic-acid-Super-serum-Details-07-600x1087.webp 600w\" sizes=\"(max-width: 1000px) 100vw, 1000px\" \/> <img loading=\"lazy\" decoding=\"async\" class=\"aligncenter wp-image-5225\" src=\"https:\/\/www.drrashel-bbg.com\/wp-content\/uploads\/2026\/01\/DRL-1860-Hyaluronic-acid-Super-serum-Details-08.webp\" alt=\"\" width=\"1000\" height=\"1586\" srcset=\"https:\/\/www.drrashel-bbg.com\/wp-content\/uploads\/2026\/01\/DRL-1860-Hyaluronic-acid-Super-serum-Details-08.webp 790w, https:\/\/www.drrashel-bbg.com\/wp-content\/uploads\/2026\/01\/DRL-1860-Hyaluronic-acid-Super-serum-Details-08-189x300.webp 189w, https:\/\/www.drrashel-bbg.com\/wp-content\/uploads\/2026\/01\/DRL-1860-Hyaluronic-acid-Super-serum-Details-08-646x1024.webp 646w, https:\/\/www.drrashel-bbg.com\/wp-content\/uploads\/2026\/01\/DRL-1860-Hyaluronic-acid-Super-serum-Details-08-768x1218.webp 768w, https:\/\/www.drrashel-bbg.com\/wp-content\/uploads\/2026\/01\/DRL-1860-Hyaluronic-acid-Super-serum-Details-08-8x12.webp 8w, https:\/\/www.drrashel-bbg.com\/wp-content\/uploads\/2026\/01\/DRL-1860-Hyaluronic-acid-Super-serum-Details-08-600x952.webp 600w\" sizes=\"(max-width: 1000px) 100vw, 1000px\" \/> <img loading=\"lazy\" decoding=\"async\" class=\"aligncenter wp-image-5226\" src=\"https:\/\/www.drrashel-bbg.com\/wp-content\/uploads\/2026\/01\/DRL-1860-Hyaluronic-acid-Super-serum-Details-09.webp\" alt=\"\" width=\"1000\" height=\"1399\" srcset=\"https:\/\/www.drrashel-bbg.com\/wp-content\/uploads\/2026\/01\/DRL-1860-Hyaluronic-acid-Super-serum-Details-09.webp 790w, https:\/\/www.drrashel-bbg.com\/wp-content\/uploads\/2026\/01\/DRL-1860-Hyaluronic-acid-Super-serum-Details-09-214x300.webp 214w, https:\/\/www.drrashel-bbg.com\/wp-content\/uploads\/2026\/01\/DRL-1860-Hyaluronic-acid-Super-serum-Details-09-732x1024.webp 732w, https:\/\/www.drrashel-bbg.com\/wp-content\/uploads\/2026\/01\/DRL-1860-Hyaluronic-acid-Super-serum-Details-09-768x1074.webp 768w, https:\/\/www.drrashel-bbg.com\/wp-content\/uploads\/2026\/01\/DRL-1860-Hyaluronic-acid-Super-serum-Details-09-9x12.webp 9w, https:\/\/www.drrashel-bbg.com\/wp-content\/uploads\/2026\/01\/DRL-1860-Hyaluronic-acid-Super-serum-Details-09-600x839.webp 600w\" sizes=\"(max-width: 1000px) 100vw, 1000px\" \/><\/p>\n<p>Beneficis del producte:<\/p>\n<p>L'\u00e0cid hialur\u00f2nic ultrapur i altament professional, ajuda a atrapar la humitat a la superf\u00edcie de la pell, fent que la pell es senti m\u00e9s plena, m\u00e9s sana i m\u00e9s hidratada. El nostre s\u00faper s\u00e8rum d'\u00e0cid hialur\u00f2nic refor\u00e7a la pell per ajudar a resistir els signes d'envelliment, alhora que augmenta la radiaci\u00f3 i alisa les l\u00ednies fines. Nutrient cada polzada de pell, adequat per a tots els tipus de pell, proporcionant una capa hidratant b\u00e0sica lleugera.<\/p>\n<p>Com utilitzar:<\/p>\n<p>Utilitzat en la pell netejada, distribu\u00efr 3-4 gotes sobre la pell de la cara i el coll, comen\u00e7ant des del centre de la cara i treballant el seu cam\u00ed de sortida, i massatge suaument fins a ser totalment absorbit, utilitzat cada mat\u00ed i nit, sol o abans del seu hidratant.<\/p>\n<p>Adverten\u00e7a: Nom\u00e9s per a \u00fas extern, mantenir-lo en un lloc sec i fresc, evitar el contacte directe amb els ulls, si es produeix contacte, esborrar b\u00e9 amb aigua. Si es produeix irritaci\u00f3, deixeu d'utilitzar. Mantingui-lo fora de l'abast dels nens.<\/p>\n<p>Introducci\u00f3 de la marca:<\/p>\n<p>DR\u00b7RASHEL va ser fundada el 1989 pel senyor BAKRI, un mestre de cura de la pell, amb trenta anys d'experi\u00e8ncia en productes. Centrat en la salut, el senyor BAKRI va desenvolupar f\u00f3rmules precises per als ingredients naturals per maximitzar la salut de la pell i la radiaci\u00f3 vibrant, un principi aplicat en l'\u00e0mplia gamma de productes de cura de la pell de DR\u00b7RASHEL.<\/p>\n<p>Els productes DR\u00b7RASHEL es distribueixen per tot el m\u00f3n i s\u00f3n rebuts per clients en cinc continents, m\u00e9s espec\u00edficament, a l'Orient Mitj\u00e0, Am\u00e8rica del Sud i Europa.<\/p>\n<p>Exportem a m\u00e9s de 100 pa\u00efsos, incloent els Emirats \u00c0rabs Units, R\u00fassia, Am\u00e8rica, M\u00e8xic, Austr\u00e0lia, Ar\u00e0bia Saudita, Brasil, \u00cdndia i Sud-\u00e0frica.<\/p>\n<p>Tenim ISO, GMPC American European Union Internacional autorit\u00e0ria doble certificaci\u00f3, avan\u00e7ada R &amp; amp; D equip de prova, milers de f\u00f3rmules madures i equip de vendes d'alta efici\u00e8ncia i superioritat de preu competitiu. Les nostres categories de productes s\u00f3n: productes de cura de la pell, productes de maquillatge, productes de rentat i cura.<\/p>","protected":false},"excerpt":{"rendered":"<p>L'\u00e0cid hialur\u00f2nic ultrapur i altament professional, ajuda a atrapar la humitat a la superf\u00edcie de la pell, fent que la pell es senti m\u00e9s plena, m\u00e9s sana i m\u00e9s hidratada. El nostre s\u00faper s\u00e8rum d'\u00e0cid hialur\u00f2nic refor\u00e7a la pell per ajudar a resistir els signes d'envelliment, alhora que augmenta la radiaci\u00f3 i alisa les l\u00ednies fines. Nutrient cada polzada de pell, adequat per a tots els tipus de pell, proporcionant una capa hidratant b\u00e0sica lleugera.<\/p>\n<p>Ingredients i tecnologies principals: Aqua, butilen glicol, hialuronat de sodi, 1,2-hexanediol, hidroxiacetofenona, carbon\u00f2mer, polimer incrustat d'hialuronat de sodi, hialuronat de sodi hidrolitzat, hialuronat acetilat de sodi, hialuronat d'hidroxipropiltrimoni<\/p>\n<p>N\u00famero de s\u00e8rie: DRL-1860<\/p>\n<p>Tipus de pell aplicable: Adequat per a tots els tipus de pell, especialment aquells amb to de pell opac i desigual.<\/p>\n<p>Capacitat del producte: 50ml<\/p>","protected":false},"featured_media":5102,"comment_status":"closed","ping_status":"closed","template":"","meta":[],"product_brand":[],"product_cat":[15,115],"product_tag":[],"class_list":{"0":"post-5101","1":"product","2":"type-product","3":"status-publish","4":"has-post-thumbnail","6":"product_cat-face-care","7":"product_cat-serum-essences","9":"first","10":"instock","11":"shipping-taxable","12":"product-type-simple"},"_links":{"self":[{"href":"https:\/\/www.drrashel-bbg.com\/fr\/wp-json\/wp\/v2\/product\/5101","targetHints":{"allow":["GET"]}}],"collection":[{"href":"https:\/\/www.drrashel-bbg.com\/fr\/wp-json\/wp\/v2\/product"}],"about":[{"href":"https:\/\/www.drrashel-bbg.com\/fr\/wp-json\/wp\/v2\/types\/product"}],"replies":[{"embeddable":true,"href":"https:\/\/www.drrashel-bbg.com\/fr\/wp-json\/wp\/v2\/comments?post=5101"}],"wp:featuredmedia":[{"embeddable":true,"href":"https:\/\/www.drrashel-bbg.com\/fr\/wp-json\/wp\/v2\/media\/5102"}],"wp:attachment":[{"href":"https:\/\/www.drrashel-bbg.com\/fr\/wp-json\/wp\/v2\/media?parent=5101"}],"wp:term":[{"taxonomy":"product_brand","embeddable":true,"href":"https:\/\/www.drrashel-bbg.com\/fr\/wp-json\/wp\/v2\/product_brand?post=5101"},{"taxonomy":"product_cat","embeddable":true,"href":"https:\/\/www.drrashel-bbg.com\/fr\/wp-json\/wp\/v2\/product_cat?post=5101"},{"taxonomy":"product_tag","embeddable":true,"href":"https:\/\/www.drrashel-bbg.com\/fr\/wp-json\/wp\/v2\/product_tag?post=5101"}],"curies":[{"name":"wp","href":"https:\/\/api.w.org\/{rel}","templated":true}]}}