{"id":5124,"date":"2026-01-10T10:50:09","date_gmt":"2026-01-10T02:50:09","guid":{"rendered":"https:\/\/www.drrashel-bbg.com\/?post_type=product&#038;p=5124"},"modified":"2026-01-15T13:19:47","modified_gmt":"2026-01-15T05:19:47","slug":"glycolic-acid-super-serum","status":"publish","type":"product","link":"https:\/\/www.drrashel-bbg.com\/fr\/serum-essences\/glycolic-acid-super-serum\/","title":{"rendered":"S\u00faper s\u00e8rum d' \u00e0cid glic\u00f2lic"},"content":{"rendered":"<p><img fetchpriority=\"high\" decoding=\"async\" class=\"alignnone size-full wp-image-5366\" src=\"https:\/\/www.drrashel-bbg.com\/wp-content\/uploads\/2026\/01\/DRL-1862-Glycolic-Acid-Super-Serum-Details-01.webp\" alt=\"\" width=\"790\" height=\"1251\" srcset=\"https:\/\/www.drrashel-bbg.com\/wp-content\/uploads\/2026\/01\/DRL-1862-Glycolic-Acid-Super-Serum-Details-01.webp 790w, https:\/\/www.drrashel-bbg.com\/wp-content\/uploads\/2026\/01\/DRL-1862-Glycolic-Acid-Super-Serum-Details-01-189x300.webp 189w, https:\/\/www.drrashel-bbg.com\/wp-content\/uploads\/2026\/01\/DRL-1862-Glycolic-Acid-Super-Serum-Details-01-647x1024.webp 647w, https:\/\/www.drrashel-bbg.com\/wp-content\/uploads\/2026\/01\/DRL-1862-Glycolic-Acid-Super-Serum-Details-01-768x1216.webp 768w, https:\/\/www.drrashel-bbg.com\/wp-content\/uploads\/2026\/01\/DRL-1862-Glycolic-Acid-Super-Serum-Details-01-8x12.webp 8w, https:\/\/www.drrashel-bbg.com\/wp-content\/uploads\/2026\/01\/DRL-1862-Glycolic-Acid-Super-Serum-Details-01-600x950.webp 600w\" sizes=\"(max-width: 790px) 100vw, 790px\" \/> <img decoding=\"async\" class=\"alignnone size-full wp-image-5367\" src=\"https:\/\/www.drrashel-bbg.com\/wp-content\/uploads\/2026\/01\/DRL-1862-Glycolic-Acid-Super-Serum-Details-02.webp\" alt=\"\" width=\"790\" height=\"993\" srcset=\"https:\/\/www.drrashel-bbg.com\/wp-content\/uploads\/2026\/01\/DRL-1862-Glycolic-Acid-Super-Serum-Details-02.webp 790w, https:\/\/www.drrashel-bbg.com\/wp-content\/uploads\/2026\/01\/DRL-1862-Glycolic-Acid-Super-Serum-Details-02-239x300.webp 239w, https:\/\/www.drrashel-bbg.com\/wp-content\/uploads\/2026\/01\/DRL-1862-Glycolic-Acid-Super-Serum-Details-02-768x965.webp 768w, https:\/\/www.drrashel-bbg.com\/wp-content\/uploads\/2026\/01\/DRL-1862-Glycolic-Acid-Super-Serum-Details-02-10x12.webp 10w, https:\/\/www.drrashel-bbg.com\/wp-content\/uploads\/2026\/01\/DRL-1862-Glycolic-Acid-Super-Serum-Details-02-600x754.webp 600w\" sizes=\"(max-width: 790px) 100vw, 790px\" \/> <img decoding=\"async\" class=\"alignnone size-full wp-image-5368\" src=\"https:\/\/www.drrashel-bbg.com\/wp-content\/uploads\/2026\/01\/DRL-1862-Glycolic-Acid-Super-Serum-Details-03.webp\" alt=\"\" width=\"790\" height=\"1258\" srcset=\"https:\/\/www.drrashel-bbg.com\/wp-content\/uploads\/2026\/01\/DRL-1862-Glycolic-Acid-Super-Serum-Details-03.webp 790w, https:\/\/www.drrashel-bbg.com\/wp-content\/uploads\/2026\/01\/DRL-1862-Glycolic-Acid-Super-Serum-Details-03-188x300.webp 188w, https:\/\/www.drrashel-bbg.com\/wp-content\/uploads\/2026\/01\/DRL-1862-Glycolic-Acid-Super-Serum-Details-03-643x1024.webp 643w, https:\/\/www.drrashel-bbg.com\/wp-content\/uploads\/2026\/01\/DRL-1862-Glycolic-Acid-Super-Serum-Details-03-768x1223.webp 768w, https:\/\/www.drrashel-bbg.com\/wp-content\/uploads\/2026\/01\/DRL-1862-Glycolic-Acid-Super-Serum-Details-03-8x12.webp 8w, https:\/\/www.drrashel-bbg.com\/wp-content\/uploads\/2026\/01\/DRL-1862-Glycolic-Acid-Super-Serum-Details-03-600x955.webp 600w\" sizes=\"(max-width: 790px) 100vw, 790px\" \/> <img loading=\"lazy\" decoding=\"async\" class=\"alignnone size-full wp-image-5369\" src=\"https:\/\/www.drrashel-bbg.com\/wp-content\/uploads\/2026\/01\/DRL-1862-Glycolic-Acid-Super-Serum-Details-04.webp\" alt=\"\" width=\"790\" height=\"1187\" srcset=\"https:\/\/www.drrashel-bbg.com\/wp-content\/uploads\/2026\/01\/DRL-1862-Glycolic-Acid-Super-Serum-Details-04.webp 790w, https:\/\/www.drrashel-bbg.com\/wp-content\/uploads\/2026\/01\/DRL-1862-Glycolic-Acid-Super-Serum-Details-04-200x300.webp 200w, https:\/\/www.drrashel-bbg.com\/wp-content\/uploads\/2026\/01\/DRL-1862-Glycolic-Acid-Super-Serum-Details-04-682x1024.webp 682w, https:\/\/www.drrashel-bbg.com\/wp-content\/uploads\/2026\/01\/DRL-1862-Glycolic-Acid-Super-Serum-Details-04-768x1154.webp 768w, https:\/\/www.drrashel-bbg.com\/wp-content\/uploads\/2026\/01\/DRL-1862-Glycolic-Acid-Super-Serum-Details-04-8x12.webp 8w, https:\/\/www.drrashel-bbg.com\/wp-content\/uploads\/2026\/01\/DRL-1862-Glycolic-Acid-Super-Serum-Details-04-600x902.webp 600w\" sizes=\"(max-width: 790px) 100vw, 790px\" \/> <img loading=\"lazy\" decoding=\"async\" class=\"alignnone size-full wp-image-5370\" src=\"https:\/\/www.drrashel-bbg.com\/wp-content\/uploads\/2026\/01\/DRL-1862-Glycolic-Acid-Super-Serum-Details-05.webp\" alt=\"\" width=\"790\" height=\"1235\" srcset=\"https:\/\/www.drrashel-bbg.com\/wp-content\/uploads\/2026\/01\/DRL-1862-Glycolic-Acid-Super-Serum-Details-05.webp 790w, https:\/\/www.drrashel-bbg.com\/wp-content\/uploads\/2026\/01\/DRL-1862-Glycolic-Acid-Super-Serum-Details-05-192x300.webp 192w, https:\/\/www.drrashel-bbg.com\/wp-content\/uploads\/2026\/01\/DRL-1862-Glycolic-Acid-Super-Serum-Details-05-655x1024.webp 655w, https:\/\/www.drrashel-bbg.com\/wp-content\/uploads\/2026\/01\/DRL-1862-Glycolic-Acid-Super-Serum-Details-05-768x1201.webp 768w, https:\/\/www.drrashel-bbg.com\/wp-content\/uploads\/2026\/01\/DRL-1862-Glycolic-Acid-Super-Serum-Details-05-8x12.webp 8w, https:\/\/www.drrashel-bbg.com\/wp-content\/uploads\/2026\/01\/DRL-1862-Glycolic-Acid-Super-Serum-Details-05-600x938.webp 600w\" sizes=\"(max-width: 790px) 100vw, 790px\" \/> <img loading=\"lazy\" decoding=\"async\" class=\"alignnone size-full wp-image-5371\" src=\"https:\/\/www.drrashel-bbg.com\/wp-content\/uploads\/2026\/01\/DRL-1862-Glycolic-Acid-Super-Serum-Details-06.webp\" alt=\"\" width=\"790\" height=\"1225\" srcset=\"https:\/\/www.drrashel-bbg.com\/wp-content\/uploads\/2026\/01\/DRL-1862-Glycolic-Acid-Super-Serum-Details-06.webp 790w, https:\/\/www.drrashel-bbg.com\/wp-content\/uploads\/2026\/01\/DRL-1862-Glycolic-Acid-Super-Serum-Details-06-193x300.webp 193w, https:\/\/www.drrashel-bbg.com\/wp-content\/uploads\/2026\/01\/DRL-1862-Glycolic-Acid-Super-Serum-Details-06-660x1024.webp 660w, https:\/\/www.drrashel-bbg.com\/wp-content\/uploads\/2026\/01\/DRL-1862-Glycolic-Acid-Super-Serum-Details-06-768x1191.webp 768w, https:\/\/www.drrashel-bbg.com\/wp-content\/uploads\/2026\/01\/DRL-1862-Glycolic-Acid-Super-Serum-Details-06-8x12.webp 8w, https:\/\/www.drrashel-bbg.com\/wp-content\/uploads\/2026\/01\/DRL-1862-Glycolic-Acid-Super-Serum-Details-06-600x930.webp 600w\" sizes=\"(max-width: 790px) 100vw, 790px\" \/> <img loading=\"lazy\" decoding=\"async\" class=\"alignnone size-full wp-image-5372\" src=\"https:\/\/www.drrashel-bbg.com\/wp-content\/uploads\/2026\/01\/DRL-1862-Glycolic-Acid-Super-Serum-Details-07.webp\" alt=\"\" width=\"790\" height=\"1500\" srcset=\"https:\/\/www.drrashel-bbg.com\/wp-content\/uploads\/2026\/01\/DRL-1862-Glycolic-Acid-Super-Serum-Details-07.webp 790w, https:\/\/www.drrashel-bbg.com\/wp-content\/uploads\/2026\/01\/DRL-1862-Glycolic-Acid-Super-Serum-Details-07-158x300.webp 158w, https:\/\/www.drrashel-bbg.com\/wp-content\/uploads\/2026\/01\/DRL-1862-Glycolic-Acid-Super-Serum-Details-07-539x1024.webp 539w, https:\/\/www.drrashel-bbg.com\/wp-content\/uploads\/2026\/01\/DRL-1862-Glycolic-Acid-Super-Serum-Details-07-768x1458.webp 768w, https:\/\/www.drrashel-bbg.com\/wp-content\/uploads\/2026\/01\/DRL-1862-Glycolic-Acid-Super-Serum-Details-07-6x12.webp 6w, https:\/\/www.drrashel-bbg.com\/wp-content\/uploads\/2026\/01\/DRL-1862-Glycolic-Acid-Super-Serum-Details-07-600x1139.webp 600w\" sizes=\"(max-width: 790px) 100vw, 790px\" \/> <img loading=\"lazy\" decoding=\"async\" class=\"alignnone size-full wp-image-5373\" src=\"https:\/\/www.drrashel-bbg.com\/wp-content\/uploads\/2026\/01\/DRL-1862-Glycolic-Acid-Super-Serum-Details-08.webp\" alt=\"\" width=\"790\" height=\"1353\" srcset=\"https:\/\/www.drrashel-bbg.com\/wp-content\/uploads\/2026\/01\/DRL-1862-Glycolic-Acid-Super-Serum-Details-08.webp 790w, https:\/\/www.drrashel-bbg.com\/wp-content\/uploads\/2026\/01\/DRL-1862-Glycolic-Acid-Super-Serum-Details-08-175x300.webp 175w, https:\/\/www.drrashel-bbg.com\/wp-content\/uploads\/2026\/01\/DRL-1862-Glycolic-Acid-Super-Serum-Details-08-598x1024.webp 598w, https:\/\/www.drrashel-bbg.com\/wp-content\/uploads\/2026\/01\/DRL-1862-Glycolic-Acid-Super-Serum-Details-08-768x1315.webp 768w, https:\/\/www.drrashel-bbg.com\/wp-content\/uploads\/2026\/01\/DRL-1862-Glycolic-Acid-Super-Serum-Details-08-7x12.webp 7w, https:\/\/www.drrashel-bbg.com\/wp-content\/uploads\/2026\/01\/DRL-1862-Glycolic-Acid-Super-Serum-Details-08-600x1028.webp 600w\" sizes=\"(max-width: 790px) 100vw, 790px\" \/> <img loading=\"lazy\" decoding=\"async\" class=\"alignnone size-full wp-image-5374\" src=\"https:\/\/www.drrashel-bbg.com\/wp-content\/uploads\/2026\/01\/DRL-1862-Glycolic-Acid-Super-Serum-Details-09.webp\" alt=\"\" width=\"790\" height=\"1116\" srcset=\"https:\/\/www.drrashel-bbg.com\/wp-content\/uploads\/2026\/01\/DRL-1862-Glycolic-Acid-Super-Serum-Details-09.webp 790w, https:\/\/www.drrashel-bbg.com\/wp-content\/uploads\/2026\/01\/DRL-1862-Glycolic-Acid-Super-Serum-Details-09-212x300.webp 212w, https:\/\/www.drrashel-bbg.com\/wp-content\/uploads\/2026\/01\/DRL-1862-Glycolic-Acid-Super-Serum-Details-09-725x1024.webp 725w, https:\/\/www.drrashel-bbg.com\/wp-content\/uploads\/2026\/01\/DRL-1862-Glycolic-Acid-Super-Serum-Details-09-768x1085.webp 768w, https:\/\/www.drrashel-bbg.com\/wp-content\/uploads\/2026\/01\/DRL-1862-Glycolic-Acid-Super-Serum-Details-09-8x12.webp 8w, https:\/\/www.drrashel-bbg.com\/wp-content\/uploads\/2026\/01\/DRL-1862-Glycolic-Acid-Super-Serum-Details-09-600x848.webp 600w\" sizes=\"(max-width: 790px) 100vw, 790px\" \/> <img loading=\"lazy\" decoding=\"async\" class=\"alignnone size-full wp-image-5377\" src=\"https:\/\/www.drrashel-bbg.com\/wp-content\/uploads\/2026\/01\/DRL-1862-Glycolic-Acid-Super-Serum-Details-10.webp\" alt=\"\" width=\"790\" height=\"992\" srcset=\"https:\/\/www.drrashel-bbg.com\/wp-content\/uploads\/2026\/01\/DRL-1862-Glycolic-Acid-Super-Serum-Details-10.webp 790w, https:\/\/www.drrashel-bbg.com\/wp-content\/uploads\/2026\/01\/DRL-1862-Glycolic-Acid-Super-Serum-Details-10-239x300.webp 239w, https:\/\/www.drrashel-bbg.com\/wp-content\/uploads\/2026\/01\/DRL-1862-Glycolic-Acid-Super-Serum-Details-10-768x964.webp 768w, https:\/\/www.drrashel-bbg.com\/wp-content\/uploads\/2026\/01\/DRL-1862-Glycolic-Acid-Super-Serum-Details-10-10x12.webp 10w, https:\/\/www.drrashel-bbg.com\/wp-content\/uploads\/2026\/01\/DRL-1862-Glycolic-Acid-Super-Serum-Details-10-600x753.webp 600w\" sizes=\"(max-width: 790px) 100vw, 790px\" \/> <img loading=\"lazy\" decoding=\"async\" class=\"alignnone size-full wp-image-5378\" src=\"https:\/\/www.drrashel-bbg.com\/wp-content\/uploads\/2026\/01\/DRL-1862-Glycolic-Acid-Super-Serum-Details-11.webp\" alt=\"\" width=\"790\" height=\"1461\" srcset=\"https:\/\/www.drrashel-bbg.com\/wp-content\/uploads\/2026\/01\/DRL-1862-Glycolic-Acid-Super-Serum-Details-11.webp 790w, https:\/\/www.drrashel-bbg.com\/wp-content\/uploads\/2026\/01\/DRL-1862-Glycolic-Acid-Super-Serum-Details-11-162x300.webp 162w, https:\/\/www.drrashel-bbg.com\/wp-content\/uploads\/2026\/01\/DRL-1862-Glycolic-Acid-Super-Serum-Details-11-554x1024.webp 554w, https:\/\/www.drrashel-bbg.com\/wp-content\/uploads\/2026\/01\/DRL-1862-Glycolic-Acid-Super-Serum-Details-11-768x1420.webp 768w, https:\/\/www.drrashel-bbg.com\/wp-content\/uploads\/2026\/01\/DRL-1862-Glycolic-Acid-Super-Serum-Details-11-6x12.webp 6w, https:\/\/www.drrashel-bbg.com\/wp-content\/uploads\/2026\/01\/DRL-1862-Glycolic-Acid-Super-Serum-Details-11-600x1110.webp 600w\" sizes=\"(max-width: 790px) 100vw, 790px\" \/> <img loading=\"lazy\" decoding=\"async\" class=\"alignnone size-full wp-image-5380\" src=\"https:\/\/www.drrashel-bbg.com\/wp-content\/uploads\/2026\/01\/DRL-1862-Glycolic-Acid-Super-Serum-Details-12.webp\" alt=\"\" width=\"790\" height=\"851\" srcset=\"https:\/\/www.drrashel-bbg.com\/wp-content\/uploads\/2026\/01\/DRL-1862-Glycolic-Acid-Super-Serum-Details-12.webp 790w, https:\/\/www.drrashel-bbg.com\/wp-content\/uploads\/2026\/01\/DRL-1862-Glycolic-Acid-Super-Serum-Details-12-278x300.webp 278w, https:\/\/www.drrashel-bbg.com\/wp-content\/uploads\/2026\/01\/DRL-1862-Glycolic-Acid-Super-Serum-Details-12-768x827.webp 768w, https:\/\/www.drrashel-bbg.com\/wp-content\/uploads\/2026\/01\/DRL-1862-Glycolic-Acid-Super-Serum-Details-12-11x12.webp 11w, https:\/\/www.drrashel-bbg.com\/wp-content\/uploads\/2026\/01\/DRL-1862-Glycolic-Acid-Super-Serum-Details-12-600x646.webp 600w\" sizes=\"(max-width: 790px) 100vw, 790px\" \/><\/p>\n<p>Beneficis del producte:<\/p>\n<p>Efectes resurfaciants exfoliant lleugerament la pell. \u00c9s altament efica\u00e7 en sloughing lluny textura de la pell rugosa i encombrada, deixant la seva pell brillant amb radiaci\u00f3<\/p>\n<p>Com utilitzar:<\/p>\n<p>Utilitza nom\u00e9s a la nit sobre la pell neta una vegada al dia abans d'anar a dormir. Utilitza 2-3 vegades a la setmana si tens pell sensible. Massatge de dues a tres gotes a la cara i el coll despr\u00e9s de netejar, i abans de hidratant. No es renta. Permet que el s\u00e8rum s'absorbi abans d'aplicar cremes hidratants.<\/p>\n<p>Av\u00eds:<\/p>\n<p>Utilitzar-lo nom\u00e9s com s'ha indicat en la pell intacta. No es combinen amb altres \u00e0cids i retinol. Aquest producte cont\u00e9 un alfa hidroxi\u00e0cid (AHA) que pot augmentar la pell&#8217; Sensibilitat al sol. Durant el dia, sempre apliqueu un protector solar mentre utilitzeu aquest producte i durant una setmana despr\u00e9s.<\/p>\n<p>&nbsp;<\/p>\n<p>Introducci\u00f3 de la marca:<\/p>\n<p>DR\u00b7RASHEL va ser fundada el 1989 pel senyor BAKRI, un mestre de cura de la pell, amb trenta anys d'experi\u00e8ncia en productes. Centrat en la salut, el senyor BAKRI va desenvolupar f\u00f3rmules precises per als ingredients naturals per maximitzar la salut de la pell i la radiaci\u00f3 vibrant, un principi aplicat en l'\u00e0mplia gamma de productes de cura de la pell de DR\u00b7RASHEL.<\/p>\n<p>Els productes DR\u00b7RASHEL es distribueixen per tot el m\u00f3n i s\u00f3n rebuts per clients en cinc continents, m\u00e9s espec\u00edficament, a l'Orient Mitj\u00e0, Am\u00e8rica del Sud i Europa.<\/p>\n<p>Exportem a m\u00e9s de 100 pa\u00efsos, incloent els Emirats \u00c0rabs Units, R\u00fassia, Am\u00e8rica, M\u00e8xic, Austr\u00e0lia, Ar\u00e0bia Saudita, Brasil, \u00cdndia i Sud-\u00e0frica.<\/p>\n<p>Tenim ISO, GMPC American European Union Internacional autorit\u00e0ria doble certificaci\u00f3, avan\u00e7ada R &amp; amp; D equip de prova, milers de f\u00f3rmules madures i equip de vendes d'alta efici\u00e8ncia i superioritat de preu competitiu. Les nostres categories de productes s\u00f3n: productes de cura de la pell, productes de maquillatge, productes de rentat i cura.<\/p>","protected":false},"excerpt":{"rendered":"<p>Descobreix una pell m\u00e9s jove i bonica amb aquest s\u00faper s\u00e8rum d'\u00e0cid glic\u00f2lic. Aquest s\u00e8rum facial d'\u00e0cid glic\u00f2lic t\u00e9 efectes de resurfaciaci\u00f3 exfoliant lleugerament la pell. \u00c9s altament efica\u00e7 en eliminar la textura de la pell rugosa i encombrada, deixant la pell brillant amb radiaci\u00f3.<\/p>\n<p>INGREDIENTS COMPLETS: Aqua, butilen glicol, \u00e0cid glic\u00f2lic, hidr\u00f2xid de sodi, hidroxietilcel\u00b7lulosa, fenoxietanol<\/p>\n<p>N\u00famero de s\u00e8rie: DRL-1862<\/p>\n<p>Tipus de pell aplicable: Adequat per a tots els tipus de pell, especialment aquells amb to de pell opac i desigual.<\/p>\n<p>Capacitat del producte: 50ml<\/p>","protected":false},"featured_media":5125,"comment_status":"closed","ping_status":"closed","template":"","meta":[],"product_brand":[],"product_cat":[15,115],"product_tag":[],"class_list":{"0":"post-5124","1":"product","2":"type-product","3":"status-publish","4":"has-post-thumbnail","6":"product_cat-face-care","7":"product_cat-serum-essences","9":"first","10":"instock","11":"shipping-taxable","12":"product-type-simple"},"_links":{"self":[{"href":"https:\/\/www.drrashel-bbg.com\/fr\/wp-json\/wp\/v2\/product\/5124","targetHints":{"allow":["GET"]}}],"collection":[{"href":"https:\/\/www.drrashel-bbg.com\/fr\/wp-json\/wp\/v2\/product"}],"about":[{"href":"https:\/\/www.drrashel-bbg.com\/fr\/wp-json\/wp\/v2\/types\/product"}],"replies":[{"embeddable":true,"href":"https:\/\/www.drrashel-bbg.com\/fr\/wp-json\/wp\/v2\/comments?post=5124"}],"wp:featuredmedia":[{"embeddable":true,"href":"https:\/\/www.drrashel-bbg.com\/fr\/wp-json\/wp\/v2\/media\/5125"}],"wp:attachment":[{"href":"https:\/\/www.drrashel-bbg.com\/fr\/wp-json\/wp\/v2\/media?parent=5124"}],"wp:term":[{"taxonomy":"product_brand","embeddable":true,"href":"https:\/\/www.drrashel-bbg.com\/fr\/wp-json\/wp\/v2\/product_brand?post=5124"},{"taxonomy":"product_cat","embeddable":true,"href":"https:\/\/www.drrashel-bbg.com\/fr\/wp-json\/wp\/v2\/product_cat?post=5124"},{"taxonomy":"product_tag","embeddable":true,"href":"https:\/\/www.drrashel-bbg.com\/fr\/wp-json\/wp\/v2\/product_tag?post=5124"}],"curies":[{"name":"wp","href":"https:\/\/api.w.org\/{rel}","templated":true}]}}