{"id":5138,"date":"2026-01-10T10:53:23","date_gmt":"2026-01-10T02:53:23","guid":{"rendered":"https:\/\/www.drrashel-bbg.com\/?post_type=product&#038;p=5138"},"modified":"2026-01-15T15:06:16","modified_gmt":"2026-01-15T07:06:16","slug":"ceramide-b5-super-serum","status":"publish","type":"product","link":"https:\/\/www.drrashel-bbg.com\/fr\/serum-essences\/ceramide-b5-super-serum\/","title":{"rendered":"Ceramida B5 s\u00faper s\u00e8rum"},"content":{"rendered":"<p><img fetchpriority=\"high\" decoding=\"async\" class=\"alignnone size-full wp-image-5441\" src=\"https:\/\/www.drrashel-bbg.com\/wp-content\/uploads\/2026\/01\/DRL-1863-Ceramide-B5-Super-Serum-Details-01-1.webp\" alt=\"\" width=\"790\" height=\"1183\" srcset=\"https:\/\/www.drrashel-bbg.com\/wp-content\/uploads\/2026\/01\/DRL-1863-Ceramide-B5-Super-Serum-Details-01-1.webp 790w, https:\/\/www.drrashel-bbg.com\/wp-content\/uploads\/2026\/01\/DRL-1863-Ceramide-B5-Super-Serum-Details-01-1-200x300.webp 200w, https:\/\/www.drrashel-bbg.com\/wp-content\/uploads\/2026\/01\/DRL-1863-Ceramide-B5-Super-Serum-Details-01-1-684x1024.webp 684w, https:\/\/www.drrashel-bbg.com\/wp-content\/uploads\/2026\/01\/DRL-1863-Ceramide-B5-Super-Serum-Details-01-1-768x1150.webp 768w, https:\/\/www.drrashel-bbg.com\/wp-content\/uploads\/2026\/01\/DRL-1863-Ceramide-B5-Super-Serum-Details-01-1-8x12.webp 8w, https:\/\/www.drrashel-bbg.com\/wp-content\/uploads\/2026\/01\/DRL-1863-Ceramide-B5-Super-Serum-Details-01-1-600x898.webp 600w\" sizes=\"(max-width: 790px) 100vw, 790px\" \/> <img decoding=\"async\" class=\"alignnone size-full wp-image-5442\" src=\"https:\/\/www.drrashel-bbg.com\/wp-content\/uploads\/2026\/01\/DRL-1863-Ceramide-B5-Super-Serum-Details-02.webp\" alt=\"\" width=\"790\" height=\"1143\" srcset=\"https:\/\/www.drrashel-bbg.com\/wp-content\/uploads\/2026\/01\/DRL-1863-Ceramide-B5-Super-Serum-Details-02.webp 790w, https:\/\/www.drrashel-bbg.com\/wp-content\/uploads\/2026\/01\/DRL-1863-Ceramide-B5-Super-Serum-Details-02-207x300.webp 207w, https:\/\/www.drrashel-bbg.com\/wp-content\/uploads\/2026\/01\/DRL-1863-Ceramide-B5-Super-Serum-Details-02-708x1024.webp 708w, https:\/\/www.drrashel-bbg.com\/wp-content\/uploads\/2026\/01\/DRL-1863-Ceramide-B5-Super-Serum-Details-02-768x1111.webp 768w, https:\/\/www.drrashel-bbg.com\/wp-content\/uploads\/2026\/01\/DRL-1863-Ceramide-B5-Super-Serum-Details-02-8x12.webp 8w, https:\/\/www.drrashel-bbg.com\/wp-content\/uploads\/2026\/01\/DRL-1863-Ceramide-B5-Super-Serum-Details-02-600x868.webp 600w\" sizes=\"(max-width: 790px) 100vw, 790px\" \/> <img decoding=\"async\" class=\"alignnone size-full wp-image-5443\" src=\"https:\/\/www.drrashel-bbg.com\/wp-content\/uploads\/2026\/01\/DRL-1863-Ceramide-B5-Super-Serum-Details-03.webp\" alt=\"\" width=\"790\" height=\"1377\" srcset=\"https:\/\/www.drrashel-bbg.com\/wp-content\/uploads\/2026\/01\/DRL-1863-Ceramide-B5-Super-Serum-Details-03.webp 790w, https:\/\/www.drrashel-bbg.com\/wp-content\/uploads\/2026\/01\/DRL-1863-Ceramide-B5-Super-Serum-Details-03-172x300.webp 172w, https:\/\/www.drrashel-bbg.com\/wp-content\/uploads\/2026\/01\/DRL-1863-Ceramide-B5-Super-Serum-Details-03-587x1024.webp 587w, https:\/\/www.drrashel-bbg.com\/wp-content\/uploads\/2026\/01\/DRL-1863-Ceramide-B5-Super-Serum-Details-03-768x1339.webp 768w, https:\/\/www.drrashel-bbg.com\/wp-content\/uploads\/2026\/01\/DRL-1863-Ceramide-B5-Super-Serum-Details-03-7x12.webp 7w, https:\/\/www.drrashel-bbg.com\/wp-content\/uploads\/2026\/01\/DRL-1863-Ceramide-B5-Super-Serum-Details-03-600x1046.webp 600w\" sizes=\"(max-width: 790px) 100vw, 790px\" \/> <img loading=\"lazy\" decoding=\"async\" class=\"alignnone size-full wp-image-5444\" src=\"https:\/\/www.drrashel-bbg.com\/wp-content\/uploads\/2026\/01\/DRL-1863-Ceramide-B5-Super-Serum-Details-04.webp\" alt=\"\" width=\"790\" height=\"1245\" srcset=\"https:\/\/www.drrashel-bbg.com\/wp-content\/uploads\/2026\/01\/DRL-1863-Ceramide-B5-Super-Serum-Details-04.webp 790w, https:\/\/www.drrashel-bbg.com\/wp-content\/uploads\/2026\/01\/DRL-1863-Ceramide-B5-Super-Serum-Details-04-190x300.webp 190w, https:\/\/www.drrashel-bbg.com\/wp-content\/uploads\/2026\/01\/DRL-1863-Ceramide-B5-Super-Serum-Details-04-650x1024.webp 650w, https:\/\/www.drrashel-bbg.com\/wp-content\/uploads\/2026\/01\/DRL-1863-Ceramide-B5-Super-Serum-Details-04-768x1210.webp 768w, https:\/\/www.drrashel-bbg.com\/wp-content\/uploads\/2026\/01\/DRL-1863-Ceramide-B5-Super-Serum-Details-04-8x12.webp 8w, https:\/\/www.drrashel-bbg.com\/wp-content\/uploads\/2026\/01\/DRL-1863-Ceramide-B5-Super-Serum-Details-04-600x946.webp 600w\" sizes=\"(max-width: 790px) 100vw, 790px\" \/> <img loading=\"lazy\" decoding=\"async\" class=\"alignnone size-full wp-image-5445\" src=\"https:\/\/www.drrashel-bbg.com\/wp-content\/uploads\/2026\/01\/DRL-1863-Ceramide-B5-Super-Serum-Details-05.webp\" alt=\"\" width=\"790\" height=\"1317\" srcset=\"https:\/\/www.drrashel-bbg.com\/wp-content\/uploads\/2026\/01\/DRL-1863-Ceramide-B5-Super-Serum-Details-05.webp 790w, https:\/\/www.drrashel-bbg.com\/wp-content\/uploads\/2026\/01\/DRL-1863-Ceramide-B5-Super-Serum-Details-05-180x300.webp 180w, https:\/\/www.drrashel-bbg.com\/wp-content\/uploads\/2026\/01\/DRL-1863-Ceramide-B5-Super-Serum-Details-05-614x1024.webp 614w, https:\/\/www.drrashel-bbg.com\/wp-content\/uploads\/2026\/01\/DRL-1863-Ceramide-B5-Super-Serum-Details-05-768x1280.webp 768w, https:\/\/www.drrashel-bbg.com\/wp-content\/uploads\/2026\/01\/DRL-1863-Ceramide-B5-Super-Serum-Details-05-7x12.webp 7w, https:\/\/www.drrashel-bbg.com\/wp-content\/uploads\/2026\/01\/DRL-1863-Ceramide-B5-Super-Serum-Details-05-600x1000.webp 600w\" sizes=\"(max-width: 790px) 100vw, 790px\" \/> <img loading=\"lazy\" decoding=\"async\" class=\"alignnone size-full wp-image-5446\" src=\"https:\/\/www.drrashel-bbg.com\/wp-content\/uploads\/2026\/01\/DRL-1863-Ceramide-B5-Super-Serum-Details-06.webp\" alt=\"\" width=\"790\" height=\"1397\" srcset=\"https:\/\/www.drrashel-bbg.com\/wp-content\/uploads\/2026\/01\/DRL-1863-Ceramide-B5-Super-Serum-Details-06.webp 790w, https:\/\/www.drrashel-bbg.com\/wp-content\/uploads\/2026\/01\/DRL-1863-Ceramide-B5-Super-Serum-Details-06-170x300.webp 170w, https:\/\/www.drrashel-bbg.com\/wp-content\/uploads\/2026\/01\/DRL-1863-Ceramide-B5-Super-Serum-Details-06-579x1024.webp 579w, https:\/\/www.drrashel-bbg.com\/wp-content\/uploads\/2026\/01\/DRL-1863-Ceramide-B5-Super-Serum-Details-06-768x1358.webp 768w, https:\/\/www.drrashel-bbg.com\/wp-content\/uploads\/2026\/01\/DRL-1863-Ceramide-B5-Super-Serum-Details-06-7x12.webp 7w, https:\/\/www.drrashel-bbg.com\/wp-content\/uploads\/2026\/01\/DRL-1863-Ceramide-B5-Super-Serum-Details-06-600x1061.webp 600w\" sizes=\"(max-width: 790px) 100vw, 790px\" \/> <img loading=\"lazy\" decoding=\"async\" class=\"alignnone size-full wp-image-5447\" src=\"https:\/\/www.drrashel-bbg.com\/wp-content\/uploads\/2026\/01\/DRL-1863-Ceramide-B5-Super-Serum-Details-07.webp\" alt=\"\" width=\"790\" height=\"1465\" srcset=\"https:\/\/www.drrashel-bbg.com\/wp-content\/uploads\/2026\/01\/DRL-1863-Ceramide-B5-Super-Serum-Details-07.webp 790w, https:\/\/www.drrashel-bbg.com\/wp-content\/uploads\/2026\/01\/DRL-1863-Ceramide-B5-Super-Serum-Details-07-162x300.webp 162w, https:\/\/www.drrashel-bbg.com\/wp-content\/uploads\/2026\/01\/DRL-1863-Ceramide-B5-Super-Serum-Details-07-552x1024.webp 552w, https:\/\/www.drrashel-bbg.com\/wp-content\/uploads\/2026\/01\/DRL-1863-Ceramide-B5-Super-Serum-Details-07-768x1424.webp 768w, https:\/\/www.drrashel-bbg.com\/wp-content\/uploads\/2026\/01\/DRL-1863-Ceramide-B5-Super-Serum-Details-07-6x12.webp 6w, https:\/\/www.drrashel-bbg.com\/wp-content\/uploads\/2026\/01\/DRL-1863-Ceramide-B5-Super-Serum-Details-07-600x1113.webp 600w\" sizes=\"(max-width: 790px) 100vw, 790px\" \/> <img loading=\"lazy\" decoding=\"async\" class=\"alignnone size-full wp-image-5448\" src=\"https:\/\/www.drrashel-bbg.com\/wp-content\/uploads\/2026\/01\/DRL-1863-Ceramide-B5-Super-Serum-Details-08.webp\" alt=\"\" width=\"790\" height=\"1230\" srcset=\"https:\/\/www.drrashel-bbg.com\/wp-content\/uploads\/2026\/01\/DRL-1863-Ceramide-B5-Super-Serum-Details-08.webp 790w, https:\/\/www.drrashel-bbg.com\/wp-content\/uploads\/2026\/01\/DRL-1863-Ceramide-B5-Super-Serum-Details-08-193x300.webp 193w, https:\/\/www.drrashel-bbg.com\/wp-content\/uploads\/2026\/01\/DRL-1863-Ceramide-B5-Super-Serum-Details-08-658x1024.webp 658w, https:\/\/www.drrashel-bbg.com\/wp-content\/uploads\/2026\/01\/DRL-1863-Ceramide-B5-Super-Serum-Details-08-768x1196.webp 768w, https:\/\/www.drrashel-bbg.com\/wp-content\/uploads\/2026\/01\/DRL-1863-Ceramide-B5-Super-Serum-Details-08-8x12.webp 8w, https:\/\/www.drrashel-bbg.com\/wp-content\/uploads\/2026\/01\/DRL-1863-Ceramide-B5-Super-Serum-Details-08-600x934.webp 600w\" sizes=\"(max-width: 790px) 100vw, 790px\" \/> <img loading=\"lazy\" decoding=\"async\" class=\"alignnone size-full wp-image-5449\" src=\"https:\/\/www.drrashel-bbg.com\/wp-content\/uploads\/2026\/01\/DRL-1863-Ceramide-B5-Super-Serum-Details-09.webp\" alt=\"\" width=\"790\" height=\"1123\" srcset=\"https:\/\/www.drrashel-bbg.com\/wp-content\/uploads\/2026\/01\/DRL-1863-Ceramide-B5-Super-Serum-Details-09.webp 790w, https:\/\/www.drrashel-bbg.com\/wp-content\/uploads\/2026\/01\/DRL-1863-Ceramide-B5-Super-Serum-Details-09-211x300.webp 211w, https:\/\/www.drrashel-bbg.com\/wp-content\/uploads\/2026\/01\/DRL-1863-Ceramide-B5-Super-Serum-Details-09-720x1024.webp 720w, https:\/\/www.drrashel-bbg.com\/wp-content\/uploads\/2026\/01\/DRL-1863-Ceramide-B5-Super-Serum-Details-09-768x1092.webp 768w, https:\/\/www.drrashel-bbg.com\/wp-content\/uploads\/2026\/01\/DRL-1863-Ceramide-B5-Super-Serum-Details-09-8x12.webp 8w, https:\/\/www.drrashel-bbg.com\/wp-content\/uploads\/2026\/01\/DRL-1863-Ceramide-B5-Super-Serum-Details-09-600x853.webp 600w\" sizes=\"(max-width: 790px) 100vw, 790px\" \/> <img loading=\"lazy\" decoding=\"async\" class=\"alignnone size-full wp-image-5450\" src=\"https:\/\/www.drrashel-bbg.com\/wp-content\/uploads\/2026\/01\/DRL-1863-Ceramide-B5-Super-Serum-Details-10.webp\" alt=\"\" width=\"790\" height=\"993\" srcset=\"https:\/\/www.drrashel-bbg.com\/wp-content\/uploads\/2026\/01\/DRL-1863-Ceramide-B5-Super-Serum-Details-10.webp 790w, https:\/\/www.drrashel-bbg.com\/wp-content\/uploads\/2026\/01\/DRL-1863-Ceramide-B5-Super-Serum-Details-10-239x300.webp 239w, https:\/\/www.drrashel-bbg.com\/wp-content\/uploads\/2026\/01\/DRL-1863-Ceramide-B5-Super-Serum-Details-10-768x965.webp 768w, https:\/\/www.drrashel-bbg.com\/wp-content\/uploads\/2026\/01\/DRL-1863-Ceramide-B5-Super-Serum-Details-10-10x12.webp 10w, https:\/\/www.drrashel-bbg.com\/wp-content\/uploads\/2026\/01\/DRL-1863-Ceramide-B5-Super-Serum-Details-10-600x754.webp 600w\" sizes=\"(max-width: 790px) 100vw, 790px\" \/> <img loading=\"lazy\" decoding=\"async\" class=\"alignnone size-full wp-image-5451\" src=\"https:\/\/www.drrashel-bbg.com\/wp-content\/uploads\/2026\/01\/DRL-1863-Ceramide-B5-Super-Serum-Details-11.webp\" alt=\"\" width=\"790\" height=\"667\" srcset=\"https:\/\/www.drrashel-bbg.com\/wp-content\/uploads\/2026\/01\/DRL-1863-Ceramide-B5-Super-Serum-Details-11.webp 790w, https:\/\/www.drrashel-bbg.com\/wp-content\/uploads\/2026\/01\/DRL-1863-Ceramide-B5-Super-Serum-Details-11-300x253.webp 300w, https:\/\/www.drrashel-bbg.com\/wp-content\/uploads\/2026\/01\/DRL-1863-Ceramide-B5-Super-Serum-Details-11-768x648.webp 768w, https:\/\/www.drrashel-bbg.com\/wp-content\/uploads\/2026\/01\/DRL-1863-Ceramide-B5-Super-Serum-Details-11-14x12.webp 14w, https:\/\/www.drrashel-bbg.com\/wp-content\/uploads\/2026\/01\/DRL-1863-Ceramide-B5-Super-Serum-Details-11-600x507.webp 600w\" sizes=\"(max-width: 790px) 100vw, 790px\" \/> <img loading=\"lazy\" decoding=\"async\" class=\"alignnone size-full wp-image-5452\" src=\"https:\/\/www.drrashel-bbg.com\/wp-content\/uploads\/2026\/01\/DRL-1863-Ceramide-B5-Super-Serum-Details-12.webp\" alt=\"\" width=\"790\" height=\"759\" srcset=\"https:\/\/www.drrashel-bbg.com\/wp-content\/uploads\/2026\/01\/DRL-1863-Ceramide-B5-Super-Serum-Details-12.webp 790w, https:\/\/www.drrashel-bbg.com\/wp-content\/uploads\/2026\/01\/DRL-1863-Ceramide-B5-Super-Serum-Details-12-300x288.webp 300w, https:\/\/www.drrashel-bbg.com\/wp-content\/uploads\/2026\/01\/DRL-1863-Ceramide-B5-Super-Serum-Details-12-768x738.webp 768w, https:\/\/www.drrashel-bbg.com\/wp-content\/uploads\/2026\/01\/DRL-1863-Ceramide-B5-Super-Serum-Details-12-12x12.webp 12w, https:\/\/www.drrashel-bbg.com\/wp-content\/uploads\/2026\/01\/DRL-1863-Ceramide-B5-Super-Serum-Details-12-600x576.webp 600w\" sizes=\"(max-width: 790px) 100vw, 790px\" \/> <img loading=\"lazy\" decoding=\"async\" class=\"alignnone size-full wp-image-5453\" src=\"https:\/\/www.drrashel-bbg.com\/wp-content\/uploads\/2026\/01\/DRL-1863-Ceramide-B5-Super-Serum-Details-13.webp\" alt=\"\" width=\"790\" height=\"776\" srcset=\"https:\/\/www.drrashel-bbg.com\/wp-content\/uploads\/2026\/01\/DRL-1863-Ceramide-B5-Super-Serum-Details-13.webp 790w, https:\/\/www.drrashel-bbg.com\/wp-content\/uploads\/2026\/01\/DRL-1863-Ceramide-B5-Super-Serum-Details-13-300x295.webp 300w, https:\/\/www.drrashel-bbg.com\/wp-content\/uploads\/2026\/01\/DRL-1863-Ceramide-B5-Super-Serum-Details-13-768x754.webp 768w, https:\/\/www.drrashel-bbg.com\/wp-content\/uploads\/2026\/01\/DRL-1863-Ceramide-B5-Super-Serum-Details-13-12x12.webp 12w, https:\/\/www.drrashel-bbg.com\/wp-content\/uploads\/2026\/01\/DRL-1863-Ceramide-B5-Super-Serum-Details-13-600x589.webp 600w\" sizes=\"(max-width: 790px) 100vw, 790px\" \/><\/p>\n<p>Beneficis del producte:<\/p>\n<p>Refor\u00e7a la funci\u00f3 de barrera de la pell i la seva hidrataci\u00f3 amb les ceramides i el s\u00faper s\u00e8rum de vitamina B5. Si notas la pell seca, serrada o picant, \u00e9s probable que la teva pell necessiti aquesta combinaci\u00f3 perfecta de ceramida i pantenol per restaurar la seva barrera hidrolip\u00eddica. Un s\u00e8rum lleuger, amb una textura acuosa, que millora l'elasticitat de la pell i ralentitza els signes d'envelliment.<\/p>\n<p>Com utilitzar:<\/p>\n<p>Utilitzat en la pell netejada, distribu\u00efr 3-4 gotes sobre la pell de la cara i el coll, comen\u00e7ant des del centre de la cara i treballant el seu cam\u00ed de sortida, i massatge suaument fins a ser totalment absorbit, utilitzat cada mat\u00ed i nit, sol o abans del seu hidratant.<\/p>\n<p>Adverten\u00e7a: Nom\u00e9s per a \u00fas extern, mantenir-lo en un lloc sec i fresc, evitar el contacte directe amb els ulls, si es produeix contacte, esborrar b\u00e9 amb aigua. Si es produeix irritaci\u00f3, deixeu d'utilitzar. Mantingui-lo fora de l'abast dels nens.<\/p>\n<p>Introducci\u00f3 de la marca:<\/p>\n<p>DR\u00b7RASHEL va ser fundada el 1989 pel senyor BAKRI, un mestre de cura de la pell, amb trenta anys d'experi\u00e8ncia en productes. Centrat en la salut, el senyor BAKRI va desenvolupar f\u00f3rmules precises per als ingredients naturals per maximitzar la salut de la pell i la radiaci\u00f3 vibrant, un principi aplicat en l'\u00e0mplia gamma de productes de cura de la pell de DR\u00b7RASHEL.<\/p>\n<p>Els productes DR\u00b7RASHEL es distribueixen per tot el m\u00f3n i s\u00f3n rebuts per clients en cinc continents, m\u00e9s espec\u00edficament, a l'Orient Mitj\u00e0, Am\u00e8rica del Sud i Europa.<\/p>\n<p>Exportem a m\u00e9s de 100 pa\u00efsos, incloent els Emirats \u00c0rabs Units, R\u00fassia, Am\u00e8rica, M\u00e8xic, Austr\u00e0lia, Ar\u00e0bia Saudita, Brasil, \u00cdndia i Sud-\u00e0frica.<\/p>\n<p>Tenim ISO, GMPC American European Union Internacional autorit\u00e0ria doble certificaci\u00f3, avan\u00e7ada R &amp; amp; D equip de prova, milers de f\u00f3rmules madures i equip de vendes d'alta efici\u00e8ncia i superioritat de preu competitiu. Les nostres categories de productes s\u00f3n: productes de cura de la pell, productes de maquillatge, productes de rentat i cura.<\/p>","protected":false},"excerpt":{"rendered":"<p>Refor\u00e7a la funci\u00f3 de barrera de la pell i la seva hidrataci\u00f3 amb les ceramides i el s\u00faper s\u00e8rum de vitamina B5. Si notas la pell seca, serrada o picant, \u00e9s probable que la teva pell necessiti aquesta combinaci\u00f3 perfecta de ceramida i pantenol per restaurar la seva barrera hidrolip\u00eddica. Un s\u00e8rum lleuger, amb una textura acuosa, que millora l'elasticitat de la pell i ralentitza els signes d'envelliment.<\/p>\n<p>N\u00famero de s\u00e8rie: DRL-1863<\/p>\n<p>Ingredients principals: Aqua, glicerina, pantenol, propil\u00e8n glicol, metil glucet-20, fenoxietanol, poliacrilamida, allanto\u00efna<\/p>\n<p>Tipus de pell aplicable: Adequat per a tots els tipus de pell, especialment sensible, seca o compromesa \u200b  La pell necessita reparaci\u00f3 i protecci\u00f3 de barreres.<\/p>\n<p>Capacitat del producte: 50ml<\/p>","protected":false},"featured_media":5139,"comment_status":"closed","ping_status":"closed","template":"","meta":[],"product_brand":[],"product_cat":[15,115],"product_tag":[],"class_list":{"0":"post-5138","1":"product","2":"type-product","3":"status-publish","4":"has-post-thumbnail","6":"product_cat-face-care","7":"product_cat-serum-essences","9":"first","10":"instock","11":"shipping-taxable","12":"product-type-simple"},"_links":{"self":[{"href":"https:\/\/www.drrashel-bbg.com\/fr\/wp-json\/wp\/v2\/product\/5138","targetHints":{"allow":["GET"]}}],"collection":[{"href":"https:\/\/www.drrashel-bbg.com\/fr\/wp-json\/wp\/v2\/product"}],"about":[{"href":"https:\/\/www.drrashel-bbg.com\/fr\/wp-json\/wp\/v2\/types\/product"}],"replies":[{"embeddable":true,"href":"https:\/\/www.drrashel-bbg.com\/fr\/wp-json\/wp\/v2\/comments?post=5138"}],"wp:featuredmedia":[{"embeddable":true,"href":"https:\/\/www.drrashel-bbg.com\/fr\/wp-json\/wp\/v2\/media\/5139"}],"wp:attachment":[{"href":"https:\/\/www.drrashel-bbg.com\/fr\/wp-json\/wp\/v2\/media?parent=5138"}],"wp:term":[{"taxonomy":"product_brand","embeddable":true,"href":"https:\/\/www.drrashel-bbg.com\/fr\/wp-json\/wp\/v2\/product_brand?post=5138"},{"taxonomy":"product_cat","embeddable":true,"href":"https:\/\/www.drrashel-bbg.com\/fr\/wp-json\/wp\/v2\/product_cat?post=5138"},{"taxonomy":"product_tag","embeddable":true,"href":"https:\/\/www.drrashel-bbg.com\/fr\/wp-json\/wp\/v2\/product_tag?post=5138"}],"curies":[{"name":"wp","href":"https:\/\/api.w.org\/{rel}","templated":true}]}}