{"id":5359,"date":"2026-01-15T13:27:00","date_gmt":"2026-01-15T05:27:00","guid":{"rendered":"https:\/\/www.drrashel-bbg.com\/?post_type=product&#038;p=5359"},"modified":"2026-01-16T11:31:02","modified_gmt":"2026-01-16T03:31:02","slug":"aloe-vera-soothing-sunscreen-spf90","status":"publish","type":"product","link":"https:\/\/www.drrashel-bbg.com\/fr\/sun-cream\/aloe-vera-soothing-sunscreen-spf90\/","title":{"rendered":"Aloe Vera Protector solar calmant SPF90"},"content":{"rendered":"<p><img fetchpriority=\"high\" decoding=\"async\" class=\"alignnone size-full wp-image-5381\" src=\"https:\/\/www.drrashel-bbg.com\/wp-content\/uploads\/2026\/01\/DRL-2004-\u82a6\u835f\u9632\u6652\u971c-SPF90E_01.webp\" alt=\"\" width=\"790\" height=\"1424\" srcset=\"https:\/\/www.drrashel-bbg.com\/wp-content\/uploads\/2026\/01\/DRL-2004-\u82a6\u835f\u9632\u6652\u971c-SPF90E_01.webp 790w, https:\/\/www.drrashel-bbg.com\/wp-content\/uploads\/2026\/01\/DRL-2004-\u82a6\u835f\u9632\u6652\u971c-SPF90E_01-166x300.webp 166w, https:\/\/www.drrashel-bbg.com\/wp-content\/uploads\/2026\/01\/DRL-2004-\u82a6\u835f\u9632\u6652\u971c-SPF90E_01-568x1024.webp 568w, https:\/\/www.drrashel-bbg.com\/wp-content\/uploads\/2026\/01\/DRL-2004-\u82a6\u835f\u9632\u6652\u971c-SPF90E_01-768x1384.webp 768w, https:\/\/www.drrashel-bbg.com\/wp-content\/uploads\/2026\/01\/DRL-2004-\u82a6\u835f\u9632\u6652\u971c-SPF90E_01-7x12.webp 7w, https:\/\/www.drrashel-bbg.com\/wp-content\/uploads\/2026\/01\/DRL-2004-\u82a6\u835f\u9632\u6652\u971c-SPF90E_01-600x1082.webp 600w\" sizes=\"(max-width: 790px) 100vw, 790px\" \/> <img decoding=\"async\" class=\"alignnone size-full wp-image-5383\" src=\"https:\/\/www.drrashel-bbg.com\/wp-content\/uploads\/2026\/01\/DRL-2004-\u82a6\u835f\u9632\u6652\u971c-SPF90E_02.webp\" alt=\"\" width=\"790\" height=\"525\" srcset=\"https:\/\/www.drrashel-bbg.com\/wp-content\/uploads\/2026\/01\/DRL-2004-\u82a6\u835f\u9632\u6652\u971c-SPF90E_02.webp 790w, https:\/\/www.drrashel-bbg.com\/wp-content\/uploads\/2026\/01\/DRL-2004-\u82a6\u835f\u9632\u6652\u971c-SPF90E_02-300x199.webp 300w, https:\/\/www.drrashel-bbg.com\/wp-content\/uploads\/2026\/01\/DRL-2004-\u82a6\u835f\u9632\u6652\u971c-SPF90E_02-768x510.webp 768w, https:\/\/www.drrashel-bbg.com\/wp-content\/uploads\/2026\/01\/DRL-2004-\u82a6\u835f\u9632\u6652\u971c-SPF90E_02-18x12.webp 18w, https:\/\/www.drrashel-bbg.com\/wp-content\/uploads\/2026\/01\/DRL-2004-\u82a6\u835f\u9632\u6652\u971c-SPF90E_02-600x399.webp 600w\" sizes=\"(max-width: 790px) 100vw, 790px\" \/> <img decoding=\"async\" class=\"alignnone size-full wp-image-5384\" src=\"https:\/\/www.drrashel-bbg.com\/wp-content\/uploads\/2026\/01\/DRL-2004-\u82a6\u835f\u9632\u6652\u971c-SPF90E_03.webp\" alt=\"\" width=\"790\" height=\"897\" srcset=\"https:\/\/www.drrashel-bbg.com\/wp-content\/uploads\/2026\/01\/DRL-2004-\u82a6\u835f\u9632\u6652\u971c-SPF90E_03.webp 790w, https:\/\/www.drrashel-bbg.com\/wp-content\/uploads\/2026\/01\/DRL-2004-\u82a6\u835f\u9632\u6652\u971c-SPF90E_03-264x300.webp 264w, https:\/\/www.drrashel-bbg.com\/wp-content\/uploads\/2026\/01\/DRL-2004-\u82a6\u835f\u9632\u6652\u971c-SPF90E_03-768x872.webp 768w, https:\/\/www.drrashel-bbg.com\/wp-content\/uploads\/2026\/01\/DRL-2004-\u82a6\u835f\u9632\u6652\u971c-SPF90E_03-11x12.webp 11w, https:\/\/www.drrashel-bbg.com\/wp-content\/uploads\/2026\/01\/DRL-2004-\u82a6\u835f\u9632\u6652\u971c-SPF90E_03-600x681.webp 600w\" sizes=\"(max-width: 790px) 100vw, 790px\" \/> <img loading=\"lazy\" decoding=\"async\" class=\"alignnone size-full wp-image-5385\" src=\"https:\/\/www.drrashel-bbg.com\/wp-content\/uploads\/2026\/01\/DRL-2004-\u82a6\u835f\u9632\u6652\u971c-SPF90E_04.webp\" alt=\"\" width=\"790\" height=\"1407\" srcset=\"https:\/\/www.drrashel-bbg.com\/wp-content\/uploads\/2026\/01\/DRL-2004-\u82a6\u835f\u9632\u6652\u971c-SPF90E_04.webp 790w, https:\/\/www.drrashel-bbg.com\/wp-content\/uploads\/2026\/01\/DRL-2004-\u82a6\u835f\u9632\u6652\u971c-SPF90E_04-168x300.webp 168w, https:\/\/www.drrashel-bbg.com\/wp-content\/uploads\/2026\/01\/DRL-2004-\u82a6\u835f\u9632\u6652\u971c-SPF90E_04-575x1024.webp 575w, https:\/\/www.drrashel-bbg.com\/wp-content\/uploads\/2026\/01\/DRL-2004-\u82a6\u835f\u9632\u6652\u971c-SPF90E_04-768x1368.webp 768w, https:\/\/www.drrashel-bbg.com\/wp-content\/uploads\/2026\/01\/DRL-2004-\u82a6\u835f\u9632\u6652\u971c-SPF90E_04-7x12.webp 7w, https:\/\/www.drrashel-bbg.com\/wp-content\/uploads\/2026\/01\/DRL-2004-\u82a6\u835f\u9632\u6652\u971c-SPF90E_04-600x1069.webp 600w\" sizes=\"(max-width: 790px) 100vw, 790px\" \/> <img loading=\"lazy\" decoding=\"async\" class=\"alignnone size-full wp-image-5386\" src=\"https:\/\/www.drrashel-bbg.com\/wp-content\/uploads\/2026\/01\/DRL-2004-\u82a6\u835f\u9632\u6652\u971c-SPF90E_05.webp\" alt=\"\" width=\"790\" height=\"1253\" srcset=\"https:\/\/www.drrashel-bbg.com\/wp-content\/uploads\/2026\/01\/DRL-2004-\u82a6\u835f\u9632\u6652\u971c-SPF90E_05.webp 790w, https:\/\/www.drrashel-bbg.com\/wp-content\/uploads\/2026\/01\/DRL-2004-\u82a6\u835f\u9632\u6652\u971c-SPF90E_05-189x300.webp 189w, https:\/\/www.drrashel-bbg.com\/wp-content\/uploads\/2026\/01\/DRL-2004-\u82a6\u835f\u9632\u6652\u971c-SPF90E_05-646x1024.webp 646w, https:\/\/www.drrashel-bbg.com\/wp-content\/uploads\/2026\/01\/DRL-2004-\u82a6\u835f\u9632\u6652\u971c-SPF90E_05-768x1218.webp 768w, https:\/\/www.drrashel-bbg.com\/wp-content\/uploads\/2026\/01\/DRL-2004-\u82a6\u835f\u9632\u6652\u971c-SPF90E_05-8x12.webp 8w, https:\/\/www.drrashel-bbg.com\/wp-content\/uploads\/2026\/01\/DRL-2004-\u82a6\u835f\u9632\u6652\u971c-SPF90E_05-600x952.webp 600w\" sizes=\"(max-width: 790px) 100vw, 790px\" \/> <img loading=\"lazy\" decoding=\"async\" class=\"alignnone size-full wp-image-5387\" src=\"https:\/\/www.drrashel-bbg.com\/wp-content\/uploads\/2026\/01\/DRL-2004-\u82a6\u835f\u9632\u6652\u971c-SPF90E_06.webp\" alt=\"\" width=\"790\" height=\"1290\" srcset=\"https:\/\/www.drrashel-bbg.com\/wp-content\/uploads\/2026\/01\/DRL-2004-\u82a6\u835f\u9632\u6652\u971c-SPF90E_06.webp 790w, https:\/\/www.drrashel-bbg.com\/wp-content\/uploads\/2026\/01\/DRL-2004-\u82a6\u835f\u9632\u6652\u971c-SPF90E_06-184x300.webp 184w, https:\/\/www.drrashel-bbg.com\/wp-content\/uploads\/2026\/01\/DRL-2004-\u82a6\u835f\u9632\u6652\u971c-SPF90E_06-627x1024.webp 627w, https:\/\/www.drrashel-bbg.com\/wp-content\/uploads\/2026\/01\/DRL-2004-\u82a6\u835f\u9632\u6652\u971c-SPF90E_06-768x1254.webp 768w, https:\/\/www.drrashel-bbg.com\/wp-content\/uploads\/2026\/01\/DRL-2004-\u82a6\u835f\u9632\u6652\u971c-SPF90E_06-7x12.webp 7w, https:\/\/www.drrashel-bbg.com\/wp-content\/uploads\/2026\/01\/DRL-2004-\u82a6\u835f\u9632\u6652\u971c-SPF90E_06-600x980.webp 600w\" sizes=\"(max-width: 790px) 100vw, 790px\" \/> <img loading=\"lazy\" decoding=\"async\" class=\"alignnone size-full wp-image-5388\" src=\"https:\/\/www.drrashel-bbg.com\/wp-content\/uploads\/2026\/01\/DRL-2004-\u82a6\u835f\u9632\u6652\u971c-SPF90E_07.webp\" alt=\"\" width=\"790\" height=\"1232\" srcset=\"https:\/\/www.drrashel-bbg.com\/wp-content\/uploads\/2026\/01\/DRL-2004-\u82a6\u835f\u9632\u6652\u971c-SPF90E_07.webp 790w, https:\/\/www.drrashel-bbg.com\/wp-content\/uploads\/2026\/01\/DRL-2004-\u82a6\u835f\u9632\u6652\u971c-SPF90E_07-192x300.webp 192w, https:\/\/www.drrashel-bbg.com\/wp-content\/uploads\/2026\/01\/DRL-2004-\u82a6\u835f\u9632\u6652\u971c-SPF90E_07-657x1024.webp 657w, https:\/\/www.drrashel-bbg.com\/wp-content\/uploads\/2026\/01\/DRL-2004-\u82a6\u835f\u9632\u6652\u971c-SPF90E_07-768x1198.webp 768w, https:\/\/www.drrashel-bbg.com\/wp-content\/uploads\/2026\/01\/DRL-2004-\u82a6\u835f\u9632\u6652\u971c-SPF90E_07-8x12.webp 8w, https:\/\/www.drrashel-bbg.com\/wp-content\/uploads\/2026\/01\/DRL-2004-\u82a6\u835f\u9632\u6652\u971c-SPF90E_07-600x936.webp 600w\" sizes=\"(max-width: 790px) 100vw, 790px\" \/> <img loading=\"lazy\" decoding=\"async\" class=\"alignnone size-full wp-image-5389\" src=\"https:\/\/www.drrashel-bbg.com\/wp-content\/uploads\/2026\/01\/DRL-2004-\u82a6\u835f\u9632\u6652\u971c-SPF90E_08.webp\" alt=\"\" width=\"790\" height=\"1357\" srcset=\"https:\/\/www.drrashel-bbg.com\/wp-content\/uploads\/2026\/01\/DRL-2004-\u82a6\u835f\u9632\u6652\u971c-SPF90E_08.webp 790w, https:\/\/www.drrashel-bbg.com\/wp-content\/uploads\/2026\/01\/DRL-2004-\u82a6\u835f\u9632\u6652\u971c-SPF90E_08-175x300.webp 175w, https:\/\/www.drrashel-bbg.com\/wp-content\/uploads\/2026\/01\/DRL-2004-\u82a6\u835f\u9632\u6652\u971c-SPF90E_08-596x1024.webp 596w, https:\/\/www.drrashel-bbg.com\/wp-content\/uploads\/2026\/01\/DRL-2004-\u82a6\u835f\u9632\u6652\u971c-SPF90E_08-768x1319.webp 768w, https:\/\/www.drrashel-bbg.com\/wp-content\/uploads\/2026\/01\/DRL-2004-\u82a6\u835f\u9632\u6652\u971c-SPF90E_08-7x12.webp 7w, https:\/\/www.drrashel-bbg.com\/wp-content\/uploads\/2026\/01\/DRL-2004-\u82a6\u835f\u9632\u6652\u971c-SPF90E_08-600x1031.webp 600w\" sizes=\"(max-width: 790px) 100vw, 790px\" \/> <img loading=\"lazy\" decoding=\"async\" class=\"alignnone size-full wp-image-5390\" src=\"https:\/\/www.drrashel-bbg.com\/wp-content\/uploads\/2026\/01\/DRL-2004-\u82a6\u835f\u9632\u6652\u971c-SPF90E_09.webp\" alt=\"\" width=\"790\" height=\"1455\" srcset=\"https:\/\/www.drrashel-bbg.com\/wp-content\/uploads\/2026\/01\/DRL-2004-\u82a6\u835f\u9632\u6652\u971c-SPF90E_09.webp 790w, https:\/\/www.drrashel-bbg.com\/wp-content\/uploads\/2026\/01\/DRL-2004-\u82a6\u835f\u9632\u6652\u971c-SPF90E_09-163x300.webp 163w, https:\/\/www.drrashel-bbg.com\/wp-content\/uploads\/2026\/01\/DRL-2004-\u82a6\u835f\u9632\u6652\u971c-SPF90E_09-556x1024.webp 556w, https:\/\/www.drrashel-bbg.com\/wp-content\/uploads\/2026\/01\/DRL-2004-\u82a6\u835f\u9632\u6652\u971c-SPF90E_09-768x1414.webp 768w, https:\/\/www.drrashel-bbg.com\/wp-content\/uploads\/2026\/01\/DRL-2004-\u82a6\u835f\u9632\u6652\u971c-SPF90E_09-7x12.webp 7w, https:\/\/www.drrashel-bbg.com\/wp-content\/uploads\/2026\/01\/DRL-2004-\u82a6\u835f\u9632\u6652\u971c-SPF90E_09-600x1105.webp 600w\" sizes=\"(max-width: 790px) 100vw, 790px\" \/> <img loading=\"lazy\" decoding=\"async\" class=\"alignnone size-full wp-image-5375\" src=\"https:\/\/www.drrashel-bbg.com\/wp-content\/uploads\/2026\/01\/DRL-2004-\u82a6\u835f\u9632\u6652\u971c-SPF90E_10.webp\" alt=\"\" width=\"790\" height=\"775\" srcset=\"https:\/\/www.drrashel-bbg.com\/wp-content\/uploads\/2026\/01\/DRL-2004-\u82a6\u835f\u9632\u6652\u971c-SPF90E_10.webp 790w, https:\/\/www.drrashel-bbg.com\/wp-content\/uploads\/2026\/01\/DRL-2004-\u82a6\u835f\u9632\u6652\u971c-SPF90E_10-300x294.webp 300w, https:\/\/www.drrashel-bbg.com\/wp-content\/uploads\/2026\/01\/DRL-2004-\u82a6\u835f\u9632\u6652\u971c-SPF90E_10-768x753.webp 768w, https:\/\/www.drrashel-bbg.com\/wp-content\/uploads\/2026\/01\/DRL-2004-\u82a6\u835f\u9632\u6652\u971c-SPF90E_10-12x12.webp 12w, https:\/\/www.drrashel-bbg.com\/wp-content\/uploads\/2026\/01\/DRL-2004-\u82a6\u835f\u9632\u6652\u971c-SPF90E_10-600x589.webp 600w\" sizes=\"(max-width: 790px) 100vw, 790px\" \/> <img loading=\"lazy\" decoding=\"async\" class=\"alignnone size-full wp-image-5376\" src=\"https:\/\/www.drrashel-bbg.com\/wp-content\/uploads\/2026\/01\/DRL-2004-\u82a6\u835f\u9632\u6652\u971c-SPF90E_11.webp\" alt=\"\" width=\"790\" height=\"1900\" srcset=\"https:\/\/www.drrashel-bbg.com\/wp-content\/uploads\/2026\/01\/DRL-2004-\u82a6\u835f\u9632\u6652\u971c-SPF90E_11.webp 790w, https:\/\/www.drrashel-bbg.com\/wp-content\/uploads\/2026\/01\/DRL-2004-\u82a6\u835f\u9632\u6652\u971c-SPF90E_11-125x300.webp 125w, https:\/\/www.drrashel-bbg.com\/wp-content\/uploads\/2026\/01\/DRL-2004-\u82a6\u835f\u9632\u6652\u971c-SPF90E_11-426x1024.webp 426w, https:\/\/www.drrashel-bbg.com\/wp-content\/uploads\/2026\/01\/DRL-2004-\u82a6\u835f\u9632\u6652\u971c-SPF90E_11-768x1847.webp 768w, https:\/\/www.drrashel-bbg.com\/wp-content\/uploads\/2026\/01\/DRL-2004-\u82a6\u835f\u9632\u6652\u971c-SPF90E_11-639x1536.webp 639w, https:\/\/www.drrashel-bbg.com\/wp-content\/uploads\/2026\/01\/DRL-2004-\u82a6\u835f\u9632\u6652\u971c-SPF90E_11-5x12.webp 5w, https:\/\/www.drrashel-bbg.com\/wp-content\/uploads\/2026\/01\/DRL-2004-\u82a6\u835f\u9632\u6652\u971c-SPF90E_11-600x1443.webp 600w\" sizes=\"(max-width: 790px) 100vw, 790px\" \/> <img loading=\"lazy\" decoding=\"async\" class=\"alignnone size-full wp-image-5379\" src=\"https:\/\/www.drrashel-bbg.com\/wp-content\/uploads\/2026\/01\/DRL-2004-\u82a6\u835f\u9632\u6652\u971c-SPF90E_12.webp\" alt=\"\" width=\"790\" height=\"1765\" srcset=\"https:\/\/www.drrashel-bbg.com\/wp-content\/uploads\/2026\/01\/DRL-2004-\u82a6\u835f\u9632\u6652\u971c-SPF90E_12.webp 790w, https:\/\/www.drrashel-bbg.com\/wp-content\/uploads\/2026\/01\/DRL-2004-\u82a6\u835f\u9632\u6652\u971c-SPF90E_12-134x300.webp 134w, https:\/\/www.drrashel-bbg.com\/wp-content\/uploads\/2026\/01\/DRL-2004-\u82a6\u835f\u9632\u6652\u971c-SPF90E_12-458x1024.webp 458w, https:\/\/www.drrashel-bbg.com\/wp-content\/uploads\/2026\/01\/DRL-2004-\u82a6\u835f\u9632\u6652\u971c-SPF90E_12-768x1716.webp 768w, https:\/\/www.drrashel-bbg.com\/wp-content\/uploads\/2026\/01\/DRL-2004-\u82a6\u835f\u9632\u6652\u971c-SPF90E_12-688x1536.webp 688w, https:\/\/www.drrashel-bbg.com\/wp-content\/uploads\/2026\/01\/DRL-2004-\u82a6\u835f\u9632\u6652\u971c-SPF90E_12-5x12.webp 5w, https:\/\/www.drrashel-bbg.com\/wp-content\/uploads\/2026\/01\/DRL-2004-\u82a6\u835f\u9632\u6652\u971c-SPF90E_12-600x1341.webp 600w\" sizes=\"(max-width: 790px) 100vw, 790px\" \/><\/p>\n<p><strong><b>Product Benefits:<\/b><\/strong><\/p>\n<div class=\"flex flex-col text-sm pb-25\">\n<article class=\"text-token-text-primary w-full focus:outline-none [--shadow-height:45px] has-data-writing-block:pointer-events-none has-data-writing-block:-mt-(--shadow-height) has-data-writing-block:pt-(--shadow-height) [&amp;:has([data-writing-block])&gt;*]:pointer-events-auto scroll-mt-[calc(var(--header-height)+min(200px,max(70px,20svh)))]\" dir=\"auto\" tabindex=\"-1\" data-turn-id=\"request-695b7c66-582c-8329-b283-55317d1aaf18-1\" data-testid=\"conversation-turn-10\" data-scroll-anchor=\"true\" data-turn=\"assistant\">\n<div class=\"text-base my-auto mx-auto pb-10 [--thread-content-margin:--spacing(4)] @w-sm\/main:[--thread-content-margin:--spacing(6)] @w-lg\/main:[--thread-content-margin:--spacing(16)] px-(--thread-content-margin)\">\n<div class=\"[--thread-content-max-width:40rem] @w-lg\/main:[--thread-content-max-width:48rem] mx-auto max-w-(--thread-content-max-width) flex-1 group\/turn-messages focus-visible:outline-hidden relative flex w-full min-w-0 flex-col agent-turn\" tabindex=\"-1\">\n<div class=\"flex max-w-full flex-col grow\">\n<div class=\"min-h-8 text-message relative flex w-full flex-col items-end gap-2 text-start break-words whitespace-normal [.text-message+&amp;]:mt-1\" dir=\"auto\" data-message-author-role=\"assistant\" data-message-id=\"046d3858-19f9-462b-8ebc-d98a9da114bb\" data-message-model-slug=\"gpt-5-2-thinking\">\n<div class=\"flex w-full flex-col gap-1 empty:hidden first:pt-[1px]\">\n<div class=\"markdown prose dark:prose-invert w-full break-words light markdown-new-styling\">\n<p data-start=\"0\" data-end=\"129\" data-is-last-node=\"\" data-is-only-node=\"\">Soft, smooth formula provides powerful SPF 90 face protection against damaging UVA and UVB rays.<\/p>\n<\/div>\n<\/div>\n<\/div>\n<\/div>\n<\/div>\n<\/div>\n<\/article>\n<\/div>\n<p><strong><b>How to use:<\/b><\/strong><\/p>\n<p>Apply evenly to face\/skin before sun exposure and gently massage until absorbed. Reapply every 2 hours, and after swimming, sweating, or towel-drying. Avoid contact with eyes and lips\/mouth. Suitable for daily use.<\/p>\n<p><strong><b>Brand Introduction:<\/b><\/strong><\/p>\n<p>DR\u00b7RASHEL was founded in 1989 by Mr. BAKRI, a skin care master, with thirty years of product experience. Focused on health, Mr. BAKRI developed precise formulas for the natural ingredients to maximize skin health and vibrant radiance\uff0ca principle applied across the wide range of DR\u00b7RASHEL\u2019s skin care products.<\/p>\n<p>DR\u00b7RASHEL products are spread around the world and welcomed by customers in five continents, more specifically, in the Middle East, South America, and Europe.<\/p>\n<p>We export to over 100 countries, including UAE, Russia, America, Mexico, Australia\uff0cSaudi Arabia\uff0cBrazil, India and South Africa.<\/p>\n<p>We have ISO\uff0cGMPC American European Union International Authoritative Double Certification, Advanced R &amp; D testing equipment, thousands of mature formulas and high efficiency sales team and competitive price superiority. Our product categories are: skin care products, make-up products, wash and care products.<\/p>\n<p>&nbsp;<\/p>\n<p><strong><b>FAQ:<\/b><\/strong><\/p>\n<p data-start=\"150\" data-end=\"478\"><strong data-start=\"150\" data-end=\"203\">Q1: Can this sunscreen be used on sensitive skin?<\/strong><br data-start=\"203\" data-end=\"206\" \/><strong data-start=\"206\" data-end=\"212\">A:<\/strong> Yes. This Aloe Vera Soothing Sunscreen SPF50 is formulated with aloe vera extract and hydrating ingredients that help calm irritation and soothe the skin, making it suitable for all skin types, including sensitive and dry skin.<\/p>\n<p data-start=\"480\" data-end=\"833\"><strong data-start=\"480\" data-end=\"551\">Q2: How and when should I apply this sunscreen for best protection?<\/strong><br data-start=\"551\" data-end=\"554\" \/><strong data-start=\"554\" data-end=\"560\">A:<\/strong> Apply the sunscreen generously to all exposed skin <strong data-start=\"612\" data-end=\"649\">15\u201320 minutes before sun exposure<\/strong>. Reapply every <strong data-start=\"665\" data-end=\"676\">2 hours<\/strong>\u2014especially after swimming, sweating, or towel drying\u2014to maintain broad-spectrum UVA\/UVB protection throughout the day.<\/p>\n","protected":false},"excerpt":{"rendered":"<p>El protector solar d'aloe vera et permet impregnar-te en el sol sense raigs nocius que causin estragos a la teva pell. Aquesta f\u00f3rmula resistent a l'aigua ofereix SPF 50 protecci\u00f3 d'ampli espectre contra els raigs UVA i UVB mentre bloqueja la humitat amb aloe calmant de fulles. Potant i suau, l'aloe vera pura nutreix la pell, bloqueja la humitat i calma, i tamb\u00e9 ajuda a suavitzar la pell i penetra m\u00e9s profundament per a una major hidrataci\u00f3.<\/p>\n<p><strong>N\u00famero de s\u00e8rie:<\/strong>\u00a0DRL-2004<\/p>\n<p><strong>Tipus de pell aplicable:<\/strong>\u00a0Adequat per a tots els tipus de pell; especialment propensa a imperfeccions, deshidratada i f\u00e0cilment irritada<\/p>\n<p><strong>Ingredients principals:<\/strong>\u00a0Extracte d'Aloe Barbadensis, \u00e0cid hialur\u00f2nic (hialuronat de sodi), vitamina E (tocoferol), pantenol (pro-vitamina B5)<\/p>\n<p><strong>Contingut net:<\/strong>\u00a0100 gr<\/p>","protected":false},"featured_media":5398,"comment_status":"closed","ping_status":"closed","template":"","meta":[],"product_brand":[],"product_cat":[131,133],"product_tag":[],"class_list":{"0":"post-5359","1":"product","2":"type-product","3":"status-publish","4":"has-post-thumbnail","6":"product_cat-sun-care","7":"product_cat-sun-cream","9":"first","10":"instock","11":"shipping-taxable","12":"product-type-simple"},"_links":{"self":[{"href":"https:\/\/www.drrashel-bbg.com\/fr\/wp-json\/wp\/v2\/product\/5359","targetHints":{"allow":["GET"]}}],"collection":[{"href":"https:\/\/www.drrashel-bbg.com\/fr\/wp-json\/wp\/v2\/product"}],"about":[{"href":"https:\/\/www.drrashel-bbg.com\/fr\/wp-json\/wp\/v2\/types\/product"}],"replies":[{"embeddable":true,"href":"https:\/\/www.drrashel-bbg.com\/fr\/wp-json\/wp\/v2\/comments?post=5359"}],"wp:featuredmedia":[{"embeddable":true,"href":"https:\/\/www.drrashel-bbg.com\/fr\/wp-json\/wp\/v2\/media\/5398"}],"wp:attachment":[{"href":"https:\/\/www.drrashel-bbg.com\/fr\/wp-json\/wp\/v2\/media?parent=5359"}],"wp:term":[{"taxonomy":"product_brand","embeddable":true,"href":"https:\/\/www.drrashel-bbg.com\/fr\/wp-json\/wp\/v2\/product_brand?post=5359"},{"taxonomy":"product_cat","embeddable":true,"href":"https:\/\/www.drrashel-bbg.com\/fr\/wp-json\/wp\/v2\/product_cat?post=5359"},{"taxonomy":"product_tag","embeddable":true,"href":"https:\/\/www.drrashel-bbg.com\/fr\/wp-json\/wp\/v2\/product_tag?post=5359"}],"curies":[{"name":"wp","href":"https:\/\/api.w.org\/{rel}","templated":true}]}}