{"id":5421,"date":"2026-01-15T14:29:10","date_gmt":"2026-01-15T06:29:10","guid":{"rendered":"https:\/\/www.drrashel-bbg.com\/?post_type=product&#038;p=5421"},"modified":"2026-01-16T11:30:17","modified_gmt":"2026-01-16T03:30:17","slug":"aloe-vera-soothing-sunscreen-spf50","status":"publish","type":"product","link":"https:\/\/www.drrashel-bbg.com\/fr\/sun-cream\/aloe-vera-soothing-sunscreen-spf50\/","title":{"rendered":"Aloe Vera Protector solar calmant SPF50"},"content":{"rendered":"<p><img fetchpriority=\"high\" decoding=\"async\" class=\"alignnone size-full wp-image-5436\" src=\"https:\/\/www.drrashel-bbg.com\/wp-content\/uploads\/2026\/01\/DRL-2002-Aloe-Vera-Soothing-Sunscreen-SPF50-SPF50E_01-1.webp\" alt=\"\" width=\"790\" height=\"1427\" srcset=\"https:\/\/www.drrashel-bbg.com\/wp-content\/uploads\/2026\/01\/DRL-2002-Aloe-Vera-Soothing-Sunscreen-SPF50-SPF50E_01-1.webp 790w, https:\/\/www.drrashel-bbg.com\/wp-content\/uploads\/2026\/01\/DRL-2002-Aloe-Vera-Soothing-Sunscreen-SPF50-SPF50E_01-1-166x300.webp 166w, https:\/\/www.drrashel-bbg.com\/wp-content\/uploads\/2026\/01\/DRL-2002-Aloe-Vera-Soothing-Sunscreen-SPF50-SPF50E_01-1-567x1024.webp 567w, https:\/\/www.drrashel-bbg.com\/wp-content\/uploads\/2026\/01\/DRL-2002-Aloe-Vera-Soothing-Sunscreen-SPF50-SPF50E_01-1-768x1387.webp 768w, https:\/\/www.drrashel-bbg.com\/wp-content\/uploads\/2026\/01\/DRL-2002-Aloe-Vera-Soothing-Sunscreen-SPF50-SPF50E_01-1-7x12.webp 7w, https:\/\/www.drrashel-bbg.com\/wp-content\/uploads\/2026\/01\/DRL-2002-Aloe-Vera-Soothing-Sunscreen-SPF50-SPF50E_01-1-600x1084.webp 600w\" sizes=\"(max-width: 790px) 100vw, 790px\" \/> <img decoding=\"async\" class=\"alignnone size-full wp-image-5437\" src=\"https:\/\/www.drrashel-bbg.com\/wp-content\/uploads\/2026\/01\/DRL-2002-Aloe-Vera-Soothing-Sunscreen-SPF50-SPF50E_01-2.webp\" alt=\"\" width=\"790\" height=\"569\" srcset=\"https:\/\/www.drrashel-bbg.com\/wp-content\/uploads\/2026\/01\/DRL-2002-Aloe-Vera-Soothing-Sunscreen-SPF50-SPF50E_01-2.webp 790w, https:\/\/www.drrashel-bbg.com\/wp-content\/uploads\/2026\/01\/DRL-2002-Aloe-Vera-Soothing-Sunscreen-SPF50-SPF50E_01-2-300x216.webp 300w, https:\/\/www.drrashel-bbg.com\/wp-content\/uploads\/2026\/01\/DRL-2002-Aloe-Vera-Soothing-Sunscreen-SPF50-SPF50E_01-2-768x553.webp 768w, https:\/\/www.drrashel-bbg.com\/wp-content\/uploads\/2026\/01\/DRL-2002-Aloe-Vera-Soothing-Sunscreen-SPF50-SPF50E_01-2-18x12.webp 18w, https:\/\/www.drrashel-bbg.com\/wp-content\/uploads\/2026\/01\/DRL-2002-Aloe-Vera-Soothing-Sunscreen-SPF50-SPF50E_01-2-600x432.webp 600w\" sizes=\"(max-width: 790px) 100vw, 790px\" \/> <img decoding=\"async\" class=\"alignnone size-full wp-image-5438\" src=\"https:\/\/www.drrashel-bbg.com\/wp-content\/uploads\/2026\/01\/DRL-2002-Aloe-Vera-Soothing-Sunscreen-SPF50-SPF50E_01-3.webp\" alt=\"\" width=\"790\" height=\"804\" srcset=\"https:\/\/www.drrashel-bbg.com\/wp-content\/uploads\/2026\/01\/DRL-2002-Aloe-Vera-Soothing-Sunscreen-SPF50-SPF50E_01-3.webp 790w, https:\/\/www.drrashel-bbg.com\/wp-content\/uploads\/2026\/01\/DRL-2002-Aloe-Vera-Soothing-Sunscreen-SPF50-SPF50E_01-3-295x300.webp 295w, https:\/\/www.drrashel-bbg.com\/wp-content\/uploads\/2026\/01\/DRL-2002-Aloe-Vera-Soothing-Sunscreen-SPF50-SPF50E_01-3-768x782.webp 768w, https:\/\/www.drrashel-bbg.com\/wp-content\/uploads\/2026\/01\/DRL-2002-Aloe-Vera-Soothing-Sunscreen-SPF50-SPF50E_01-3-12x12.webp 12w, https:\/\/www.drrashel-bbg.com\/wp-content\/uploads\/2026\/01\/DRL-2002-Aloe-Vera-Soothing-Sunscreen-SPF50-SPF50E_01-3-600x611.webp 600w\" sizes=\"(max-width: 790px) 100vw, 790px\" \/> <img loading=\"lazy\" decoding=\"async\" class=\"alignnone size-full wp-image-5439\" src=\"https:\/\/www.drrashel-bbg.com\/wp-content\/uploads\/2026\/01\/DRL-2002-Aloe-Vera-Soothing-Sunscreen-SPF50-SPF50E_01-4.webp\" alt=\"\" width=\"790\" height=\"1449\" srcset=\"https:\/\/www.drrashel-bbg.com\/wp-content\/uploads\/2026\/01\/DRL-2002-Aloe-Vera-Soothing-Sunscreen-SPF50-SPF50E_01-4.webp 790w, https:\/\/www.drrashel-bbg.com\/wp-content\/uploads\/2026\/01\/DRL-2002-Aloe-Vera-Soothing-Sunscreen-SPF50-SPF50E_01-4-164x300.webp 164w, https:\/\/www.drrashel-bbg.com\/wp-content\/uploads\/2026\/01\/DRL-2002-Aloe-Vera-Soothing-Sunscreen-SPF50-SPF50E_01-4-558x1024.webp 558w, https:\/\/www.drrashel-bbg.com\/wp-content\/uploads\/2026\/01\/DRL-2002-Aloe-Vera-Soothing-Sunscreen-SPF50-SPF50E_01-4-768x1409.webp 768w, https:\/\/www.drrashel-bbg.com\/wp-content\/uploads\/2026\/01\/DRL-2002-Aloe-Vera-Soothing-Sunscreen-SPF50-SPF50E_01-4-7x12.webp 7w, https:\/\/www.drrashel-bbg.com\/wp-content\/uploads\/2026\/01\/DRL-2002-Aloe-Vera-Soothing-Sunscreen-SPF50-SPF50E_01-4-600x1101.webp 600w\" sizes=\"(max-width: 790px) 100vw, 790px\" \/> <img loading=\"lazy\" decoding=\"async\" class=\"alignnone size-full wp-image-5428\" src=\"https:\/\/www.drrashel-bbg.com\/wp-content\/uploads\/2026\/01\/DRL-2002-Aloe-Vera-Soothing-Sunscreen-SPF50-SPF50E_01-5.webp\" alt=\"\" width=\"790\" height=\"1270\" srcset=\"https:\/\/www.drrashel-bbg.com\/wp-content\/uploads\/2026\/01\/DRL-2002-Aloe-Vera-Soothing-Sunscreen-SPF50-SPF50E_01-5.webp 790w, https:\/\/www.drrashel-bbg.com\/wp-content\/uploads\/2026\/01\/DRL-2002-Aloe-Vera-Soothing-Sunscreen-SPF50-SPF50E_01-5-187x300.webp 187w, https:\/\/www.drrashel-bbg.com\/wp-content\/uploads\/2026\/01\/DRL-2002-Aloe-Vera-Soothing-Sunscreen-SPF50-SPF50E_01-5-637x1024.webp 637w, https:\/\/www.drrashel-bbg.com\/wp-content\/uploads\/2026\/01\/DRL-2002-Aloe-Vera-Soothing-Sunscreen-SPF50-SPF50E_01-5-768x1235.webp 768w, https:\/\/www.drrashel-bbg.com\/wp-content\/uploads\/2026\/01\/DRL-2002-Aloe-Vera-Soothing-Sunscreen-SPF50-SPF50E_01-5-7x12.webp 7w, https:\/\/www.drrashel-bbg.com\/wp-content\/uploads\/2026\/01\/DRL-2002-Aloe-Vera-Soothing-Sunscreen-SPF50-SPF50E_01-5-600x965.webp 600w\" sizes=\"(max-width: 790px) 100vw, 790px\" \/> <img loading=\"lazy\" decoding=\"async\" class=\"alignnone size-full wp-image-5429\" src=\"https:\/\/www.drrashel-bbg.com\/wp-content\/uploads\/2026\/01\/DRL-2002-Aloe-Vera-Soothing-Sunscreen-SPF50-SPF50E_01-6.webp\" alt=\"\" width=\"790\" height=\"1302\" srcset=\"https:\/\/www.drrashel-bbg.com\/wp-content\/uploads\/2026\/01\/DRL-2002-Aloe-Vera-Soothing-Sunscreen-SPF50-SPF50E_01-6.webp 790w, https:\/\/www.drrashel-bbg.com\/wp-content\/uploads\/2026\/01\/DRL-2002-Aloe-Vera-Soothing-Sunscreen-SPF50-SPF50E_01-6-182x300.webp 182w, https:\/\/www.drrashel-bbg.com\/wp-content\/uploads\/2026\/01\/DRL-2002-Aloe-Vera-Soothing-Sunscreen-SPF50-SPF50E_01-6-621x1024.webp 621w, https:\/\/www.drrashel-bbg.com\/wp-content\/uploads\/2026\/01\/DRL-2002-Aloe-Vera-Soothing-Sunscreen-SPF50-SPF50E_01-6-768x1266.webp 768w, https:\/\/www.drrashel-bbg.com\/wp-content\/uploads\/2026\/01\/DRL-2002-Aloe-Vera-Soothing-Sunscreen-SPF50-SPF50E_01-6-7x12.webp 7w, https:\/\/www.drrashel-bbg.com\/wp-content\/uploads\/2026\/01\/DRL-2002-Aloe-Vera-Soothing-Sunscreen-SPF50-SPF50E_01-6-600x989.webp 600w\" sizes=\"(max-width: 790px) 100vw, 790px\" \/> <img loading=\"lazy\" decoding=\"async\" class=\"alignnone size-full wp-image-5430\" src=\"https:\/\/www.drrashel-bbg.com\/wp-content\/uploads\/2026\/01\/DRL-2002-Aloe-Vera-Soothing-Sunscreen-SPF50-SPF50E_01-7.webp\" alt=\"\" width=\"790\" height=\"1182\" srcset=\"https:\/\/www.drrashel-bbg.com\/wp-content\/uploads\/2026\/01\/DRL-2002-Aloe-Vera-Soothing-Sunscreen-SPF50-SPF50E_01-7.webp 790w, https:\/\/www.drrashel-bbg.com\/wp-content\/uploads\/2026\/01\/DRL-2002-Aloe-Vera-Soothing-Sunscreen-SPF50-SPF50E_01-7-201x300.webp 201w, https:\/\/www.drrashel-bbg.com\/wp-content\/uploads\/2026\/01\/DRL-2002-Aloe-Vera-Soothing-Sunscreen-SPF50-SPF50E_01-7-684x1024.webp 684w, https:\/\/www.drrashel-bbg.com\/wp-content\/uploads\/2026\/01\/DRL-2002-Aloe-Vera-Soothing-Sunscreen-SPF50-SPF50E_01-7-768x1149.webp 768w, https:\/\/www.drrashel-bbg.com\/wp-content\/uploads\/2026\/01\/DRL-2002-Aloe-Vera-Soothing-Sunscreen-SPF50-SPF50E_01-7-8x12.webp 8w, https:\/\/www.drrashel-bbg.com\/wp-content\/uploads\/2026\/01\/DRL-2002-Aloe-Vera-Soothing-Sunscreen-SPF50-SPF50E_01-7-600x898.webp 600w\" sizes=\"(max-width: 790px) 100vw, 790px\" \/> <img loading=\"lazy\" decoding=\"async\" class=\"alignnone size-full wp-image-5431\" src=\"https:\/\/www.drrashel-bbg.com\/wp-content\/uploads\/2026\/01\/DRL-2002-Aloe-Vera-Soothing-Sunscreen-SPF50-SPF50E_01-8.webp\" alt=\"\" width=\"790\" height=\"1535\" srcset=\"https:\/\/www.drrashel-bbg.com\/wp-content\/uploads\/2026\/01\/DRL-2002-Aloe-Vera-Soothing-Sunscreen-SPF50-SPF50E_01-8.webp 790w, https:\/\/www.drrashel-bbg.com\/wp-content\/uploads\/2026\/01\/DRL-2002-Aloe-Vera-Soothing-Sunscreen-SPF50-SPF50E_01-8-154x300.webp 154w, https:\/\/www.drrashel-bbg.com\/wp-content\/uploads\/2026\/01\/DRL-2002-Aloe-Vera-Soothing-Sunscreen-SPF50-SPF50E_01-8-527x1024.webp 527w, https:\/\/www.drrashel-bbg.com\/wp-content\/uploads\/2026\/01\/DRL-2002-Aloe-Vera-Soothing-Sunscreen-SPF50-SPF50E_01-8-768x1492.webp 768w, https:\/\/www.drrashel-bbg.com\/wp-content\/uploads\/2026\/01\/DRL-2002-Aloe-Vera-Soothing-Sunscreen-SPF50-SPF50E_01-8-6x12.webp 6w, https:\/\/www.drrashel-bbg.com\/wp-content\/uploads\/2026\/01\/DRL-2002-Aloe-Vera-Soothing-Sunscreen-SPF50-SPF50E_01-8-600x1166.webp 600w\" sizes=\"(max-width: 790px) 100vw, 790px\" \/> <img loading=\"lazy\" decoding=\"async\" class=\"alignnone size-full wp-image-5432\" src=\"https:\/\/www.drrashel-bbg.com\/wp-content\/uploads\/2026\/01\/DRL-2002-Aloe-Vera-Soothing-Sunscreen-SPF50-SPF50E_01-9.webp\" alt=\"\" width=\"790\" height=\"1461\" srcset=\"https:\/\/www.drrashel-bbg.com\/wp-content\/uploads\/2026\/01\/DRL-2002-Aloe-Vera-Soothing-Sunscreen-SPF50-SPF50E_01-9.webp 790w, https:\/\/www.drrashel-bbg.com\/wp-content\/uploads\/2026\/01\/DRL-2002-Aloe-Vera-Soothing-Sunscreen-SPF50-SPF50E_01-9-162x300.webp 162w, https:\/\/www.drrashel-bbg.com\/wp-content\/uploads\/2026\/01\/DRL-2002-Aloe-Vera-Soothing-Sunscreen-SPF50-SPF50E_01-9-554x1024.webp 554w, https:\/\/www.drrashel-bbg.com\/wp-content\/uploads\/2026\/01\/DRL-2002-Aloe-Vera-Soothing-Sunscreen-SPF50-SPF50E_01-9-768x1420.webp 768w, https:\/\/www.drrashel-bbg.com\/wp-content\/uploads\/2026\/01\/DRL-2002-Aloe-Vera-Soothing-Sunscreen-SPF50-SPF50E_01-9-6x12.webp 6w, https:\/\/www.drrashel-bbg.com\/wp-content\/uploads\/2026\/01\/DRL-2002-Aloe-Vera-Soothing-Sunscreen-SPF50-SPF50E_01-9-600x1110.webp 600w\" sizes=\"(max-width: 790px) 100vw, 790px\" \/> <img loading=\"lazy\" decoding=\"async\" class=\"alignnone size-full wp-image-5433\" src=\"https:\/\/www.drrashel-bbg.com\/wp-content\/uploads\/2026\/01\/DRL-2002-Aloe-Vera-Soothing-Sunscreen-SPF50-SPF50E_01-10.webp\" alt=\"\" width=\"790\" height=\"1163\" srcset=\"https:\/\/www.drrashel-bbg.com\/wp-content\/uploads\/2026\/01\/DRL-2002-Aloe-Vera-Soothing-Sunscreen-SPF50-SPF50E_01-10.webp 790w, https:\/\/www.drrashel-bbg.com\/wp-content\/uploads\/2026\/01\/DRL-2002-Aloe-Vera-Soothing-Sunscreen-SPF50-SPF50E_01-10-204x300.webp 204w, https:\/\/www.drrashel-bbg.com\/wp-content\/uploads\/2026\/01\/DRL-2002-Aloe-Vera-Soothing-Sunscreen-SPF50-SPF50E_01-10-696x1024.webp 696w, https:\/\/www.drrashel-bbg.com\/wp-content\/uploads\/2026\/01\/DRL-2002-Aloe-Vera-Soothing-Sunscreen-SPF50-SPF50E_01-10-768x1131.webp 768w, https:\/\/www.drrashel-bbg.com\/wp-content\/uploads\/2026\/01\/DRL-2002-Aloe-Vera-Soothing-Sunscreen-SPF50-SPF50E_01-10-8x12.webp 8w, https:\/\/www.drrashel-bbg.com\/wp-content\/uploads\/2026\/01\/DRL-2002-Aloe-Vera-Soothing-Sunscreen-SPF50-SPF50E_01-10-600x883.webp 600w\" sizes=\"(max-width: 790px) 100vw, 790px\" \/> <img loading=\"lazy\" decoding=\"async\" class=\"alignnone size-full wp-image-5434\" src=\"https:\/\/www.drrashel-bbg.com\/wp-content\/uploads\/2026\/01\/DRL-2002-Aloe-Vera-Soothing-Sunscreen-SPF50-SPF50E_01-11.webp\" alt=\"\" width=\"790\" height=\"1866\" srcset=\"https:\/\/www.drrashel-bbg.com\/wp-content\/uploads\/2026\/01\/DRL-2002-Aloe-Vera-Soothing-Sunscreen-SPF50-SPF50E_01-11.webp 790w, https:\/\/www.drrashel-bbg.com\/wp-content\/uploads\/2026\/01\/DRL-2002-Aloe-Vera-Soothing-Sunscreen-SPF50-SPF50E_01-11-127x300.webp 127w, https:\/\/www.drrashel-bbg.com\/wp-content\/uploads\/2026\/01\/DRL-2002-Aloe-Vera-Soothing-Sunscreen-SPF50-SPF50E_01-11-434x1024.webp 434w, https:\/\/www.drrashel-bbg.com\/wp-content\/uploads\/2026\/01\/DRL-2002-Aloe-Vera-Soothing-Sunscreen-SPF50-SPF50E_01-11-768x1814.webp 768w, https:\/\/www.drrashel-bbg.com\/wp-content\/uploads\/2026\/01\/DRL-2002-Aloe-Vera-Soothing-Sunscreen-SPF50-SPF50E_01-11-650x1536.webp 650w, https:\/\/www.drrashel-bbg.com\/wp-content\/uploads\/2026\/01\/DRL-2002-Aloe-Vera-Soothing-Sunscreen-SPF50-SPF50E_01-11-5x12.webp 5w, https:\/\/www.drrashel-bbg.com\/wp-content\/uploads\/2026\/01\/DRL-2002-Aloe-Vera-Soothing-Sunscreen-SPF50-SPF50E_01-11-600x1417.webp 600w\" sizes=\"(max-width: 790px) 100vw, 790px\" \/> <img loading=\"lazy\" decoding=\"async\" class=\"alignnone size-full wp-image-5435\" src=\"https:\/\/www.drrashel-bbg.com\/wp-content\/uploads\/2026\/01\/DRL-2002-Aloe-Vera-Soothing-Sunscreen-SPF50-SPF50E_01-12.webp\" alt=\"\" width=\"790\" height=\"1826\" srcset=\"https:\/\/www.drrashel-bbg.com\/wp-content\/uploads\/2026\/01\/DRL-2002-Aloe-Vera-Soothing-Sunscreen-SPF50-SPF50E_01-12.webp 790w, https:\/\/www.drrashel-bbg.com\/wp-content\/uploads\/2026\/01\/DRL-2002-Aloe-Vera-Soothing-Sunscreen-SPF50-SPF50E_01-12-130x300.webp 130w, https:\/\/www.drrashel-bbg.com\/wp-content\/uploads\/2026\/01\/DRL-2002-Aloe-Vera-Soothing-Sunscreen-SPF50-SPF50E_01-12-443x1024.webp 443w, https:\/\/www.drrashel-bbg.com\/wp-content\/uploads\/2026\/01\/DRL-2002-Aloe-Vera-Soothing-Sunscreen-SPF50-SPF50E_01-12-768x1775.webp 768w, https:\/\/www.drrashel-bbg.com\/wp-content\/uploads\/2026\/01\/DRL-2002-Aloe-Vera-Soothing-Sunscreen-SPF50-SPF50E_01-12-665x1536.webp 665w, https:\/\/www.drrashel-bbg.com\/wp-content\/uploads\/2026\/01\/DRL-2002-Aloe-Vera-Soothing-Sunscreen-SPF50-SPF50E_01-12-5x12.webp 5w, https:\/\/www.drrashel-bbg.com\/wp-content\/uploads\/2026\/01\/DRL-2002-Aloe-Vera-Soothing-Sunscreen-SPF50-SPF50E_01-12-600x1387.webp 600w\" sizes=\"(max-width: 790px) 100vw, 790px\" \/><\/p>\n<p><strong><b>Product Benefits:<\/b><\/strong><\/p>\n<div class=\"flex flex-col text-sm pb-25\">\n<article class=\"text-token-text-primary w-full focus:outline-none [--shadow-height:45px] has-data-writing-block:pointer-events-none has-data-writing-block:-mt-(--shadow-height) has-data-writing-block:pt-(--shadow-height) [&amp;:has([data-writing-block])&gt;*]:pointer-events-auto scroll-mt-[calc(var(--header-height)+min(200px,max(70px,20svh)))]\" dir=\"auto\" tabindex=\"-1\" data-turn-id=\"request-695b7c66-582c-8329-b283-55317d1aaf18-1\" data-testid=\"conversation-turn-10\" data-scroll-anchor=\"true\" data-turn=\"assistant\">\n<div class=\"text-base my-auto mx-auto pb-10 [--thread-content-margin:--spacing(4)] @w-sm\/main:[--thread-content-margin:--spacing(6)] @w-lg\/main:[--thread-content-margin:--spacing(16)] px-(--thread-content-margin)\">\n<div class=\"[--thread-content-max-width:40rem] @w-lg\/main:[--thread-content-max-width:48rem] mx-auto max-w-(--thread-content-max-width) flex-1 group\/turn-messages focus-visible:outline-hidden relative flex w-full min-w-0 flex-col agent-turn\" tabindex=\"-1\">\n<div class=\"flex max-w-full flex-col grow\">\n<div class=\"min-h-8 text-message relative flex w-full flex-col items-end gap-2 text-start break-words whitespace-normal [.text-message+&amp;]:mt-1\" dir=\"auto\" data-message-author-role=\"assistant\" data-message-id=\"046d3858-19f9-462b-8ebc-d98a9da114bb\" data-message-model-slug=\"gpt-5-2-thinking\">\n<div class=\"flex w-full flex-col gap-1 empty:hidden first:pt-[1px]\">\n<div class=\"markdown prose dark:prose-invert w-full break-words light markdown-new-styling\">\n<p data-start=\"0\" data-end=\"129\" data-is-last-node=\"\" data-is-only-node=\"\">The aloe vera sunscreen protects your skin from harmful UV rays while keeping it hydrated, cool and healthy.<\/p>\n<\/div>\n<\/div>\n<\/div>\n<\/div>\n<\/div>\n<\/div>\n<\/article>\n<\/div>\n<p><strong><b>How to use:<\/b><\/strong><\/p>\n<p>Apply evenly to face\/skin before sun exposure and gently massage until absorbed. Reapply every 2 hours, and after swimming, sweating, or towel-drying. Avoid contact with eyes and lips\/mouth. Suitable for daily use.<\/p>\n<p><strong><b>Brand Introduction:<\/b><\/strong><\/p>\n<p>DR\u00b7RASHEL was founded in 1989 by Mr. BAKRI, a skin care master, with thirty years of product experience. Focused on health, Mr. BAKRI developed precise formulas for the natural ingredients to maximize skin health and vibrant radiance\uff0ca principle applied across the wide range of DR\u00b7RASHEL\u2019s skin care products.<\/p>\n<p>DR\u00b7RASHEL products are spread around the world and welcomed by customers in five continents, more specifically, in the Middle East, South America, and Europe.<\/p>\n<p>We export to over 100 countries, including UAE, Russia, America, Mexico, Australia\uff0cSaudi Arabia\uff0cBrazil, India and South Africa.<\/p>\n<p>We have ISO\uff0cGMPC American European Union International Authoritative Double Certification, Advanced R &amp; D testing equipment, thousands of mature formulas and high efficiency sales team and competitive price superiority. Our product categories are: skin care products, make-up products, wash and care products.<\/p>\n<p>&nbsp;<\/p>\n<p><strong><b>FAQ:<\/b><\/strong><\/p>\n<p data-start=\"150\" data-end=\"478\"><strong data-start=\"150\" data-end=\"203\">Q1: Can this sunscreen be used on sensitive skin?<\/strong><br data-start=\"203\" data-end=\"206\" \/><strong data-start=\"206\" data-end=\"212\">A:<\/strong> Yes. This Aloe Vera Soothing Sunscreen SPF50 is formulated with aloe vera extract and hydrating ingredients that help calm irritation and soothe the skin, making it suitable for all skin types, including sensitive and dry skin.<\/p>\n<p data-start=\"480\" data-end=\"833\"><strong data-start=\"480\" data-end=\"551\">Q2: How and when should I apply this sunscreen for best protection?<\/strong><br data-start=\"551\" data-end=\"554\" \/><strong data-start=\"554\" data-end=\"560\">A:<\/strong> Apply the sunscreen generously to all exposed skin <strong data-start=\"612\" data-end=\"649\">15\u201320 minutes before sun exposure<\/strong>. Reapply every <strong data-start=\"665\" data-end=\"676\">2 hours<\/strong>\u2014especially after swimming, sweating, or towel drying\u2014to maintain broad-spectrum UVA\/UVB protection throughout the day.<\/p>\n","protected":false},"excerpt":{"rendered":"<p>El protector solar d'aloe vera et permet impregnar-te en el sol sense raigs nocius que causin estragos a la teva pell. Aquesta f\u00f3rmula resistent a l'aigua ofereix SPF 50 protecci\u00f3 d'ampli espectre contra els raigs UVA i UVB mentre bloqueja la humitat amb aloe calmant de fulles. Potant i suau, l'aloe vera pura nutreix la pell, bloqueja la humitat i calma, i tamb\u00e9 ajuda a suavitzar la pell i penetra m\u00e9s profundament per a una major hidrataci\u00f3.<\/p>\n<p><strong>N\u00famero de s\u00e8rie:<\/strong>\u00a0DRL-2002<\/p>\n<p><strong>Tipus de pell aplicable:<\/strong>\u00a0Adequat per a tots els tipus de pell; especialment propensa a imperfeccions, deshidratada i f\u00e0cilment irritada<\/p>\n<p><strong>Ingredients principals:<\/strong> Extracte d'Aloe Barbadensis, \u00e0cid hialur\u00f2nic (hialuronat de sodi), vitamina E (tocoferol), pantenol (pro-vitamina B5)<\/p>\n<p><strong>Contingut net:\u00a0<\/strong>100 gr<\/p>","protected":false},"featured_media":5461,"comment_status":"closed","ping_status":"closed","template":"","meta":[],"product_brand":[],"product_cat":[131,133],"product_tag":[],"class_list":{"0":"post-5421","1":"product","2":"type-product","3":"status-publish","4":"has-post-thumbnail","6":"product_cat-sun-care","7":"product_cat-sun-cream","9":"first","10":"instock","11":"shipping-taxable","12":"product-type-simple"},"_links":{"self":[{"href":"https:\/\/www.drrashel-bbg.com\/fr\/wp-json\/wp\/v2\/product\/5421","targetHints":{"allow":["GET"]}}],"collection":[{"href":"https:\/\/www.drrashel-bbg.com\/fr\/wp-json\/wp\/v2\/product"}],"about":[{"href":"https:\/\/www.drrashel-bbg.com\/fr\/wp-json\/wp\/v2\/types\/product"}],"replies":[{"embeddable":true,"href":"https:\/\/www.drrashel-bbg.com\/fr\/wp-json\/wp\/v2\/comments?post=5421"}],"wp:featuredmedia":[{"embeddable":true,"href":"https:\/\/www.drrashel-bbg.com\/fr\/wp-json\/wp\/v2\/media\/5461"}],"wp:attachment":[{"href":"https:\/\/www.drrashel-bbg.com\/fr\/wp-json\/wp\/v2\/media?parent=5421"}],"wp:term":[{"taxonomy":"product_brand","embeddable":true,"href":"https:\/\/www.drrashel-bbg.com\/fr\/wp-json\/wp\/v2\/product_brand?post=5421"},{"taxonomy":"product_cat","embeddable":true,"href":"https:\/\/www.drrashel-bbg.com\/fr\/wp-json\/wp\/v2\/product_cat?post=5421"},{"taxonomy":"product_tag","embeddable":true,"href":"https:\/\/www.drrashel-bbg.com\/fr\/wp-json\/wp\/v2\/product_tag?post=5421"}],"curies":[{"name":"wp","href":"https:\/\/api.w.org\/{rel}","templated":true}]}}