{"id":5504,"date":"2026-01-15T16:42:59","date_gmt":"2026-01-15T08:42:59","guid":{"rendered":"https:\/\/www.drrashel-bbg.com\/?post_type=product&#038;p=5504"},"modified":"2026-01-16T11:34:09","modified_gmt":"2026-01-16T03:34:09","slug":"vitamin-c-brightening-sunscreen-spf50","status":"publish","type":"product","link":"https:\/\/www.drrashel-bbg.com\/fr\/sun-cream-lotion\/vitamin-c-brightening-sunscreen-spf50\/","title":{"rendered":"Protector solar amb vitamina C SPF50"},"content":{"rendered":"<p><img fetchpriority=\"high\" decoding=\"async\" class=\"alignnone size-full wp-image-5515\" src=\"https:\/\/www.drrashel-bbg.com\/wp-content\/uploads\/2026\/01\/DRL-1999-Vitamin-C-Brightening-Sunscreen-SPF50-detai-1.webp\" alt=\"\" width=\"790\" height=\"1435\" srcset=\"https:\/\/www.drrashel-bbg.com\/wp-content\/uploads\/2026\/01\/DRL-1999-Vitamin-C-Brightening-Sunscreen-SPF50-detai-1.webp 790w, https:\/\/www.drrashel-bbg.com\/wp-content\/uploads\/2026\/01\/DRL-1999-Vitamin-C-Brightening-Sunscreen-SPF50-detai-1-165x300.webp 165w, https:\/\/www.drrashel-bbg.com\/wp-content\/uploads\/2026\/01\/DRL-1999-Vitamin-C-Brightening-Sunscreen-SPF50-detai-1-564x1024.webp 564w, https:\/\/www.drrashel-bbg.com\/wp-content\/uploads\/2026\/01\/DRL-1999-Vitamin-C-Brightening-Sunscreen-SPF50-detai-1-768x1395.webp 768w, https:\/\/www.drrashel-bbg.com\/wp-content\/uploads\/2026\/01\/DRL-1999-Vitamin-C-Brightening-Sunscreen-SPF50-detai-1-7x12.webp 7w, https:\/\/www.drrashel-bbg.com\/wp-content\/uploads\/2026\/01\/DRL-1999-Vitamin-C-Brightening-Sunscreen-SPF50-detai-1-600x1090.webp 600w\" sizes=\"(max-width: 790px) 100vw, 790px\" \/> <img decoding=\"async\" class=\"alignnone size-full wp-image-5516\" src=\"https:\/\/www.drrashel-bbg.com\/wp-content\/uploads\/2026\/01\/DRL-1999-Vitamin-C-Brightening-Sunscreen-SPF50-detai-2.webp\" alt=\"\" width=\"790\" height=\"542\" srcset=\"https:\/\/www.drrashel-bbg.com\/wp-content\/uploads\/2026\/01\/DRL-1999-Vitamin-C-Brightening-Sunscreen-SPF50-detai-2.webp 790w, https:\/\/www.drrashel-bbg.com\/wp-content\/uploads\/2026\/01\/DRL-1999-Vitamin-C-Brightening-Sunscreen-SPF50-detai-2-300x206.webp 300w, https:\/\/www.drrashel-bbg.com\/wp-content\/uploads\/2026\/01\/DRL-1999-Vitamin-C-Brightening-Sunscreen-SPF50-detai-2-768x527.webp 768w, https:\/\/www.drrashel-bbg.com\/wp-content\/uploads\/2026\/01\/DRL-1999-Vitamin-C-Brightening-Sunscreen-SPF50-detai-2-18x12.webp 18w, https:\/\/www.drrashel-bbg.com\/wp-content\/uploads\/2026\/01\/DRL-1999-Vitamin-C-Brightening-Sunscreen-SPF50-detai-2-600x412.webp 600w\" sizes=\"(max-width: 790px) 100vw, 790px\" \/> <img decoding=\"async\" class=\"alignnone size-full wp-image-5517\" src=\"https:\/\/www.drrashel-bbg.com\/wp-content\/uploads\/2026\/01\/DRL-1999-Vitamin-C-Brightening-Sunscreen-SPF50-detai-3.webp\" alt=\"\" width=\"790\" height=\"915\" srcset=\"https:\/\/www.drrashel-bbg.com\/wp-content\/uploads\/2026\/01\/DRL-1999-Vitamin-C-Brightening-Sunscreen-SPF50-detai-3.webp 790w, https:\/\/www.drrashel-bbg.com\/wp-content\/uploads\/2026\/01\/DRL-1999-Vitamin-C-Brightening-Sunscreen-SPF50-detai-3-259x300.webp 259w, https:\/\/www.drrashel-bbg.com\/wp-content\/uploads\/2026\/01\/DRL-1999-Vitamin-C-Brightening-Sunscreen-SPF50-detai-3-768x890.webp 768w, https:\/\/www.drrashel-bbg.com\/wp-content\/uploads\/2026\/01\/DRL-1999-Vitamin-C-Brightening-Sunscreen-SPF50-detai-3-10x12.webp 10w, https:\/\/www.drrashel-bbg.com\/wp-content\/uploads\/2026\/01\/DRL-1999-Vitamin-C-Brightening-Sunscreen-SPF50-detai-3-600x695.webp 600w\" sizes=\"(max-width: 790px) 100vw, 790px\" \/> <img loading=\"lazy\" decoding=\"async\" class=\"alignnone size-full wp-image-5518\" src=\"https:\/\/www.drrashel-bbg.com\/wp-content\/uploads\/2026\/01\/DRL-1999-Vitamin-C-Brightening-Sunscreen-SPF50-detai-4.webp\" alt=\"\" width=\"790\" height=\"1452\" srcset=\"https:\/\/www.drrashel-bbg.com\/wp-content\/uploads\/2026\/01\/DRL-1999-Vitamin-C-Brightening-Sunscreen-SPF50-detai-4.webp 790w, https:\/\/www.drrashel-bbg.com\/wp-content\/uploads\/2026\/01\/DRL-1999-Vitamin-C-Brightening-Sunscreen-SPF50-detai-4-163x300.webp 163w, https:\/\/www.drrashel-bbg.com\/wp-content\/uploads\/2026\/01\/DRL-1999-Vitamin-C-Brightening-Sunscreen-SPF50-detai-4-557x1024.webp 557w, https:\/\/www.drrashel-bbg.com\/wp-content\/uploads\/2026\/01\/DRL-1999-Vitamin-C-Brightening-Sunscreen-SPF50-detai-4-768x1412.webp 768w, https:\/\/www.drrashel-bbg.com\/wp-content\/uploads\/2026\/01\/DRL-1999-Vitamin-C-Brightening-Sunscreen-SPF50-detai-4-7x12.webp 7w, https:\/\/www.drrashel-bbg.com\/wp-content\/uploads\/2026\/01\/DRL-1999-Vitamin-C-Brightening-Sunscreen-SPF50-detai-4-600x1103.webp 600w\" sizes=\"(max-width: 790px) 100vw, 790px\" \/> <img loading=\"lazy\" decoding=\"async\" class=\"alignnone size-full wp-image-5520\" src=\"https:\/\/www.drrashel-bbg.com\/wp-content\/uploads\/2026\/01\/DRL-1999-Vitamin-C-Brightening-Sunscreen-SPF50-detai-6.webp\" alt=\"\" width=\"790\" height=\"1317\" srcset=\"https:\/\/www.drrashel-bbg.com\/wp-content\/uploads\/2026\/01\/DRL-1999-Vitamin-C-Brightening-Sunscreen-SPF50-detai-6.webp 790w, https:\/\/www.drrashel-bbg.com\/wp-content\/uploads\/2026\/01\/DRL-1999-Vitamin-C-Brightening-Sunscreen-SPF50-detai-6-180x300.webp 180w, https:\/\/www.drrashel-bbg.com\/wp-content\/uploads\/2026\/01\/DRL-1999-Vitamin-C-Brightening-Sunscreen-SPF50-detai-6-614x1024.webp 614w, https:\/\/www.drrashel-bbg.com\/wp-content\/uploads\/2026\/01\/DRL-1999-Vitamin-C-Brightening-Sunscreen-SPF50-detai-6-768x1280.webp 768w, https:\/\/www.drrashel-bbg.com\/wp-content\/uploads\/2026\/01\/DRL-1999-Vitamin-C-Brightening-Sunscreen-SPF50-detai-6-7x12.webp 7w, https:\/\/www.drrashel-bbg.com\/wp-content\/uploads\/2026\/01\/DRL-1999-Vitamin-C-Brightening-Sunscreen-SPF50-detai-6-600x1000.webp 600w\" sizes=\"(max-width: 790px) 100vw, 790px\" \/> <img loading=\"lazy\" decoding=\"async\" class=\"alignnone size-full wp-image-5521\" src=\"https:\/\/www.drrashel-bbg.com\/wp-content\/uploads\/2026\/01\/DRL-1999-Vitamin-C-Brightening-Sunscreen-SPF50-detai-7.webp\" alt=\"\" width=\"790\" height=\"396\" srcset=\"https:\/\/www.drrashel-bbg.com\/wp-content\/uploads\/2026\/01\/DRL-1999-Vitamin-C-Brightening-Sunscreen-SPF50-detai-7.webp 790w, https:\/\/www.drrashel-bbg.com\/wp-content\/uploads\/2026\/01\/DRL-1999-Vitamin-C-Brightening-Sunscreen-SPF50-detai-7-300x150.webp 300w, https:\/\/www.drrashel-bbg.com\/wp-content\/uploads\/2026\/01\/DRL-1999-Vitamin-C-Brightening-Sunscreen-SPF50-detai-7-768x385.webp 768w, https:\/\/www.drrashel-bbg.com\/wp-content\/uploads\/2026\/01\/DRL-1999-Vitamin-C-Brightening-Sunscreen-SPF50-detai-7-18x9.webp 18w, https:\/\/www.drrashel-bbg.com\/wp-content\/uploads\/2026\/01\/DRL-1999-Vitamin-C-Brightening-Sunscreen-SPF50-detai-7-600x301.webp 600w\" sizes=\"(max-width: 790px) 100vw, 790px\" \/> <img loading=\"lazy\" decoding=\"async\" class=\"alignnone size-full wp-image-5522\" src=\"https:\/\/www.drrashel-bbg.com\/wp-content\/uploads\/2026\/01\/DRL-1999-Vitamin-C-Brightening-Sunscreen-SPF50-detai-8.webp\" alt=\"\" width=\"790\" height=\"1512\" srcset=\"https:\/\/www.drrashel-bbg.com\/wp-content\/uploads\/2026\/01\/DRL-1999-Vitamin-C-Brightening-Sunscreen-SPF50-detai-8.webp 790w, https:\/\/www.drrashel-bbg.com\/wp-content\/uploads\/2026\/01\/DRL-1999-Vitamin-C-Brightening-Sunscreen-SPF50-detai-8-157x300.webp 157w, https:\/\/www.drrashel-bbg.com\/wp-content\/uploads\/2026\/01\/DRL-1999-Vitamin-C-Brightening-Sunscreen-SPF50-detai-8-535x1024.webp 535w, https:\/\/www.drrashel-bbg.com\/wp-content\/uploads\/2026\/01\/DRL-1999-Vitamin-C-Brightening-Sunscreen-SPF50-detai-8-768x1470.webp 768w, https:\/\/www.drrashel-bbg.com\/wp-content\/uploads\/2026\/01\/DRL-1999-Vitamin-C-Brightening-Sunscreen-SPF50-detai-8-6x12.webp 6w, https:\/\/www.drrashel-bbg.com\/wp-content\/uploads\/2026\/01\/DRL-1999-Vitamin-C-Brightening-Sunscreen-SPF50-detai-8-600x1148.webp 600w\" sizes=\"(max-width: 790px) 100vw, 790px\" \/> <img loading=\"lazy\" decoding=\"async\" class=\"alignnone size-full wp-image-5523\" src=\"https:\/\/www.drrashel-bbg.com\/wp-content\/uploads\/2026\/01\/DRL-1999-Vitamin-C-Brightening-Sunscreen-SPF50-detai-9.webp\" alt=\"\" width=\"790\" height=\"493\" srcset=\"https:\/\/www.drrashel-bbg.com\/wp-content\/uploads\/2026\/01\/DRL-1999-Vitamin-C-Brightening-Sunscreen-SPF50-detai-9.webp 790w, https:\/\/www.drrashel-bbg.com\/wp-content\/uploads\/2026\/01\/DRL-1999-Vitamin-C-Brightening-Sunscreen-SPF50-detai-9-300x187.webp 300w, https:\/\/www.drrashel-bbg.com\/wp-content\/uploads\/2026\/01\/DRL-1999-Vitamin-C-Brightening-Sunscreen-SPF50-detai-9-768x479.webp 768w, https:\/\/www.drrashel-bbg.com\/wp-content\/uploads\/2026\/01\/DRL-1999-Vitamin-C-Brightening-Sunscreen-SPF50-detai-9-18x12.webp 18w, https:\/\/www.drrashel-bbg.com\/wp-content\/uploads\/2026\/01\/DRL-1999-Vitamin-C-Brightening-Sunscreen-SPF50-detai-9-600x374.webp 600w\" sizes=\"(max-width: 790px) 100vw, 790px\" \/> <img loading=\"lazy\" decoding=\"async\" class=\"alignnone size-full wp-image-5512\" src=\"https:\/\/www.drrashel-bbg.com\/wp-content\/uploads\/2026\/01\/DRL-1999-Vitamin-C-Brightening-Sunscreen-SPF50-detai-11.webp\" alt=\"\" width=\"790\" height=\"1143\" srcset=\"https:\/\/www.drrashel-bbg.com\/wp-content\/uploads\/2026\/01\/DRL-1999-Vitamin-C-Brightening-Sunscreen-SPF50-detai-11.webp 790w, https:\/\/www.drrashel-bbg.com\/wp-content\/uploads\/2026\/01\/DRL-1999-Vitamin-C-Brightening-Sunscreen-SPF50-detai-11-207x300.webp 207w, https:\/\/www.drrashel-bbg.com\/wp-content\/uploads\/2026\/01\/DRL-1999-Vitamin-C-Brightening-Sunscreen-SPF50-detai-11-708x1024.webp 708w, https:\/\/www.drrashel-bbg.com\/wp-content\/uploads\/2026\/01\/DRL-1999-Vitamin-C-Brightening-Sunscreen-SPF50-detai-11-768x1111.webp 768w, https:\/\/www.drrashel-bbg.com\/wp-content\/uploads\/2026\/01\/DRL-1999-Vitamin-C-Brightening-Sunscreen-SPF50-detai-11-8x12.webp 8w, https:\/\/www.drrashel-bbg.com\/wp-content\/uploads\/2026\/01\/DRL-1999-Vitamin-C-Brightening-Sunscreen-SPF50-detai-11-600x868.webp 600w\" sizes=\"(max-width: 790px) 100vw, 790px\" \/> <img loading=\"lazy\" decoding=\"async\" class=\"alignnone size-full wp-image-5513\" src=\"https:\/\/www.drrashel-bbg.com\/wp-content\/uploads\/2026\/01\/DRL-1999-Vitamin-C-Brightening-Sunscreen-SPF50-detai-12.webp\" alt=\"\" width=\"790\" height=\"1883\" srcset=\"https:\/\/www.drrashel-bbg.com\/wp-content\/uploads\/2026\/01\/DRL-1999-Vitamin-C-Brightening-Sunscreen-SPF50-detai-12.webp 790w, https:\/\/www.drrashel-bbg.com\/wp-content\/uploads\/2026\/01\/DRL-1999-Vitamin-C-Brightening-Sunscreen-SPF50-detai-12-126x300.webp 126w, https:\/\/www.drrashel-bbg.com\/wp-content\/uploads\/2026\/01\/DRL-1999-Vitamin-C-Brightening-Sunscreen-SPF50-detai-12-430x1024.webp 430w, https:\/\/www.drrashel-bbg.com\/wp-content\/uploads\/2026\/01\/DRL-1999-Vitamin-C-Brightening-Sunscreen-SPF50-detai-12-768x1831.webp 768w, https:\/\/www.drrashel-bbg.com\/wp-content\/uploads\/2026\/01\/DRL-1999-Vitamin-C-Brightening-Sunscreen-SPF50-detai-12-644x1536.webp 644w, https:\/\/www.drrashel-bbg.com\/wp-content\/uploads\/2026\/01\/DRL-1999-Vitamin-C-Brightening-Sunscreen-SPF50-detai-12-5x12.webp 5w, https:\/\/www.drrashel-bbg.com\/wp-content\/uploads\/2026\/01\/DRL-1999-Vitamin-C-Brightening-Sunscreen-SPF50-detai-12-600x1430.webp 600w\" sizes=\"(max-width: 790px) 100vw, 790px\" \/> <img loading=\"lazy\" decoding=\"async\" class=\"alignnone size-full wp-image-5514\" src=\"https:\/\/www.drrashel-bbg.com\/wp-content\/uploads\/2026\/01\/DRL-1999-Vitamin-C-Brightening-Sunscreen-SPF50-detai-13.webp\" alt=\"\" width=\"790\" height=\"1786\" srcset=\"https:\/\/www.drrashel-bbg.com\/wp-content\/uploads\/2026\/01\/DRL-1999-Vitamin-C-Brightening-Sunscreen-SPF50-detai-13.webp 790w, https:\/\/www.drrashel-bbg.com\/wp-content\/uploads\/2026\/01\/DRL-1999-Vitamin-C-Brightening-Sunscreen-SPF50-detai-13-133x300.webp 133w, https:\/\/www.drrashel-bbg.com\/wp-content\/uploads\/2026\/01\/DRL-1999-Vitamin-C-Brightening-Sunscreen-SPF50-detai-13-453x1024.webp 453w, https:\/\/www.drrashel-bbg.com\/wp-content\/uploads\/2026\/01\/DRL-1999-Vitamin-C-Brightening-Sunscreen-SPF50-detai-13-768x1736.webp 768w, https:\/\/www.drrashel-bbg.com\/wp-content\/uploads\/2026\/01\/DRL-1999-Vitamin-C-Brightening-Sunscreen-SPF50-detai-13-679x1536.webp 679w, https:\/\/www.drrashel-bbg.com\/wp-content\/uploads\/2026\/01\/DRL-1999-Vitamin-C-Brightening-Sunscreen-SPF50-detai-13-5x12.webp 5w, https:\/\/www.drrashel-bbg.com\/wp-content\/uploads\/2026\/01\/DRL-1999-Vitamin-C-Brightening-Sunscreen-SPF50-detai-13-600x1356.webp 600w\" sizes=\"(max-width: 790px) 100vw, 790px\" \/><\/p>\n<p><strong><b>Product Benefits:<\/b><\/strong><\/p>\n<div class=\"flex flex-col text-sm pb-25\">\n<article class=\"text-token-text-primary w-full focus:outline-none [--shadow-height:45px] has-data-writing-block:pointer-events-none has-data-writing-block:-mt-(--shadow-height) has-data-writing-block:pt-(--shadow-height) [&amp;:has([data-writing-block])&gt;*]:pointer-events-auto scroll-mt-[calc(var(--header-height)+min(200px,max(70px,20svh)))]\" dir=\"auto\" tabindex=\"-1\" data-turn-id=\"request-695b7c66-582c-8329-b283-55317d1aaf18-1\" data-testid=\"conversation-turn-10\" data-scroll-anchor=\"true\" data-turn=\"assistant\">\n<div class=\"text-base my-auto mx-auto pb-10 [--thread-content-margin:--spacing(4)] @w-sm\/main:[--thread-content-margin:--spacing(6)] @w-lg\/main:[--thread-content-margin:--spacing(16)] px-(--thread-content-margin)\">\n<div class=\"[--thread-content-max-width:40rem] @w-lg\/main:[--thread-content-max-width:48rem] mx-auto max-w-(--thread-content-max-width) flex-1 group\/turn-messages focus-visible:outline-hidden relative flex w-full min-w-0 flex-col agent-turn\" tabindex=\"-1\">\n<div class=\"flex max-w-full flex-col grow\">\n<div class=\"min-h-8 text-message relative flex w-full flex-col items-end gap-2 text-start break-words whitespace-normal [.text-message+&amp;]:mt-1\" dir=\"auto\" data-message-author-role=\"assistant\" data-message-id=\"046d3858-19f9-462b-8ebc-d98a9da114bb\" data-message-model-slug=\"gpt-5-2-thinking\">\n<div class=\"flex w-full flex-col gap-1 empty:hidden first:pt-[1px]\">\n<div class=\"markdown prose dark:prose-invert w-full break-words light markdown-new-styling\">\n<p data-start=\"0\" data-end=\"129\" data-is-last-node=\"\" data-is-only-node=\"\">Offers sun protection while reducing dark spots and enhancing skin radiance.<\/p>\n<\/div>\n<\/div>\n<\/div>\n<\/div>\n<\/div>\n<\/div>\n<\/article>\n<\/div>\n<p><strong><b>How to use:<\/b><\/strong><\/p>\n<p>Apply evenly to face\/skin before sun exposure and gently massage until absorbed. Reapply every 2 hours, and after swimming, sweating, or towel-drying. Avoid contact with eyes and lips\/mouth. Suitable for daily use.<\/p>\n<p><strong><b>Brand Introduction:<\/b><\/strong><\/p>\n<p>DR\u00b7RASHEL was founded in 1989 by Mr. BAKRI, a skin care master, with thirty years of product experience. Focused on health, Mr. BAKRI developed precise formulas for the natural ingredients to maximize skin health and vibrant radiance\uff0ca principle applied across the wide range of DR\u00b7RASHEL\u2019s skin care products.<\/p>\n<p>DR\u00b7RASHEL products are spread around the world and welcomed by customers in five continents, more specifically, in the Middle East, South America, and Europe.<\/p>\n<p>We export to over 100 countries, including UAE, Russia, America, Mexico, Australia\uff0cSaudi Arabia\uff0cBrazil, India and South Africa.<\/p>\n<p>We have ISO\uff0cGMPC American European Union International Authoritative Double Certification, Advanced R &amp; D testing equipment, thousands of mature formulas and high efficiency sales team and competitive price superiority. Our product categories are: skin care products, make-up products, wash and care products.<\/p>\n<p>&nbsp;<\/p>\n<p><strong><b>FAQ:<\/b><\/strong><\/p>\n<p data-start=\"111\" data-end=\"430\"><strong data-start=\"111\" data-end=\"166\">Q1: What skin types is this sunscreen suitable for?<\/strong><br data-start=\"166\" data-end=\"169\" \/><strong data-start=\"169\" data-end=\"175\">A:<\/strong> This sunscreen has a lightweight, non-greasy texture and is enriched with vitamin C\u2013based ingredients that help brighten the skin while protecting it from sun damage. It is suitable for most skin types, including oily, combination, and dull-looking skin.<\/p>\n<p data-start=\"432\" data-end=\"709\"><strong data-start=\"432\" data-end=\"497\">Q2: How often should I reapply this sunscreen during the day?<\/strong><br data-start=\"497\" data-end=\"500\" \/><strong data-start=\"500\" data-end=\"506\">A:<\/strong> For optimal sun protection, apply generously 15\u201320 minutes before sun exposure. Reapply every 2 hours, especially after sweating, swimming, or towel drying, to maintain effective UVA and UVB protection.<\/p>\n","protected":false},"excerpt":{"rendered":"<p>El protector solar de vitamina C ajuda a minimitzar els signes d'envelliment i les taques fosques mentre protegeix la pell del sol. Amb una textura cremosa lleugera, \u00e9s adequat per a tots els tipus de pell i perfecte per donar a la pell una aparen\u00e7a uniforme i lluminosa mentre protegeix la pell de la radiaci\u00f3 solar. Els antioxidants i filtres protectors solars proporcionen una protecci\u00f3 solar molt alta contra els raigs UVA i UVB.<\/p>\n<p><strong>N\u00famero de s\u00e8rie:<\/strong>\u00a0DRL-1999<\/p>\n<p><strong>Tipus de pell aplicable:<\/strong>\u00a0Adequat per a tots els tipus de pell; millor per a la pell opaca, de to desigual i propensa a taques fosques<\/p>\n<p><strong>Ingredients principals:<\/strong>\u00a0Vitamina C (\u00e0cid asc\u00f2rbic), niacinamida, \u00e0cid hialur\u00f2nic (hialuronat de sodi), vitamina E (tocoferol)<\/p>\n<p><strong>Contingut net:<\/strong>\u00a0100 gr<\/p>","protected":false},"featured_media":5524,"comment_status":"closed","ping_status":"closed","template":"","meta":[],"product_brand":[],"product_cat":[131,135],"product_tag":[],"class_list":{"0":"post-5504","1":"product","2":"type-product","3":"status-publish","4":"has-post-thumbnail","6":"product_cat-sun-care","7":"product_cat-sun-cream-lotion","9":"first","10":"instock","11":"shipping-taxable","12":"product-type-simple"},"_links":{"self":[{"href":"https:\/\/www.drrashel-bbg.com\/fr\/wp-json\/wp\/v2\/product\/5504","targetHints":{"allow":["GET"]}}],"collection":[{"href":"https:\/\/www.drrashel-bbg.com\/fr\/wp-json\/wp\/v2\/product"}],"about":[{"href":"https:\/\/www.drrashel-bbg.com\/fr\/wp-json\/wp\/v2\/types\/product"}],"replies":[{"embeddable":true,"href":"https:\/\/www.drrashel-bbg.com\/fr\/wp-json\/wp\/v2\/comments?post=5504"}],"wp:featuredmedia":[{"embeddable":true,"href":"https:\/\/www.drrashel-bbg.com\/fr\/wp-json\/wp\/v2\/media\/5524"}],"wp:attachment":[{"href":"https:\/\/www.drrashel-bbg.com\/fr\/wp-json\/wp\/v2\/media?parent=5504"}],"wp:term":[{"taxonomy":"product_brand","embeddable":true,"href":"https:\/\/www.drrashel-bbg.com\/fr\/wp-json\/wp\/v2\/product_brand?post=5504"},{"taxonomy":"product_cat","embeddable":true,"href":"https:\/\/www.drrashel-bbg.com\/fr\/wp-json\/wp\/v2\/product_cat?post=5504"},{"taxonomy":"product_tag","embeddable":true,"href":"https:\/\/www.drrashel-bbg.com\/fr\/wp-json\/wp\/v2\/product_tag?post=5504"}],"curies":[{"name":"wp","href":"https:\/\/api.w.org\/{rel}","templated":true}]}}