{"id":5525,"date":"2026-01-17T13:44:49","date_gmt":"2026-01-17T05:44:49","guid":{"rendered":"https:\/\/www.drrashel-bbg.com\/?post_type=product&#038;p=5525"},"modified":"2026-01-17T13:44:49","modified_gmt":"2026-01-17T05:44:49","slug":"bamboo-charcoal-purifying-face-wash","status":"publish","type":"product","link":"https:\/\/www.drrashel-bbg.com\/fr\/cleansing\/bamboo-charcoal-purifying-face-wash\/","title":{"rendered":"Carb\u00f3 de bamb\u00fa Purificant rentat de cara"},"content":{"rendered":"<p><img fetchpriority=\"high\" decoding=\"async\" class=\"alignnone size-full wp-image-5526\" src=\"https:\/\/www.drrashel-bbg.com\/wp-content\/uploads\/2026\/01\/1726-\u7af9\u70ad\u6d17\u9762\u5976-\u82f1\u6587_01.webp\" alt=\"\" width=\"790\" height=\"1172\" srcset=\"https:\/\/www.drrashel-bbg.com\/wp-content\/uploads\/2026\/01\/1726-\u7af9\u70ad\u6d17\u9762\u5976-\u82f1\u6587_01.webp 790w, https:\/\/www.drrashel-bbg.com\/wp-content\/uploads\/2026\/01\/1726-\u7af9\u70ad\u6d17\u9762\u5976-\u82f1\u6587_01-202x300.webp 202w, https:\/\/www.drrashel-bbg.com\/wp-content\/uploads\/2026\/01\/1726-\u7af9\u70ad\u6d17\u9762\u5976-\u82f1\u6587_01-690x1024.webp 690w, https:\/\/www.drrashel-bbg.com\/wp-content\/uploads\/2026\/01\/1726-\u7af9\u70ad\u6d17\u9762\u5976-\u82f1\u6587_01-768x1139.webp 768w, https:\/\/www.drrashel-bbg.com\/wp-content\/uploads\/2026\/01\/1726-\u7af9\u70ad\u6d17\u9762\u5976-\u82f1\u6587_01-8x12.webp 8w, https:\/\/www.drrashel-bbg.com\/wp-content\/uploads\/2026\/01\/1726-\u7af9\u70ad\u6d17\u9762\u5976-\u82f1\u6587_01-600x890.webp 600w\" sizes=\"(max-width: 790px) 100vw, 790px\" \/> <img decoding=\"async\" class=\"alignnone size-full wp-image-5527\" src=\"https:\/\/www.drrashel-bbg.com\/wp-content\/uploads\/2026\/01\/1726-\u7af9\u70ad\u6d17\u9762\u5976-\u82f1\u6587_02.webp\" alt=\"\" width=\"790\" height=\"643\" srcset=\"https:\/\/www.drrashel-bbg.com\/wp-content\/uploads\/2026\/01\/1726-\u7af9\u70ad\u6d17\u9762\u5976-\u82f1\u6587_02.webp 790w, https:\/\/www.drrashel-bbg.com\/wp-content\/uploads\/2026\/01\/1726-\u7af9\u70ad\u6d17\u9762\u5976-\u82f1\u6587_02-300x244.webp 300w, https:\/\/www.drrashel-bbg.com\/wp-content\/uploads\/2026\/01\/1726-\u7af9\u70ad\u6d17\u9762\u5976-\u82f1\u6587_02-768x625.webp 768w, https:\/\/www.drrashel-bbg.com\/wp-content\/uploads\/2026\/01\/1726-\u7af9\u70ad\u6d17\u9762\u5976-\u82f1\u6587_02-15x12.webp 15w, https:\/\/www.drrashel-bbg.com\/wp-content\/uploads\/2026\/01\/1726-\u7af9\u70ad\u6d17\u9762\u5976-\u82f1\u6587_02-600x488.webp 600w\" sizes=\"(max-width: 790px) 100vw, 790px\" \/> <img decoding=\"async\" class=\"alignnone size-full wp-image-5528\" src=\"https:\/\/www.drrashel-bbg.com\/wp-content\/uploads\/2026\/01\/1726-\u7af9\u70ad\u6d17\u9762\u5976-\u82f1\u6587_03.webp\" alt=\"\" width=\"790\" height=\"1089\" srcset=\"https:\/\/www.drrashel-bbg.com\/wp-content\/uploads\/2026\/01\/1726-\u7af9\u70ad\u6d17\u9762\u5976-\u82f1\u6587_03.webp 790w, https:\/\/www.drrashel-bbg.com\/wp-content\/uploads\/2026\/01\/1726-\u7af9\u70ad\u6d17\u9762\u5976-\u82f1\u6587_03-218x300.webp 218w, https:\/\/www.drrashel-bbg.com\/wp-content\/uploads\/2026\/01\/1726-\u7af9\u70ad\u6d17\u9762\u5976-\u82f1\u6587_03-743x1024.webp 743w, https:\/\/www.drrashel-bbg.com\/wp-content\/uploads\/2026\/01\/1726-\u7af9\u70ad\u6d17\u9762\u5976-\u82f1\u6587_03-768x1059.webp 768w, https:\/\/www.drrashel-bbg.com\/wp-content\/uploads\/2026\/01\/1726-\u7af9\u70ad\u6d17\u9762\u5976-\u82f1\u6587_03-9x12.webp 9w, https:\/\/www.drrashel-bbg.com\/wp-content\/uploads\/2026\/01\/1726-\u7af9\u70ad\u6d17\u9762\u5976-\u82f1\u6587_03-600x827.webp 600w\" sizes=\"(max-width: 790px) 100vw, 790px\" \/> <img loading=\"lazy\" decoding=\"async\" class=\"alignnone size-full wp-image-5529\" src=\"https:\/\/www.drrashel-bbg.com\/wp-content\/uploads\/2026\/01\/1726-\u7af9\u70ad\u6d17\u9762\u5976-\u82f1\u6587_04.webp\" alt=\"\" width=\"790\" height=\"1198\" srcset=\"https:\/\/www.drrashel-bbg.com\/wp-content\/uploads\/2026\/01\/1726-\u7af9\u70ad\u6d17\u9762\u5976-\u82f1\u6587_04.webp 790w, https:\/\/www.drrashel-bbg.com\/wp-content\/uploads\/2026\/01\/1726-\u7af9\u70ad\u6d17\u9762\u5976-\u82f1\u6587_04-198x300.webp 198w, https:\/\/www.drrashel-bbg.com\/wp-content\/uploads\/2026\/01\/1726-\u7af9\u70ad\u6d17\u9762\u5976-\u82f1\u6587_04-675x1024.webp 675w, https:\/\/www.drrashel-bbg.com\/wp-content\/uploads\/2026\/01\/1726-\u7af9\u70ad\u6d17\u9762\u5976-\u82f1\u6587_04-768x1165.webp 768w, https:\/\/www.drrashel-bbg.com\/wp-content\/uploads\/2026\/01\/1726-\u7af9\u70ad\u6d17\u9762\u5976-\u82f1\u6587_04-8x12.webp 8w, https:\/\/www.drrashel-bbg.com\/wp-content\/uploads\/2026\/01\/1726-\u7af9\u70ad\u6d17\u9762\u5976-\u82f1\u6587_04-600x910.webp 600w\" sizes=\"(max-width: 790px) 100vw, 790px\" \/> <img loading=\"lazy\" decoding=\"async\" class=\"alignnone size-full wp-image-5530\" src=\"https:\/\/www.drrashel-bbg.com\/wp-content\/uploads\/2026\/01\/1726-\u7af9\u70ad\u6d17\u9762\u5976-\u82f1\u6587_05.webp\" alt=\"\" width=\"790\" height=\"1366\" srcset=\"https:\/\/www.drrashel-bbg.com\/wp-content\/uploads\/2026\/01\/1726-\u7af9\u70ad\u6d17\u9762\u5976-\u82f1\u6587_05.webp 790w, https:\/\/www.drrashel-bbg.com\/wp-content\/uploads\/2026\/01\/1726-\u7af9\u70ad\u6d17\u9762\u5976-\u82f1\u6587_05-173x300.webp 173w, https:\/\/www.drrashel-bbg.com\/wp-content\/uploads\/2026\/01\/1726-\u7af9\u70ad\u6d17\u9762\u5976-\u82f1\u6587_05-592x1024.webp 592w, https:\/\/www.drrashel-bbg.com\/wp-content\/uploads\/2026\/01\/1726-\u7af9\u70ad\u6d17\u9762\u5976-\u82f1\u6587_05-768x1328.webp 768w, https:\/\/www.drrashel-bbg.com\/wp-content\/uploads\/2026\/01\/1726-\u7af9\u70ad\u6d17\u9762\u5976-\u82f1\u6587_05-7x12.webp 7w, https:\/\/www.drrashel-bbg.com\/wp-content\/uploads\/2026\/01\/1726-\u7af9\u70ad\u6d17\u9762\u5976-\u82f1\u6587_05-600x1037.webp 600w\" sizes=\"(max-width: 790px) 100vw, 790px\" \/> <img loading=\"lazy\" decoding=\"async\" class=\"alignnone size-full wp-image-5531\" src=\"https:\/\/www.drrashel-bbg.com\/wp-content\/uploads\/2026\/01\/1726-\u7af9\u70ad\u6d17\u9762\u5976-\u82f1\u6587_06.webp\" alt=\"\" width=\"790\" height=\"1214\" srcset=\"https:\/\/www.drrashel-bbg.com\/wp-content\/uploads\/2026\/01\/1726-\u7af9\u70ad\u6d17\u9762\u5976-\u82f1\u6587_06.webp 790w, https:\/\/www.drrashel-bbg.com\/wp-content\/uploads\/2026\/01\/1726-\u7af9\u70ad\u6d17\u9762\u5976-\u82f1\u6587_06-195x300.webp 195w, https:\/\/www.drrashel-bbg.com\/wp-content\/uploads\/2026\/01\/1726-\u7af9\u70ad\u6d17\u9762\u5976-\u82f1\u6587_06-666x1024.webp 666w, https:\/\/www.drrashel-bbg.com\/wp-content\/uploads\/2026\/01\/1726-\u7af9\u70ad\u6d17\u9762\u5976-\u82f1\u6587_06-768x1180.webp 768w, https:\/\/www.drrashel-bbg.com\/wp-content\/uploads\/2026\/01\/1726-\u7af9\u70ad\u6d17\u9762\u5976-\u82f1\u6587_06-8x12.webp 8w, https:\/\/www.drrashel-bbg.com\/wp-content\/uploads\/2026\/01\/1726-\u7af9\u70ad\u6d17\u9762\u5976-\u82f1\u6587_06-600x922.webp 600w\" sizes=\"(max-width: 790px) 100vw, 790px\" \/> <img loading=\"lazy\" decoding=\"async\" class=\"alignnone size-full wp-image-5532\" src=\"https:\/\/www.drrashel-bbg.com\/wp-content\/uploads\/2026\/01\/1726-\u7af9\u70ad\u6d17\u9762\u5976-\u82f1\u6587_07.webp\" alt=\"\" width=\"790\" height=\"1216\" srcset=\"https:\/\/www.drrashel-bbg.com\/wp-content\/uploads\/2026\/01\/1726-\u7af9\u70ad\u6d17\u9762\u5976-\u82f1\u6587_07.webp 790w, https:\/\/www.drrashel-bbg.com\/wp-content\/uploads\/2026\/01\/1726-\u7af9\u70ad\u6d17\u9762\u5976-\u82f1\u6587_07-195x300.webp 195w, https:\/\/www.drrashel-bbg.com\/wp-content\/uploads\/2026\/01\/1726-\u7af9\u70ad\u6d17\u9762\u5976-\u82f1\u6587_07-665x1024.webp 665w, https:\/\/www.drrashel-bbg.com\/wp-content\/uploads\/2026\/01\/1726-\u7af9\u70ad\u6d17\u9762\u5976-\u82f1\u6587_07-768x1182.webp 768w, https:\/\/www.drrashel-bbg.com\/wp-content\/uploads\/2026\/01\/1726-\u7af9\u70ad\u6d17\u9762\u5976-\u82f1\u6587_07-8x12.webp 8w, https:\/\/www.drrashel-bbg.com\/wp-content\/uploads\/2026\/01\/1726-\u7af9\u70ad\u6d17\u9762\u5976-\u82f1\u6587_07-600x924.webp 600w\" sizes=\"(max-width: 790px) 100vw, 790px\" \/> <img loading=\"lazy\" decoding=\"async\" class=\"alignnone size-full wp-image-5533\" src=\"https:\/\/www.drrashel-bbg.com\/wp-content\/uploads\/2026\/01\/1726-\u7af9\u70ad\u6d17\u9762\u5976-\u82f1\u6587_08.webp\" alt=\"\" width=\"790\" height=\"1243\" srcset=\"https:\/\/www.drrashel-bbg.com\/wp-content\/uploads\/2026\/01\/1726-\u7af9\u70ad\u6d17\u9762\u5976-\u82f1\u6587_08.webp 790w, https:\/\/www.drrashel-bbg.com\/wp-content\/uploads\/2026\/01\/1726-\u7af9\u70ad\u6d17\u9762\u5976-\u82f1\u6587_08-191x300.webp 191w, https:\/\/www.drrashel-bbg.com\/wp-content\/uploads\/2026\/01\/1726-\u7af9\u70ad\u6d17\u9762\u5976-\u82f1\u6587_08-651x1024.webp 651w, https:\/\/www.drrashel-bbg.com\/wp-content\/uploads\/2026\/01\/1726-\u7af9\u70ad\u6d17\u9762\u5976-\u82f1\u6587_08-768x1208.webp 768w, https:\/\/www.drrashel-bbg.com\/wp-content\/uploads\/2026\/01\/1726-\u7af9\u70ad\u6d17\u9762\u5976-\u82f1\u6587_08-8x12.webp 8w, https:\/\/www.drrashel-bbg.com\/wp-content\/uploads\/2026\/01\/1726-\u7af9\u70ad\u6d17\u9762\u5976-\u82f1\u6587_08-600x944.webp 600w\" sizes=\"(max-width: 790px) 100vw, 790px\" \/> <img loading=\"lazy\" decoding=\"async\" class=\"alignnone size-full wp-image-5534\" src=\"https:\/\/www.drrashel-bbg.com\/wp-content\/uploads\/2026\/01\/1726-\u7af9\u70ad\u6d17\u9762\u5976-\u82f1\u6587_09.webp\" alt=\"\" width=\"790\" height=\"1336\" srcset=\"https:\/\/www.drrashel-bbg.com\/wp-content\/uploads\/2026\/01\/1726-\u7af9\u70ad\u6d17\u9762\u5976-\u82f1\u6587_09.webp 790w, https:\/\/www.drrashel-bbg.com\/wp-content\/uploads\/2026\/01\/1726-\u7af9\u70ad\u6d17\u9762\u5976-\u82f1\u6587_09-177x300.webp 177w, https:\/\/www.drrashel-bbg.com\/wp-content\/uploads\/2026\/01\/1726-\u7af9\u70ad\u6d17\u9762\u5976-\u82f1\u6587_09-606x1024.webp 606w, https:\/\/www.drrashel-bbg.com\/wp-content\/uploads\/2026\/01\/1726-\u7af9\u70ad\u6d17\u9762\u5976-\u82f1\u6587_09-768x1299.webp 768w, https:\/\/www.drrashel-bbg.com\/wp-content\/uploads\/2026\/01\/1726-\u7af9\u70ad\u6d17\u9762\u5976-\u82f1\u6587_09-7x12.webp 7w, https:\/\/www.drrashel-bbg.com\/wp-content\/uploads\/2026\/01\/1726-\u7af9\u70ad\u6d17\u9762\u5976-\u82f1\u6587_09-600x1015.webp 600w\" sizes=\"(max-width: 790px) 100vw, 790px\" \/> <img loading=\"lazy\" decoding=\"async\" class=\"alignnone size-full wp-image-5535\" src=\"https:\/\/www.drrashel-bbg.com\/wp-content\/uploads\/2026\/01\/1726-\u7af9\u70ad\u6d17\u9762\u5976-\u82f1\u6587_10.webp\" alt=\"\" width=\"790\" height=\"566\" srcset=\"https:\/\/www.drrashel-bbg.com\/wp-content\/uploads\/2026\/01\/1726-\u7af9\u70ad\u6d17\u9762\u5976-\u82f1\u6587_10.webp 790w, https:\/\/www.drrashel-bbg.com\/wp-content\/uploads\/2026\/01\/1726-\u7af9\u70ad\u6d17\u9762\u5976-\u82f1\u6587_10-300x215.webp 300w, https:\/\/www.drrashel-bbg.com\/wp-content\/uploads\/2026\/01\/1726-\u7af9\u70ad\u6d17\u9762\u5976-\u82f1\u6587_10-768x550.webp 768w, https:\/\/www.drrashel-bbg.com\/wp-content\/uploads\/2026\/01\/1726-\u7af9\u70ad\u6d17\u9762\u5976-\u82f1\u6587_10-18x12.webp 18w, https:\/\/www.drrashel-bbg.com\/wp-content\/uploads\/2026\/01\/1726-\u7af9\u70ad\u6d17\u9762\u5976-\u82f1\u6587_10-600x430.webp 600w\" sizes=\"(max-width: 790px) 100vw, 790px\" \/><\/p>\n<p>Beneficis del producte: Carb\u00f3 negre netejador facial ismade d'ingredients naturals, Carb\u00f3 &#8217; s absorci\u00f3 i pot\u00e8ncia de neteja pot eliminar f\u00e0cilment la brutesa de les capes negres.<\/p>\n<p>&nbsp;<\/p>\n<p>Com utilitzar: Utilitzar dues vegades al dia, espremer una petita quantitat a les mans i treballar en espuma rica. Massatge sobre la cara humida, contacte buit amb els ulls, esballar a fons amb aigua.<\/p>\n<p>&nbsp;<\/p>\n<p>Adverten\u00e7a: Nom\u00e9s per a \u00fas extern, mantenir-lo en un lloc sec i fresc, evitar el contacte directe amb els ulls, si es produeix contacte, esborrar b\u00e9 amb aigua. Si es produeix irritaci\u00f3, deixeu d'utilitzar. Mantingui-lo fora de l'abast dels nens.<\/p>\n<p>Introducci\u00f3 de la marca:<\/p>\n<p>DR\u00b7RASHEL va ser fundada el 1989 pel senyor BAKRI, un mestre de cura de la pell, amb trenta anys d'experi\u00e8ncia en productes. Centrat en la salut, el senyor BAKRI va desenvolupar f\u00f3rmules precises per als ingredients naturals per maximitzar la salut de la pell i la radiaci\u00f3 vibrant, un principi aplicat en l'\u00e0mplia gamma de productes de cura de la pell de DR\u00b7RASHEL.<\/p>\n<p>Els productes DR\u00b7RASHEL es distribueixen per tot el m\u00f3n i s\u00f3n rebuts per clients en cinc continents, m\u00e9s espec\u00edficament, a l'Orient Mitj\u00e0, Am\u00e8rica del Sud i Europa.<\/p>\n<p>Exportem a m\u00e9s de 100 pa\u00efsos, incloent els Emirats \u00c0rabs Units, R\u00fassia, Am\u00e8rica, M\u00e8xic, Austr\u00e0lia, Ar\u00e0bia Saudita, Brasil, \u00cdndia i Sud-\u00e0frica.<\/p>\n<p>Tenim ISO, GMPC American European Union Internacional autorit\u00e0ria doble certificaci\u00f3, avan\u00e7ada R &amp; amp; D equip de prova, milers de f\u00f3rmules madures i equip de vendes d'alta efici\u00e8ncia i superioritat de preu competitiu. Les nostres categories de productes s\u00f3n: productes de cura de la pell, productes de maquillatge, productes de rentat i cura.<\/p>","protected":false},"excerpt":{"rendered":"<p>Fabricat amb ingredients naturals, el rentat de cara de carb\u00f3 negre permet obtenir r\u00e0pidament una pell saludable, pura i clara. Amb la gran absorci\u00f3 i el poder de neteja del carb\u00f3, el netejant suau eliminar\u00e0 els punts negres del maquillatge i la brutesa dels seus poros. \u00c9s adequat per a tots els tipus de pell, especialment la pell propensa a l'acne amb taques i imperfeccions.<\/p>\n<p>N\u00famero de s\u00e8rie: DRL-1726<\/p>\n<p>Tipus de pell aplicable: Adequat per a tots els tipus de pell<\/p>\n<p>Ingredients principals: AQUA, GLICERINA, \u00c0CID PALM\u00cdTIC, \u00c0CID MYRISTIC, \u00c0CID STEARIC, HIDROX\u00cdD DE POTASSI, DISTEARATE DE GLICOL, \u00c0CID LAURIC, SODIUM LAURETH SULFATE, GLUCOSIDE LAURIL<\/p>\n<p>Contingut net: 100g<\/p>","protected":false},"featured_media":5539,"comment_status":"closed","ping_status":"closed","template":"","meta":[],"product_brand":[],"product_cat":[113,15],"product_tag":[],"class_list":{"0":"post-5525","1":"product","2":"type-product","3":"status-publish","4":"has-post-thumbnail","6":"product_cat-cleansing","7":"product_cat-face-care","9":"first","10":"instock","11":"shipping-taxable","12":"product-type-simple"},"_links":{"self":[{"href":"https:\/\/www.drrashel-bbg.com\/fr\/wp-json\/wp\/v2\/product\/5525","targetHints":{"allow":["GET"]}}],"collection":[{"href":"https:\/\/www.drrashel-bbg.com\/fr\/wp-json\/wp\/v2\/product"}],"about":[{"href":"https:\/\/www.drrashel-bbg.com\/fr\/wp-json\/wp\/v2\/types\/product"}],"replies":[{"embeddable":true,"href":"https:\/\/www.drrashel-bbg.com\/fr\/wp-json\/wp\/v2\/comments?post=5525"}],"wp:featuredmedia":[{"embeddable":true,"href":"https:\/\/www.drrashel-bbg.com\/fr\/wp-json\/wp\/v2\/media\/5539"}],"wp:attachment":[{"href":"https:\/\/www.drrashel-bbg.com\/fr\/wp-json\/wp\/v2\/media?parent=5525"}],"wp:term":[{"taxonomy":"product_brand","embeddable":true,"href":"https:\/\/www.drrashel-bbg.com\/fr\/wp-json\/wp\/v2\/product_brand?post=5525"},{"taxonomy":"product_cat","embeddable":true,"href":"https:\/\/www.drrashel-bbg.com\/fr\/wp-json\/wp\/v2\/product_cat?post=5525"},{"taxonomy":"product_tag","embeddable":true,"href":"https:\/\/www.drrashel-bbg.com\/fr\/wp-json\/wp\/v2\/product_tag?post=5525"}],"curies":[{"name":"wp","href":"https:\/\/api.w.org\/{rel}","templated":true}]}}