{"id":5545,"date":"2026-01-17T13:52:15","date_gmt":"2026-01-17T05:52:15","guid":{"rendered":"https:\/\/www.drrashel-bbg.com\/?post_type=product&#038;p=5545"},"modified":"2026-01-17T13:52:15","modified_gmt":"2026-01-17T05:52:15","slug":"salicylic-acid-exfoliating-face-wash","status":"publish","type":"product","link":"https:\/\/www.drrashel-bbg.com\/fr\/cleansing\/salicylic-acid-exfoliating-face-wash\/","title":{"rendered":"Acid salic\u00edlic Exfoliant rentat facial"},"content":{"rendered":"<p><img fetchpriority=\"high\" decoding=\"async\" class=\"alignnone size-full wp-image-5546\" src=\"https:\/\/www.drrashel-bbg.com\/wp-content\/uploads\/2026\/01\/DRL-1727-Salicylic-acid-Exfoliating-face-wash-detail_01.webp\" alt=\"\" width=\"790\" height=\"1336\" srcset=\"https:\/\/www.drrashel-bbg.com\/wp-content\/uploads\/2026\/01\/DRL-1727-Salicylic-acid-Exfoliating-face-wash-detail_01.webp 790w, https:\/\/www.drrashel-bbg.com\/wp-content\/uploads\/2026\/01\/DRL-1727-Salicylic-acid-Exfoliating-face-wash-detail_01-177x300.webp 177w, https:\/\/www.drrashel-bbg.com\/wp-content\/uploads\/2026\/01\/DRL-1727-Salicylic-acid-Exfoliating-face-wash-detail_01-606x1024.webp 606w, https:\/\/www.drrashel-bbg.com\/wp-content\/uploads\/2026\/01\/DRL-1727-Salicylic-acid-Exfoliating-face-wash-detail_01-768x1299.webp 768w, https:\/\/www.drrashel-bbg.com\/wp-content\/uploads\/2026\/01\/DRL-1727-Salicylic-acid-Exfoliating-face-wash-detail_01-7x12.webp 7w, https:\/\/www.drrashel-bbg.com\/wp-content\/uploads\/2026\/01\/DRL-1727-Salicylic-acid-Exfoliating-face-wash-detail_01-600x1015.webp 600w\" sizes=\"(max-width: 790px) 100vw, 790px\" \/> <img decoding=\"async\" class=\"alignnone size-full wp-image-5547\" src=\"https:\/\/www.drrashel-bbg.com\/wp-content\/uploads\/2026\/01\/DRL-1727-Salicylic-acid-Exfoliating-face-wash-detail_02.webp\" alt=\"\" width=\"790\" height=\"792\" srcset=\"https:\/\/www.drrashel-bbg.com\/wp-content\/uploads\/2026\/01\/DRL-1727-Salicylic-acid-Exfoliating-face-wash-detail_02.webp 790w, https:\/\/www.drrashel-bbg.com\/wp-content\/uploads\/2026\/01\/DRL-1727-Salicylic-acid-Exfoliating-face-wash-detail_02-300x300.webp 300w, https:\/\/www.drrashel-bbg.com\/wp-content\/uploads\/2026\/01\/DRL-1727-Salicylic-acid-Exfoliating-face-wash-detail_02-150x150.webp 150w, https:\/\/www.drrashel-bbg.com\/wp-content\/uploads\/2026\/01\/DRL-1727-Salicylic-acid-Exfoliating-face-wash-detail_02-768x770.webp 768w, https:\/\/www.drrashel-bbg.com\/wp-content\/uploads\/2026\/01\/DRL-1727-Salicylic-acid-Exfoliating-face-wash-detail_02-12x12.webp 12w, https:\/\/www.drrashel-bbg.com\/wp-content\/uploads\/2026\/01\/DRL-1727-Salicylic-acid-Exfoliating-face-wash-detail_02-600x602.webp 600w, https:\/\/www.drrashel-bbg.com\/wp-content\/uploads\/2026\/01\/DRL-1727-Salicylic-acid-Exfoliating-face-wash-detail_02-100x100.webp 100w\" sizes=\"(max-width: 790px) 100vw, 790px\" \/> <img decoding=\"async\" class=\"alignnone size-full wp-image-5548\" src=\"https:\/\/www.drrashel-bbg.com\/wp-content\/uploads\/2026\/01\/DRL-1727-Salicylic-acid-Exfoliating-face-wash-detail_03.webp\" alt=\"\" width=\"790\" height=\"643\" srcset=\"https:\/\/www.drrashel-bbg.com\/wp-content\/uploads\/2026\/01\/DRL-1727-Salicylic-acid-Exfoliating-face-wash-detail_03.webp 790w, https:\/\/www.drrashel-bbg.com\/wp-content\/uploads\/2026\/01\/DRL-1727-Salicylic-acid-Exfoliating-face-wash-detail_03-300x244.webp 300w, https:\/\/www.drrashel-bbg.com\/wp-content\/uploads\/2026\/01\/DRL-1727-Salicylic-acid-Exfoliating-face-wash-detail_03-768x625.webp 768w, https:\/\/www.drrashel-bbg.com\/wp-content\/uploads\/2026\/01\/DRL-1727-Salicylic-acid-Exfoliating-face-wash-detail_03-15x12.webp 15w, https:\/\/www.drrashel-bbg.com\/wp-content\/uploads\/2026\/01\/DRL-1727-Salicylic-acid-Exfoliating-face-wash-detail_03-600x488.webp 600w\" sizes=\"(max-width: 790px) 100vw, 790px\" \/> <img loading=\"lazy\" decoding=\"async\" class=\"alignnone size-full wp-image-5549\" src=\"https:\/\/www.drrashel-bbg.com\/wp-content\/uploads\/2026\/01\/DRL-1727-Salicylic-acid-Exfoliating-face-wash-detail_04.webp\" alt=\"\" width=\"790\" height=\"1318\" srcset=\"https:\/\/www.drrashel-bbg.com\/wp-content\/uploads\/2026\/01\/DRL-1727-Salicylic-acid-Exfoliating-face-wash-detail_04.webp 790w, https:\/\/www.drrashel-bbg.com\/wp-content\/uploads\/2026\/01\/DRL-1727-Salicylic-acid-Exfoliating-face-wash-detail_04-180x300.webp 180w, https:\/\/www.drrashel-bbg.com\/wp-content\/uploads\/2026\/01\/DRL-1727-Salicylic-acid-Exfoliating-face-wash-detail_04-614x1024.webp 614w, https:\/\/www.drrashel-bbg.com\/wp-content\/uploads\/2026\/01\/DRL-1727-Salicylic-acid-Exfoliating-face-wash-detail_04-768x1281.webp 768w, https:\/\/www.drrashel-bbg.com\/wp-content\/uploads\/2026\/01\/DRL-1727-Salicylic-acid-Exfoliating-face-wash-detail_04-7x12.webp 7w, https:\/\/www.drrashel-bbg.com\/wp-content\/uploads\/2026\/01\/DRL-1727-Salicylic-acid-Exfoliating-face-wash-detail_04-600x1001.webp 600w\" sizes=\"(max-width: 790px) 100vw, 790px\" \/> <img loading=\"lazy\" decoding=\"async\" class=\"alignnone size-full wp-image-5550\" src=\"https:\/\/www.drrashel-bbg.com\/wp-content\/uploads\/2026\/01\/DRL-1727-Salicylic-acid-Exfoliating-face-wash-detail_05.webp\" alt=\"\" width=\"790\" height=\"1298\" srcset=\"https:\/\/www.drrashel-bbg.com\/wp-content\/uploads\/2026\/01\/DRL-1727-Salicylic-acid-Exfoliating-face-wash-detail_05.webp 790w, https:\/\/www.drrashel-bbg.com\/wp-content\/uploads\/2026\/01\/DRL-1727-Salicylic-acid-Exfoliating-face-wash-detail_05-183x300.webp 183w, https:\/\/www.drrashel-bbg.com\/wp-content\/uploads\/2026\/01\/DRL-1727-Salicylic-acid-Exfoliating-face-wash-detail_05-623x1024.webp 623w, https:\/\/www.drrashel-bbg.com\/wp-content\/uploads\/2026\/01\/DRL-1727-Salicylic-acid-Exfoliating-face-wash-detail_05-768x1262.webp 768w, https:\/\/www.drrashel-bbg.com\/wp-content\/uploads\/2026\/01\/DRL-1727-Salicylic-acid-Exfoliating-face-wash-detail_05-7x12.webp 7w, https:\/\/www.drrashel-bbg.com\/wp-content\/uploads\/2026\/01\/DRL-1727-Salicylic-acid-Exfoliating-face-wash-detail_05-600x986.webp 600w\" sizes=\"(max-width: 790px) 100vw, 790px\" \/> <img loading=\"lazy\" decoding=\"async\" class=\"alignnone size-full wp-image-5551\" src=\"https:\/\/www.drrashel-bbg.com\/wp-content\/uploads\/2026\/01\/DRL-1727-Salicylic-acid-Exfoliating-face-wash-detail_06.webp\" alt=\"\" width=\"790\" height=\"1248\" srcset=\"https:\/\/www.drrashel-bbg.com\/wp-content\/uploads\/2026\/01\/DRL-1727-Salicylic-acid-Exfoliating-face-wash-detail_06.webp 790w, https:\/\/www.drrashel-bbg.com\/wp-content\/uploads\/2026\/01\/DRL-1727-Salicylic-acid-Exfoliating-face-wash-detail_06-190x300.webp 190w, https:\/\/www.drrashel-bbg.com\/wp-content\/uploads\/2026\/01\/DRL-1727-Salicylic-acid-Exfoliating-face-wash-detail_06-648x1024.webp 648w, https:\/\/www.drrashel-bbg.com\/wp-content\/uploads\/2026\/01\/DRL-1727-Salicylic-acid-Exfoliating-face-wash-detail_06-768x1213.webp 768w, https:\/\/www.drrashel-bbg.com\/wp-content\/uploads\/2026\/01\/DRL-1727-Salicylic-acid-Exfoliating-face-wash-detail_06-8x12.webp 8w, https:\/\/www.drrashel-bbg.com\/wp-content\/uploads\/2026\/01\/DRL-1727-Salicylic-acid-Exfoliating-face-wash-detail_06-600x948.webp 600w\" sizes=\"(max-width: 790px) 100vw, 790px\" \/> <img loading=\"lazy\" decoding=\"async\" class=\"alignnone size-full wp-image-5552\" src=\"https:\/\/www.drrashel-bbg.com\/wp-content\/uploads\/2026\/01\/DRL-1727-Salicylic-acid-Exfoliating-face-wash-detail_07.webp\" alt=\"\" width=\"790\" height=\"1382\" srcset=\"https:\/\/www.drrashel-bbg.com\/wp-content\/uploads\/2026\/01\/DRL-1727-Salicylic-acid-Exfoliating-face-wash-detail_07.webp 790w, https:\/\/www.drrashel-bbg.com\/wp-content\/uploads\/2026\/01\/DRL-1727-Salicylic-acid-Exfoliating-face-wash-detail_07-171x300.webp 171w, https:\/\/www.drrashel-bbg.com\/wp-content\/uploads\/2026\/01\/DRL-1727-Salicylic-acid-Exfoliating-face-wash-detail_07-585x1024.webp 585w, https:\/\/www.drrashel-bbg.com\/wp-content\/uploads\/2026\/01\/DRL-1727-Salicylic-acid-Exfoliating-face-wash-detail_07-768x1344.webp 768w, https:\/\/www.drrashel-bbg.com\/wp-content\/uploads\/2026\/01\/DRL-1727-Salicylic-acid-Exfoliating-face-wash-detail_07-7x12.webp 7w, https:\/\/www.drrashel-bbg.com\/wp-content\/uploads\/2026\/01\/DRL-1727-Salicylic-acid-Exfoliating-face-wash-detail_07-600x1050.webp 600w\" sizes=\"(max-width: 790px) 100vw, 790px\" \/> <img loading=\"lazy\" decoding=\"async\" class=\"alignnone size-full wp-image-5553\" src=\"https:\/\/www.drrashel-bbg.com\/wp-content\/uploads\/2026\/01\/DRL-1727-Salicylic-acid-Exfoliating-face-wash-detail_08.webp\" alt=\"\" width=\"790\" height=\"1203\" srcset=\"https:\/\/www.drrashel-bbg.com\/wp-content\/uploads\/2026\/01\/DRL-1727-Salicylic-acid-Exfoliating-face-wash-detail_08.webp 790w, https:\/\/www.drrashel-bbg.com\/wp-content\/uploads\/2026\/01\/DRL-1727-Salicylic-acid-Exfoliating-face-wash-detail_08-197x300.webp 197w, https:\/\/www.drrashel-bbg.com\/wp-content\/uploads\/2026\/01\/DRL-1727-Salicylic-acid-Exfoliating-face-wash-detail_08-672x1024.webp 672w, https:\/\/www.drrashel-bbg.com\/wp-content\/uploads\/2026\/01\/DRL-1727-Salicylic-acid-Exfoliating-face-wash-detail_08-768x1169.webp 768w, https:\/\/www.drrashel-bbg.com\/wp-content\/uploads\/2026\/01\/DRL-1727-Salicylic-acid-Exfoliating-face-wash-detail_08-8x12.webp 8w, https:\/\/www.drrashel-bbg.com\/wp-content\/uploads\/2026\/01\/DRL-1727-Salicylic-acid-Exfoliating-face-wash-detail_08-600x914.webp 600w\" sizes=\"(max-width: 790px) 100vw, 790px\" \/> <img loading=\"lazy\" decoding=\"async\" class=\"alignnone size-full wp-image-5554\" src=\"https:\/\/www.drrashel-bbg.com\/wp-content\/uploads\/2026\/01\/DRL-1727-Salicylic-acid-Exfoliating-face-wash-detail_09.webp\" alt=\"\" width=\"790\" height=\"1214\" srcset=\"https:\/\/www.drrashel-bbg.com\/wp-content\/uploads\/2026\/01\/DRL-1727-Salicylic-acid-Exfoliating-face-wash-detail_09.webp 790w, https:\/\/www.drrashel-bbg.com\/wp-content\/uploads\/2026\/01\/DRL-1727-Salicylic-acid-Exfoliating-face-wash-detail_09-195x300.webp 195w, https:\/\/www.drrashel-bbg.com\/wp-content\/uploads\/2026\/01\/DRL-1727-Salicylic-acid-Exfoliating-face-wash-detail_09-666x1024.webp 666w, https:\/\/www.drrashel-bbg.com\/wp-content\/uploads\/2026\/01\/DRL-1727-Salicylic-acid-Exfoliating-face-wash-detail_09-768x1180.webp 768w, https:\/\/www.drrashel-bbg.com\/wp-content\/uploads\/2026\/01\/DRL-1727-Salicylic-acid-Exfoliating-face-wash-detail_09-8x12.webp 8w, https:\/\/www.drrashel-bbg.com\/wp-content\/uploads\/2026\/01\/DRL-1727-Salicylic-acid-Exfoliating-face-wash-detail_09-600x922.webp 600w\" sizes=\"(max-width: 790px) 100vw, 790px\" \/> <img loading=\"lazy\" decoding=\"async\" class=\"alignnone size-full wp-image-5555\" src=\"https:\/\/www.drrashel-bbg.com\/wp-content\/uploads\/2026\/01\/DRL-1727-Salicylic-acid-Exfoliating-face-wash-detail_10.webp\" alt=\"\" width=\"790\" height=\"681\" srcset=\"https:\/\/www.drrashel-bbg.com\/wp-content\/uploads\/2026\/01\/DRL-1727-Salicylic-acid-Exfoliating-face-wash-detail_10.webp 790w, https:\/\/www.drrashel-bbg.com\/wp-content\/uploads\/2026\/01\/DRL-1727-Salicylic-acid-Exfoliating-face-wash-detail_10-300x259.webp 300w, https:\/\/www.drrashel-bbg.com\/wp-content\/uploads\/2026\/01\/DRL-1727-Salicylic-acid-Exfoliating-face-wash-detail_10-768x662.webp 768w, https:\/\/www.drrashel-bbg.com\/wp-content\/uploads\/2026\/01\/DRL-1727-Salicylic-acid-Exfoliating-face-wash-detail_10-14x12.webp 14w, https:\/\/www.drrashel-bbg.com\/wp-content\/uploads\/2026\/01\/DRL-1727-Salicylic-acid-Exfoliating-face-wash-detail_10-600x517.webp 600w\" sizes=\"(max-width: 790px) 100vw, 790px\" \/> <img loading=\"lazy\" decoding=\"async\" class=\"alignnone size-full wp-image-5556\" src=\"https:\/\/www.drrashel-bbg.com\/wp-content\/uploads\/2026\/01\/DRL-1727-Salicylic-acid-Exfoliating-face-wash-detail_11.webp\" alt=\"\" width=\"790\" height=\"972\" srcset=\"https:\/\/www.drrashel-bbg.com\/wp-content\/uploads\/2026\/01\/DRL-1727-Salicylic-acid-Exfoliating-face-wash-detail_11.webp 790w, https:\/\/www.drrashel-bbg.com\/wp-content\/uploads\/2026\/01\/DRL-1727-Salicylic-acid-Exfoliating-face-wash-detail_11-244x300.webp 244w, https:\/\/www.drrashel-bbg.com\/wp-content\/uploads\/2026\/01\/DRL-1727-Salicylic-acid-Exfoliating-face-wash-detail_11-768x945.webp 768w, https:\/\/www.drrashel-bbg.com\/wp-content\/uploads\/2026\/01\/DRL-1727-Salicylic-acid-Exfoliating-face-wash-detail_11-10x12.webp 10w, https:\/\/www.drrashel-bbg.com\/wp-content\/uploads\/2026\/01\/DRL-1727-Salicylic-acid-Exfoliating-face-wash-detail_11-600x738.webp 600w\" sizes=\"(max-width: 790px) 100vw, 790px\" \/> <img loading=\"lazy\" decoding=\"async\" class=\"alignnone size-full wp-image-5557\" src=\"https:\/\/www.drrashel-bbg.com\/wp-content\/uploads\/2026\/01\/DRL-1727-Salicylic-acid-Exfoliating-face-wash-detail_12.webp\" alt=\"\" width=\"790\" height=\"1431\" srcset=\"https:\/\/www.drrashel-bbg.com\/wp-content\/uploads\/2026\/01\/DRL-1727-Salicylic-acid-Exfoliating-face-wash-detail_12.webp 790w, https:\/\/www.drrashel-bbg.com\/wp-content\/uploads\/2026\/01\/DRL-1727-Salicylic-acid-Exfoliating-face-wash-detail_12-166x300.webp 166w, https:\/\/www.drrashel-bbg.com\/wp-content\/uploads\/2026\/01\/DRL-1727-Salicylic-acid-Exfoliating-face-wash-detail_12-565x1024.webp 565w, https:\/\/www.drrashel-bbg.com\/wp-content\/uploads\/2026\/01\/DRL-1727-Salicylic-acid-Exfoliating-face-wash-detail_12-768x1391.webp 768w, https:\/\/www.drrashel-bbg.com\/wp-content\/uploads\/2026\/01\/DRL-1727-Salicylic-acid-Exfoliating-face-wash-detail_12-7x12.webp 7w, https:\/\/www.drrashel-bbg.com\/wp-content\/uploads\/2026\/01\/DRL-1727-Salicylic-acid-Exfoliating-face-wash-detail_12-600x1087.webp 600w\" sizes=\"(max-width: 790px) 100vw, 790px\" \/><\/p>\n<p>&nbsp;<\/p>\n<p>Beneficis del producte: L'\u00e0cid salic\u00edlic \u00e9s un BHA natural que penetra profundament en la pell i desbloqueja els poros, refrescant aix\u00ed la pell i eliminant l'acne<\/p>\n<p>&nbsp;<\/p>\n<p>Com utilitzar: Utilitzar dues vegades al dia, espremer una petita quantitat a les mans i treballar en espuma rica. Massatge sobre la cara humida, contacte buit amb els ulls, esballar a fons amb aigua.<\/p>\n<p>&nbsp;<\/p>\n<p>Adverten\u00e7a: Nom\u00e9s per a \u00fas extern, mantenir-lo en un lloc sec i fresc, evitar el contacte directe amb els ulls, si es produeix contacte, esborrar b\u00e9 amb aigua. Si es produeix irritaci\u00f3, deixeu d'utilitzar. Mantingui-lo fora de l'abast dels nens.<\/p>\n<p>Introducci\u00f3 de la marca:<\/p>\n<p>DR\u00b7RASHEL va ser fundada el 1989 pel senyor BAKRI, un mestre de cura de la pell, amb trenta anys d'experi\u00e8ncia en productes. Centrat en la salut, el senyor BAKRI va desenvolupar f\u00f3rmules precises per als ingredients naturals per maximitzar la salut de la pell i la radiaci\u00f3 vibrant, un principi aplicat en l'\u00e0mplia gamma de productes de cura de la pell de DR\u00b7RASHEL.<\/p>\n<p>Els productes DR\u00b7RASHEL es distribueixen per tot el m\u00f3n i s\u00f3n rebuts per clients en cinc continents, m\u00e9s espec\u00edficament, a l'Orient Mitj\u00e0, Am\u00e8rica del Sud i Europa.<\/p>\n<p>Exportem a m\u00e9s de 100 pa\u00efsos, incloent els Emirats \u00c0rabs Units, R\u00fassia, Am\u00e8rica, M\u00e8xic, Austr\u00e0lia, Ar\u00e0bia Saudita, Brasil, \u00cdndia i Sud-\u00e0frica.<\/p>\n<p>Tenim ISO, GMPC American European Union Internacional autorit\u00e0ria doble certificaci\u00f3, avan\u00e7ada R &amp; amp; D equip de prova, milers de f\u00f3rmules madures i equip de vendes d'alta efici\u00e8ncia i superioritat de preu competitiu. Les nostres categories de productes s\u00f3n: productes de cura de la pell, productes de maquillatge, productes de rentat i cura.<\/p>","protected":false},"excerpt":{"rendered":"<p>L'\u00e0cid salic\u00edlic \u00e9s un BHA natural que funciona per patiar l'acne&#8217; s cul penetrant profundament en la pell, desbloquejant els poros, i per tant renovant la seva pell. Aquest netejant d'\u00e0cid salic\u00edlic elimina suau i r\u00e0pidament l'exc\u00e9s d'oli i residus de superf\u00edcie que contribueixen a les imperfeccions sense assecar la pell o causar enrogiment. Esborra sense residus, deixant la pell refrescada, c\u00f2modament neta.<\/p>\n<p>N\u00famero de s\u00e8rie: DRL-1727<\/p>\n<p>Tipus de pell aplicable: Adequat per a tots els tipus de pell; millor per al to de la pell aburrida, cicatrius de pigmentaci\u00f3 i acne, neteja excessiva, acne ole\u00f3s.<\/p>\n<p>Ingredients principals: AQUA, GLICERINA, \u00c0CID PALM\u00cdTIC, \u00c0CID MYRISTIC, \u00c0CID STEARIC, HIDROX\u00cdD DE POTASSI, DISTEARATE DE GLICOL, \u00c0CID LAURIC, SODIUM LAURETH SULFATE, GLUCOSIDE LAURIL<\/p>\n<p>Contingut net: 100g<\/p>","protected":false},"featured_media":5558,"comment_status":"closed","ping_status":"closed","template":"","meta":[],"product_brand":[],"product_cat":[113,15],"product_tag":[],"class_list":{"0":"post-5545","1":"product","2":"type-product","3":"status-publish","4":"has-post-thumbnail","6":"product_cat-cleansing","7":"product_cat-face-care","9":"first","10":"instock","11":"shipping-taxable","12":"product-type-simple"},"_links":{"self":[{"href":"https:\/\/www.drrashel-bbg.com\/fr\/wp-json\/wp\/v2\/product\/5545","targetHints":{"allow":["GET"]}}],"collection":[{"href":"https:\/\/www.drrashel-bbg.com\/fr\/wp-json\/wp\/v2\/product"}],"about":[{"href":"https:\/\/www.drrashel-bbg.com\/fr\/wp-json\/wp\/v2\/types\/product"}],"replies":[{"embeddable":true,"href":"https:\/\/www.drrashel-bbg.com\/fr\/wp-json\/wp\/v2\/comments?post=5545"}],"wp:featuredmedia":[{"embeddable":true,"href":"https:\/\/www.drrashel-bbg.com\/fr\/wp-json\/wp\/v2\/media\/5558"}],"wp:attachment":[{"href":"https:\/\/www.drrashel-bbg.com\/fr\/wp-json\/wp\/v2\/media?parent=5545"}],"wp:term":[{"taxonomy":"product_brand","embeddable":true,"href":"https:\/\/www.drrashel-bbg.com\/fr\/wp-json\/wp\/v2\/product_brand?post=5545"},{"taxonomy":"product_cat","embeddable":true,"href":"https:\/\/www.drrashel-bbg.com\/fr\/wp-json\/wp\/v2\/product_cat?post=5545"},{"taxonomy":"product_tag","embeddable":true,"href":"https:\/\/www.drrashel-bbg.com\/fr\/wp-json\/wp\/v2\/product_tag?post=5545"}],"curies":[{"name":"wp","href":"https:\/\/api.w.org\/{rel}","templated":true}]}}