{"id":5800,"date":"2026-01-21T11:09:41","date_gmt":"2026-01-21T03:09:41","guid":{"rendered":"https:\/\/www.drrashel-bbg.com\/?post_type=product&#038;p=5800"},"modified":"2026-01-21T11:24:47","modified_gmt":"2026-01-21T03:24:47","slug":"collagen-argan-oil-hair-color-shampoo","status":"publish","type":"product","link":"https:\/\/www.drrashel-bbg.com\/fr\/hair-color\/collagen-argan-oil-hair-color-shampoo\/","title":{"rendered":"Col\u00b7lagen &#038; Xamp\u00fa de color de cabell d'oli d'argan"},"content":{"rendered":"<p><img fetchpriority=\"high\" decoding=\"async\" class=\"alignnone size-full wp-image-5808\" src=\"https:\/\/www.drrashel-bbg.com\/wp-content\/uploads\/2026\/01\/DRL-1992-Collagen-argan-oil-hair-color-shampoo-detail-1.webp\" alt=\"\" width=\"790\" height=\"1430\" srcset=\"https:\/\/www.drrashel-bbg.com\/wp-content\/uploads\/2026\/01\/DRL-1992-Collagen-argan-oil-hair-color-shampoo-detail-1.webp 790w, https:\/\/www.drrashel-bbg.com\/wp-content\/uploads\/2026\/01\/DRL-1992-Collagen-argan-oil-hair-color-shampoo-detail-1-166x300.webp 166w, https:\/\/www.drrashel-bbg.com\/wp-content\/uploads\/2026\/01\/DRL-1992-Collagen-argan-oil-hair-color-shampoo-detail-1-566x1024.webp 566w, https:\/\/www.drrashel-bbg.com\/wp-content\/uploads\/2026\/01\/DRL-1992-Collagen-argan-oil-hair-color-shampoo-detail-1-768x1390.webp 768w, https:\/\/www.drrashel-bbg.com\/wp-content\/uploads\/2026\/01\/DRL-1992-Collagen-argan-oil-hair-color-shampoo-detail-1-7x12.webp 7w, https:\/\/www.drrashel-bbg.com\/wp-content\/uploads\/2026\/01\/DRL-1992-Collagen-argan-oil-hair-color-shampoo-detail-1-600x1086.webp 600w\" sizes=\"(max-width: 790px) 100vw, 790px\" \/> <img decoding=\"async\" class=\"alignnone size-full wp-image-5809\" src=\"https:\/\/www.drrashel-bbg.com\/wp-content\/uploads\/2026\/01\/DRL-1992-Collagen-argan-oil-hair-color-shampoo-detail-2.webp\" alt=\"\" width=\"790\" height=\"542\" srcset=\"https:\/\/www.drrashel-bbg.com\/wp-content\/uploads\/2026\/01\/DRL-1992-Collagen-argan-oil-hair-color-shampoo-detail-2.webp 790w, https:\/\/www.drrashel-bbg.com\/wp-content\/uploads\/2026\/01\/DRL-1992-Collagen-argan-oil-hair-color-shampoo-detail-2-300x206.webp 300w, https:\/\/www.drrashel-bbg.com\/wp-content\/uploads\/2026\/01\/DRL-1992-Collagen-argan-oil-hair-color-shampoo-detail-2-768x527.webp 768w, https:\/\/www.drrashel-bbg.com\/wp-content\/uploads\/2026\/01\/DRL-1992-Collagen-argan-oil-hair-color-shampoo-detail-2-18x12.webp 18w, https:\/\/www.drrashel-bbg.com\/wp-content\/uploads\/2026\/01\/DRL-1992-Collagen-argan-oil-hair-color-shampoo-detail-2-600x412.webp 600w\" sizes=\"(max-width: 790px) 100vw, 790px\" \/> <img decoding=\"async\" class=\"alignnone size-full wp-image-5810\" src=\"https:\/\/www.drrashel-bbg.com\/wp-content\/uploads\/2026\/01\/DRL-1992-Collagen-argan-oil-hair-color-shampoo-detail-3.webp\" alt=\"\" width=\"790\" height=\"643\" srcset=\"https:\/\/www.drrashel-bbg.com\/wp-content\/uploads\/2026\/01\/DRL-1992-Collagen-argan-oil-hair-color-shampoo-detail-3.webp 790w, https:\/\/www.drrashel-bbg.com\/wp-content\/uploads\/2026\/01\/DRL-1992-Collagen-argan-oil-hair-color-shampoo-detail-3-300x244.webp 300w, https:\/\/www.drrashel-bbg.com\/wp-content\/uploads\/2026\/01\/DRL-1992-Collagen-argan-oil-hair-color-shampoo-detail-3-768x625.webp 768w, https:\/\/www.drrashel-bbg.com\/wp-content\/uploads\/2026\/01\/DRL-1992-Collagen-argan-oil-hair-color-shampoo-detail-3-15x12.webp 15w, https:\/\/www.drrashel-bbg.com\/wp-content\/uploads\/2026\/01\/DRL-1992-Collagen-argan-oil-hair-color-shampoo-detail-3-600x488.webp 600w\" sizes=\"(max-width: 790px) 100vw, 790px\" \/> <img loading=\"lazy\" decoding=\"async\" class=\"alignnone size-full wp-image-5811\" src=\"https:\/\/www.drrashel-bbg.com\/wp-content\/uploads\/2026\/01\/DRL-1992-Collagen-argan-oil-hair-color-shampoo-detail-4.webp\" alt=\"\" width=\"790\" height=\"1363\" srcset=\"https:\/\/www.drrashel-bbg.com\/wp-content\/uploads\/2026\/01\/DRL-1992-Collagen-argan-oil-hair-color-shampoo-detail-4.webp 790w, https:\/\/www.drrashel-bbg.com\/wp-content\/uploads\/2026\/01\/DRL-1992-Collagen-argan-oil-hair-color-shampoo-detail-4-174x300.webp 174w, https:\/\/www.drrashel-bbg.com\/wp-content\/uploads\/2026\/01\/DRL-1992-Collagen-argan-oil-hair-color-shampoo-detail-4-594x1024.webp 594w, https:\/\/www.drrashel-bbg.com\/wp-content\/uploads\/2026\/01\/DRL-1992-Collagen-argan-oil-hair-color-shampoo-detail-4-768x1325.webp 768w, https:\/\/www.drrashel-bbg.com\/wp-content\/uploads\/2026\/01\/DRL-1992-Collagen-argan-oil-hair-color-shampoo-detail-4-7x12.webp 7w, https:\/\/www.drrashel-bbg.com\/wp-content\/uploads\/2026\/01\/DRL-1992-Collagen-argan-oil-hair-color-shampoo-detail-4-600x1035.webp 600w\" sizes=\"(max-width: 790px) 100vw, 790px\" \/> <img loading=\"lazy\" decoding=\"async\" class=\"alignnone size-full wp-image-5812\" src=\"https:\/\/www.drrashel-bbg.com\/wp-content\/uploads\/2026\/01\/DRL-1992-Collagen-argan-oil-hair-color-shampoo-detail-5.webp\" alt=\"\" width=\"790\" height=\"1310\" srcset=\"https:\/\/www.drrashel-bbg.com\/wp-content\/uploads\/2026\/01\/DRL-1992-Collagen-argan-oil-hair-color-shampoo-detail-5.webp 790w, https:\/\/www.drrashel-bbg.com\/wp-content\/uploads\/2026\/01\/DRL-1992-Collagen-argan-oil-hair-color-shampoo-detail-5-181x300.webp 181w, https:\/\/www.drrashel-bbg.com\/wp-content\/uploads\/2026\/01\/DRL-1992-Collagen-argan-oil-hair-color-shampoo-detail-5-618x1024.webp 618w, https:\/\/www.drrashel-bbg.com\/wp-content\/uploads\/2026\/01\/DRL-1992-Collagen-argan-oil-hair-color-shampoo-detail-5-768x1274.webp 768w, https:\/\/www.drrashel-bbg.com\/wp-content\/uploads\/2026\/01\/DRL-1992-Collagen-argan-oil-hair-color-shampoo-detail-5-7x12.webp 7w, https:\/\/www.drrashel-bbg.com\/wp-content\/uploads\/2026\/01\/DRL-1992-Collagen-argan-oil-hair-color-shampoo-detail-5-600x995.webp 600w\" sizes=\"(max-width: 790px) 100vw, 790px\" \/> <img loading=\"lazy\" decoding=\"async\" class=\"alignnone size-full wp-image-5813\" src=\"https:\/\/www.drrashel-bbg.com\/wp-content\/uploads\/2026\/01\/DRL-1992-Collagen-argan-oil-hair-color-shampoo-detail-6.webp\" alt=\"\" width=\"790\" height=\"1507\" srcset=\"https:\/\/www.drrashel-bbg.com\/wp-content\/uploads\/2026\/01\/DRL-1992-Collagen-argan-oil-hair-color-shampoo-detail-6.webp 790w, https:\/\/www.drrashel-bbg.com\/wp-content\/uploads\/2026\/01\/DRL-1992-Collagen-argan-oil-hair-color-shampoo-detail-6-157x300.webp 157w, https:\/\/www.drrashel-bbg.com\/wp-content\/uploads\/2026\/01\/DRL-1992-Collagen-argan-oil-hair-color-shampoo-detail-6-537x1024.webp 537w, https:\/\/www.drrashel-bbg.com\/wp-content\/uploads\/2026\/01\/DRL-1992-Collagen-argan-oil-hair-color-shampoo-detail-6-768x1465.webp 768w, https:\/\/www.drrashel-bbg.com\/wp-content\/uploads\/2026\/01\/DRL-1992-Collagen-argan-oil-hair-color-shampoo-detail-6-6x12.webp 6w, https:\/\/www.drrashel-bbg.com\/wp-content\/uploads\/2026\/01\/DRL-1992-Collagen-argan-oil-hair-color-shampoo-detail-6-600x1145.webp 600w\" sizes=\"(max-width: 790px) 100vw, 790px\" \/> <img loading=\"lazy\" decoding=\"async\" class=\"alignnone size-full wp-image-5814\" src=\"https:\/\/www.drrashel-bbg.com\/wp-content\/uploads\/2026\/01\/DRL-1992-Collagen-argan-oil-hair-color-shampoo-detail-7.webp\" alt=\"\" width=\"790\" height=\"1247\" srcset=\"https:\/\/www.drrashel-bbg.com\/wp-content\/uploads\/2026\/01\/DRL-1992-Collagen-argan-oil-hair-color-shampoo-detail-7.webp 790w, https:\/\/www.drrashel-bbg.com\/wp-content\/uploads\/2026\/01\/DRL-1992-Collagen-argan-oil-hair-color-shampoo-detail-7-190x300.webp 190w, https:\/\/www.drrashel-bbg.com\/wp-content\/uploads\/2026\/01\/DRL-1992-Collagen-argan-oil-hair-color-shampoo-detail-7-649x1024.webp 649w, https:\/\/www.drrashel-bbg.com\/wp-content\/uploads\/2026\/01\/DRL-1992-Collagen-argan-oil-hair-color-shampoo-detail-7-768x1212.webp 768w, https:\/\/www.drrashel-bbg.com\/wp-content\/uploads\/2026\/01\/DRL-1992-Collagen-argan-oil-hair-color-shampoo-detail-7-8x12.webp 8w, https:\/\/www.drrashel-bbg.com\/wp-content\/uploads\/2026\/01\/DRL-1992-Collagen-argan-oil-hair-color-shampoo-detail-7-600x947.webp 600w\" sizes=\"(max-width: 790px) 100vw, 790px\" \/> <img loading=\"lazy\" decoding=\"async\" class=\"alignnone size-full wp-image-5815\" src=\"https:\/\/www.drrashel-bbg.com\/wp-content\/uploads\/2026\/01\/DRL-1992-Collagen-argan-oil-hair-color-shampoo-detail-8.webp\" alt=\"\" width=\"790\" height=\"1078\" srcset=\"https:\/\/www.drrashel-bbg.com\/wp-content\/uploads\/2026\/01\/DRL-1992-Collagen-argan-oil-hair-color-shampoo-detail-8.webp 790w, https:\/\/www.drrashel-bbg.com\/wp-content\/uploads\/2026\/01\/DRL-1992-Collagen-argan-oil-hair-color-shampoo-detail-8-220x300.webp 220w, https:\/\/www.drrashel-bbg.com\/wp-content\/uploads\/2026\/01\/DRL-1992-Collagen-argan-oil-hair-color-shampoo-detail-8-750x1024.webp 750w, https:\/\/www.drrashel-bbg.com\/wp-content\/uploads\/2026\/01\/DRL-1992-Collagen-argan-oil-hair-color-shampoo-detail-8-768x1048.webp 768w, https:\/\/www.drrashel-bbg.com\/wp-content\/uploads\/2026\/01\/DRL-1992-Collagen-argan-oil-hair-color-shampoo-detail-8-9x12.webp 9w, https:\/\/www.drrashel-bbg.com\/wp-content\/uploads\/2026\/01\/DRL-1992-Collagen-argan-oil-hair-color-shampoo-detail-8-600x819.webp 600w\" sizes=\"(max-width: 790px) 100vw, 790px\" \/> <img loading=\"lazy\" decoding=\"async\" class=\"alignnone size-full wp-image-5816\" src=\"https:\/\/www.drrashel-bbg.com\/wp-content\/uploads\/2026\/01\/DRL-1992-Collagen-argan-oil-hair-color-shampoo-detail-9.webp\" alt=\"\" width=\"790\" height=\"1136\" srcset=\"https:\/\/www.drrashel-bbg.com\/wp-content\/uploads\/2026\/01\/DRL-1992-Collagen-argan-oil-hair-color-shampoo-detail-9.webp 790w, https:\/\/www.drrashel-bbg.com\/wp-content\/uploads\/2026\/01\/DRL-1992-Collagen-argan-oil-hair-color-shampoo-detail-9-209x300.webp 209w, https:\/\/www.drrashel-bbg.com\/wp-content\/uploads\/2026\/01\/DRL-1992-Collagen-argan-oil-hair-color-shampoo-detail-9-712x1024.webp 712w, https:\/\/www.drrashel-bbg.com\/wp-content\/uploads\/2026\/01\/DRL-1992-Collagen-argan-oil-hair-color-shampoo-detail-9-768x1104.webp 768w, https:\/\/www.drrashel-bbg.com\/wp-content\/uploads\/2026\/01\/DRL-1992-Collagen-argan-oil-hair-color-shampoo-detail-9-8x12.webp 8w, https:\/\/www.drrashel-bbg.com\/wp-content\/uploads\/2026\/01\/DRL-1992-Collagen-argan-oil-hair-color-shampoo-detail-9-600x863.webp 600w\" sizes=\"(max-width: 790px) 100vw, 790px\" \/> <img loading=\"lazy\" decoding=\"async\" class=\"alignnone size-full wp-image-5817\" src=\"https:\/\/www.drrashel-bbg.com\/wp-content\/uploads\/2026\/01\/DRL-1992-Collagen-argan-oil-hair-color-shampoo-detail-10.webp\" alt=\"\" width=\"790\" height=\"1844\" srcset=\"https:\/\/www.drrashel-bbg.com\/wp-content\/uploads\/2026\/01\/DRL-1992-Collagen-argan-oil-hair-color-shampoo-detail-10.webp 790w, https:\/\/www.drrashel-bbg.com\/wp-content\/uploads\/2026\/01\/DRL-1992-Collagen-argan-oil-hair-color-shampoo-detail-10-129x300.webp 129w, https:\/\/www.drrashel-bbg.com\/wp-content\/uploads\/2026\/01\/DRL-1992-Collagen-argan-oil-hair-color-shampoo-detail-10-439x1024.webp 439w, https:\/\/www.drrashel-bbg.com\/wp-content\/uploads\/2026\/01\/DRL-1992-Collagen-argan-oil-hair-color-shampoo-detail-10-768x1793.webp 768w, https:\/\/www.drrashel-bbg.com\/wp-content\/uploads\/2026\/01\/DRL-1992-Collagen-argan-oil-hair-color-shampoo-detail-10-658x1536.webp 658w, https:\/\/www.drrashel-bbg.com\/wp-content\/uploads\/2026\/01\/DRL-1992-Collagen-argan-oil-hair-color-shampoo-detail-10-5x12.webp 5w, https:\/\/www.drrashel-bbg.com\/wp-content\/uploads\/2026\/01\/DRL-1992-Collagen-argan-oil-hair-color-shampoo-detail-10-600x1401.webp 600w\" sizes=\"(max-width: 790px) 100vw, 790px\" \/> <img loading=\"lazy\" decoding=\"async\" class=\"alignnone size-full wp-image-5818\" src=\"https:\/\/www.drrashel-bbg.com\/wp-content\/uploads\/2026\/01\/DRL-1992-Collagen-argan-oil-hair-color-shampoo-detail-11.webp\" alt=\"\" width=\"790\" height=\"1779\" srcset=\"https:\/\/www.drrashel-bbg.com\/wp-content\/uploads\/2026\/01\/DRL-1992-Collagen-argan-oil-hair-color-shampoo-detail-11.webp 790w, https:\/\/www.drrashel-bbg.com\/wp-content\/uploads\/2026\/01\/DRL-1992-Collagen-argan-oil-hair-color-shampoo-detail-11-133x300.webp 133w, https:\/\/www.drrashel-bbg.com\/wp-content\/uploads\/2026\/01\/DRL-1992-Collagen-argan-oil-hair-color-shampoo-detail-11-455x1024.webp 455w, https:\/\/www.drrashel-bbg.com\/wp-content\/uploads\/2026\/01\/DRL-1992-Collagen-argan-oil-hair-color-shampoo-detail-11-768x1729.webp 768w, https:\/\/www.drrashel-bbg.com\/wp-content\/uploads\/2026\/01\/DRL-1992-Collagen-argan-oil-hair-color-shampoo-detail-11-682x1536.webp 682w, https:\/\/www.drrashel-bbg.com\/wp-content\/uploads\/2026\/01\/DRL-1992-Collagen-argan-oil-hair-color-shampoo-detail-11-5x12.webp 5w, https:\/\/www.drrashel-bbg.com\/wp-content\/uploads\/2026\/01\/DRL-1992-Collagen-argan-oil-hair-color-shampoo-detail-11-600x1351.webp 600w\" sizes=\"(max-width: 790px) 100vw, 790px\" \/><\/p>\n<p><strong><b>Product Benefits:<\/b><\/strong><\/p>\n<div class=\"flex flex-col text-sm pb-25\">\n<article class=\"text-token-text-primary w-full focus:outline-none [--shadow-height:45px] has-data-writing-block:pointer-events-none has-data-writing-block:-mt-(--shadow-height) has-data-writing-block:pt-(--shadow-height) [&amp;:has([data-writing-block])&gt;*]:pointer-events-auto scroll-mt-[calc(var(--header-height)+min(200px,max(70px,20svh)))]\" dir=\"auto\" tabindex=\"-1\" data-turn-id=\"request-695b7c66-582c-8329-b283-55317d1aaf18-1\" data-testid=\"conversation-turn-10\" data-scroll-anchor=\"true\" data-turn=\"assistant\">\n<div class=\"text-base my-auto mx-auto pb-10 [--thread-content-margin:--spacing(4)] @w-sm\/main:[--thread-content-margin:--spacing(6)] @w-lg\/main:[--thread-content-margin:--spacing(16)] px-(--thread-content-margin)\">\n<div class=\"[--thread-content-max-width:40rem] @w-lg\/main:[--thread-content-max-width:48rem] mx-auto max-w-(--thread-content-max-width) flex-1 group\/turn-messages focus-visible:outline-hidden relative flex w-full min-w-0 flex-col agent-turn\" tabindex=\"-1\">\n<div class=\"flex max-w-full flex-col grow\">\n<div class=\"min-h-8 text-message relative flex w-full flex-col items-end gap-2 text-start break-words whitespace-normal [.text-message+&amp;]:mt-1\" dir=\"auto\" data-message-author-role=\"assistant\" data-message-id=\"046d3858-19f9-462b-8ebc-d98a9da114bb\" data-message-model-slug=\"gpt-5-2-thinking\">\n<div class=\"flex w-full flex-col gap-1 empty:hidden first:pt-[1px]\">\n<div class=\"markdown prose dark:prose-invert w-full break-words light markdown-new-styling\">\n<p data-start=\"0\" data-end=\"129\" data-is-last-node=\"\" data-is-only-node=\"\">Transform your hair care routine with our hair color shampoo, designed to deliver a subtle natural coffee color in just 30 minutes.<\/p>\n<\/div>\n<\/div>\n<\/div>\n<\/div>\n<\/div>\n<\/div>\n<\/article>\n<\/div>\n<p><strong><b>How to use:<\/b><\/strong><\/p>\n<p>Wear gloves, apply to dry or slightly damp hair, massage and distribute evenly from roots to ends. Rinse thoroughly with water until it runs clear\u2014no need for extra shampoo\/conditioner.<\/p>\n<p><strong><b>Brand Introduction:<\/b><\/strong><\/p>\n<p>DR\u00b7RASHEL was founded in 1989 by Mr. BAKRI, a skin care master, with thirty years of product experience. Focused on health, Mr. BAKRI developed precise formulas for the natural ingredients to maximize skin health and vibrant radiance\uff0ca principle applied across the wide range of DR\u00b7RASHEL\u2019s skin care products.<\/p>\n<p>DR\u00b7RASHEL products are spread around the world and welcomed by customers in five continents, more specifically, in the Middle East, South America, and Europe.<\/p>\n<p>We export to over 100 countries, including UAE, Russia, America, Mexico, Australia\uff0cSaudi Arabia\uff0cBrazil, India and South Africa.<\/p>\n<p>We have ISO\uff0cGMPC American European Union International Authoritative Double Certification, Advanced R &amp; D testing equipment, thousands of mature formulas and high efficiency sales team and competitive price superiority. Our product categories are: skin care products, make-up products, wash and care products.<\/p>\n<p>&nbsp;<\/p>\n<p><strong><b>FAQ:<\/b><\/strong><\/p>\n<p data-start=\"938\" data-end=\"1127\"><strong data-start=\"938\" data-end=\"970\">Q1: Does it cover grey hair?<\/strong><br data-start=\"970\" data-end=\"973\" \/>Yes\u2014this type of hair color shampoo is designed to help cover greys while coloring and conditioning in one step.<\/p>\n<p data-start=\"1129\" data-end=\"1306\"><strong data-start=\"1129\" data-end=\"1166\">Q2: How long does the color last?<\/strong><br data-start=\"1166\" data-end=\"1169\" \/>Typically up to about 4 weeks, depending on hair condition, wash frequency, and starting color.<\/p>\n","protected":false},"excerpt":{"rendered":"<p>Transforma la teva rutina de cura del cabell amb el nostre xamp\u00fa de color del cabell, dissenyat per oferir un color de caf\u00e8 natural subtil en nom\u00e9s 30 minuts. Infundida amb la bondat dels ingredients bot\u00e0nics, aquesta f\u00f3rmula de tint per al cabell 3 en 1 funciona com a xamp\u00fa, acondicionador i tint per al cabell, proporcionant una soluci\u00f3 r\u00e0pida i c\u00f2moda per a la coloraci\u00f3 del cabell a casa. Digues ad\u00e9u al cabell gris mentre deixes el teu cabell suau, suau i ple de vida.<\/p>\n<p><strong>N\u00famero de s\u00e8rie:<\/strong> DRL-1992<\/p>\n<p><strong>Ingredients principals:<\/strong> Col\u00b7lagen, oli d'arg\u00e0<\/p>\n<p><strong>Contingut net: <\/strong>10ml<\/p>","protected":false},"featured_media":5801,"comment_status":"closed","ping_status":"closed","template":"","meta":[],"product_brand":[],"product_cat":[137,141],"product_tag":[],"class_list":{"0":"post-5800","1":"product","2":"type-product","3":"status-publish","4":"has-post-thumbnail","6":"product_cat-hair-care","7":"product_cat-hair-color","9":"first","10":"instock","11":"shipping-taxable","12":"product-type-simple"},"_links":{"self":[{"href":"https:\/\/www.drrashel-bbg.com\/fr\/wp-json\/wp\/v2\/product\/5800","targetHints":{"allow":["GET"]}}],"collection":[{"href":"https:\/\/www.drrashel-bbg.com\/fr\/wp-json\/wp\/v2\/product"}],"about":[{"href":"https:\/\/www.drrashel-bbg.com\/fr\/wp-json\/wp\/v2\/types\/product"}],"replies":[{"embeddable":true,"href":"https:\/\/www.drrashel-bbg.com\/fr\/wp-json\/wp\/v2\/comments?post=5800"}],"wp:featuredmedia":[{"embeddable":true,"href":"https:\/\/www.drrashel-bbg.com\/fr\/wp-json\/wp\/v2\/media\/5801"}],"wp:attachment":[{"href":"https:\/\/www.drrashel-bbg.com\/fr\/wp-json\/wp\/v2\/media?parent=5800"}],"wp:term":[{"taxonomy":"product_brand","embeddable":true,"href":"https:\/\/www.drrashel-bbg.com\/fr\/wp-json\/wp\/v2\/product_brand?post=5800"},{"taxonomy":"product_cat","embeddable":true,"href":"https:\/\/www.drrashel-bbg.com\/fr\/wp-json\/wp\/v2\/product_cat?post=5800"},{"taxonomy":"product_tag","embeddable":true,"href":"https:\/\/www.drrashel-bbg.com\/fr\/wp-json\/wp\/v2\/product_tag?post=5800"}],"curies":[{"name":"wp","href":"https:\/\/api.w.org\/{rel}","templated":true}]}}