{"id":5840,"date":"2026-01-21T14:08:02","date_gmt":"2026-01-21T06:08:02","guid":{"rendered":"https:\/\/www.drrashel-bbg.com\/?post_type=product&#038;p=5840"},"modified":"2026-01-21T14:47:40","modified_gmt":"2026-01-21T06:47:40","slug":"hydrating-bio-collagen-absorption-mask","status":"publish","type":"product","link":"https:\/\/www.drrashel-bbg.com\/fr\/mask\/hydrating-bio-collagen-absorption-mask\/","title":{"rendered":"M\u00e0scara d'absorci\u00f3 de bio-col\u00b7lagen hidratant"},"content":{"rendered":"<p><img fetchpriority=\"high\" decoding=\"async\" class=\"alignnone size-full wp-image-5847\" src=\"https:\/\/www.drrashel-bbg.com\/wp-content\/uploads\/2026\/01\/DRL-1975-Hydrating-Bio-collagen-Absorption-Mask-detail-1.webp\" alt=\"\" width=\"790\" height=\"1118\" srcset=\"https:\/\/www.drrashel-bbg.com\/wp-content\/uploads\/2026\/01\/DRL-1975-Hydrating-Bio-collagen-Absorption-Mask-detail-1.webp 790w, https:\/\/www.drrashel-bbg.com\/wp-content\/uploads\/2026\/01\/DRL-1975-Hydrating-Bio-collagen-Absorption-Mask-detail-1-212x300.webp 212w, https:\/\/www.drrashel-bbg.com\/wp-content\/uploads\/2026\/01\/DRL-1975-Hydrating-Bio-collagen-Absorption-Mask-detail-1-724x1024.webp 724w, https:\/\/www.drrashel-bbg.com\/wp-content\/uploads\/2026\/01\/DRL-1975-Hydrating-Bio-collagen-Absorption-Mask-detail-1-768x1087.webp 768w, https:\/\/www.drrashel-bbg.com\/wp-content\/uploads\/2026\/01\/DRL-1975-Hydrating-Bio-collagen-Absorption-Mask-detail-1-8x12.webp 8w, https:\/\/www.drrashel-bbg.com\/wp-content\/uploads\/2026\/01\/DRL-1975-Hydrating-Bio-collagen-Absorption-Mask-detail-1-600x849.webp 600w\" sizes=\"(max-width: 790px) 100vw, 790px\" \/> <img decoding=\"async\" class=\"alignnone size-full wp-image-5848\" src=\"https:\/\/www.drrashel-bbg.com\/wp-content\/uploads\/2026\/01\/DRL-1975-Hydrating-Bio-collagen-Absorption-Mask-detail-2.webp\" alt=\"\" width=\"790\" height=\"1143\" srcset=\"https:\/\/www.drrashel-bbg.com\/wp-content\/uploads\/2026\/01\/DRL-1975-Hydrating-Bio-collagen-Absorption-Mask-detail-2.webp 790w, https:\/\/www.drrashel-bbg.com\/wp-content\/uploads\/2026\/01\/DRL-1975-Hydrating-Bio-collagen-Absorption-Mask-detail-2-207x300.webp 207w, https:\/\/www.drrashel-bbg.com\/wp-content\/uploads\/2026\/01\/DRL-1975-Hydrating-Bio-collagen-Absorption-Mask-detail-2-708x1024.webp 708w, https:\/\/www.drrashel-bbg.com\/wp-content\/uploads\/2026\/01\/DRL-1975-Hydrating-Bio-collagen-Absorption-Mask-detail-2-768x1111.webp 768w, https:\/\/www.drrashel-bbg.com\/wp-content\/uploads\/2026\/01\/DRL-1975-Hydrating-Bio-collagen-Absorption-Mask-detail-2-8x12.webp 8w, https:\/\/www.drrashel-bbg.com\/wp-content\/uploads\/2026\/01\/DRL-1975-Hydrating-Bio-collagen-Absorption-Mask-detail-2-600x868.webp 600w\" sizes=\"(max-width: 790px) 100vw, 790px\" \/> <img decoding=\"async\" class=\"alignnone size-full wp-image-5849\" src=\"https:\/\/www.drrashel-bbg.com\/wp-content\/uploads\/2026\/01\/DRL-1975-Hydrating-Bio-collagen-Absorption-Mask-detail-3.webp\" alt=\"\" width=\"790\" height=\"1252\" srcset=\"https:\/\/www.drrashel-bbg.com\/wp-content\/uploads\/2026\/01\/DRL-1975-Hydrating-Bio-collagen-Absorption-Mask-detail-3.webp 790w, https:\/\/www.drrashel-bbg.com\/wp-content\/uploads\/2026\/01\/DRL-1975-Hydrating-Bio-collagen-Absorption-Mask-detail-3-189x300.webp 189w, https:\/\/www.drrashel-bbg.com\/wp-content\/uploads\/2026\/01\/DRL-1975-Hydrating-Bio-collagen-Absorption-Mask-detail-3-646x1024.webp 646w, https:\/\/www.drrashel-bbg.com\/wp-content\/uploads\/2026\/01\/DRL-1975-Hydrating-Bio-collagen-Absorption-Mask-detail-3-768x1217.webp 768w, https:\/\/www.drrashel-bbg.com\/wp-content\/uploads\/2026\/01\/DRL-1975-Hydrating-Bio-collagen-Absorption-Mask-detail-3-8x12.webp 8w, https:\/\/www.drrashel-bbg.com\/wp-content\/uploads\/2026\/01\/DRL-1975-Hydrating-Bio-collagen-Absorption-Mask-detail-3-600x951.webp 600w\" sizes=\"(max-width: 790px) 100vw, 790px\" \/> <img loading=\"lazy\" decoding=\"async\" class=\"alignnone size-full wp-image-5850\" src=\"https:\/\/www.drrashel-bbg.com\/wp-content\/uploads\/2026\/01\/DRL-1975-Hydrating-Bio-collagen-Absorption-Mask-detail-4.webp\" alt=\"\" width=\"790\" height=\"1460\" srcset=\"https:\/\/www.drrashel-bbg.com\/wp-content\/uploads\/2026\/01\/DRL-1975-Hydrating-Bio-collagen-Absorption-Mask-detail-4.webp 790w, https:\/\/www.drrashel-bbg.com\/wp-content\/uploads\/2026\/01\/DRL-1975-Hydrating-Bio-collagen-Absorption-Mask-detail-4-162x300.webp 162w, https:\/\/www.drrashel-bbg.com\/wp-content\/uploads\/2026\/01\/DRL-1975-Hydrating-Bio-collagen-Absorption-Mask-detail-4-554x1024.webp 554w, https:\/\/www.drrashel-bbg.com\/wp-content\/uploads\/2026\/01\/DRL-1975-Hydrating-Bio-collagen-Absorption-Mask-detail-4-768x1419.webp 768w, https:\/\/www.drrashel-bbg.com\/wp-content\/uploads\/2026\/01\/DRL-1975-Hydrating-Bio-collagen-Absorption-Mask-detail-4-6x12.webp 6w, https:\/\/www.drrashel-bbg.com\/wp-content\/uploads\/2026\/01\/DRL-1975-Hydrating-Bio-collagen-Absorption-Mask-detail-4-600x1109.webp 600w\" sizes=\"(max-width: 790px) 100vw, 790px\" \/> <img loading=\"lazy\" decoding=\"async\" class=\"alignnone size-full wp-image-5851\" src=\"https:\/\/www.drrashel-bbg.com\/wp-content\/uploads\/2026\/01\/DRL-1975-Hydrating-Bio-collagen-Absorption-Mask-detail-5.webp\" alt=\"\" width=\"790\" height=\"1345\" srcset=\"https:\/\/www.drrashel-bbg.com\/wp-content\/uploads\/2026\/01\/DRL-1975-Hydrating-Bio-collagen-Absorption-Mask-detail-5.webp 790w, https:\/\/www.drrashel-bbg.com\/wp-content\/uploads\/2026\/01\/DRL-1975-Hydrating-Bio-collagen-Absorption-Mask-detail-5-176x300.webp 176w, https:\/\/www.drrashel-bbg.com\/wp-content\/uploads\/2026\/01\/DRL-1975-Hydrating-Bio-collagen-Absorption-Mask-detail-5-601x1024.webp 601w, https:\/\/www.drrashel-bbg.com\/wp-content\/uploads\/2026\/01\/DRL-1975-Hydrating-Bio-collagen-Absorption-Mask-detail-5-768x1308.webp 768w, https:\/\/www.drrashel-bbg.com\/wp-content\/uploads\/2026\/01\/DRL-1975-Hydrating-Bio-collagen-Absorption-Mask-detail-5-7x12.webp 7w, https:\/\/www.drrashel-bbg.com\/wp-content\/uploads\/2026\/01\/DRL-1975-Hydrating-Bio-collagen-Absorption-Mask-detail-5-600x1022.webp 600w\" sizes=\"(max-width: 790px) 100vw, 790px\" \/> <img loading=\"lazy\" decoding=\"async\" class=\"alignnone size-full wp-image-5852\" src=\"https:\/\/www.drrashel-bbg.com\/wp-content\/uploads\/2026\/01\/DRL-1975-Hydrating-Bio-collagen-Absorption-Mask-detail-6.webp\" alt=\"\" width=\"790\" height=\"1360\" srcset=\"https:\/\/www.drrashel-bbg.com\/wp-content\/uploads\/2026\/01\/DRL-1975-Hydrating-Bio-collagen-Absorption-Mask-detail-6.webp 790w, https:\/\/www.drrashel-bbg.com\/wp-content\/uploads\/2026\/01\/DRL-1975-Hydrating-Bio-collagen-Absorption-Mask-detail-6-174x300.webp 174w, https:\/\/www.drrashel-bbg.com\/wp-content\/uploads\/2026\/01\/DRL-1975-Hydrating-Bio-collagen-Absorption-Mask-detail-6-595x1024.webp 595w, https:\/\/www.drrashel-bbg.com\/wp-content\/uploads\/2026\/01\/DRL-1975-Hydrating-Bio-collagen-Absorption-Mask-detail-6-768x1322.webp 768w, https:\/\/www.drrashel-bbg.com\/wp-content\/uploads\/2026\/01\/DRL-1975-Hydrating-Bio-collagen-Absorption-Mask-detail-6-7x12.webp 7w, https:\/\/www.drrashel-bbg.com\/wp-content\/uploads\/2026\/01\/DRL-1975-Hydrating-Bio-collagen-Absorption-Mask-detail-6-600x1033.webp 600w\" sizes=\"(max-width: 790px) 100vw, 790px\" \/> <img loading=\"lazy\" decoding=\"async\" class=\"alignnone size-full wp-image-5853\" src=\"https:\/\/www.drrashel-bbg.com\/wp-content\/uploads\/2026\/01\/DRL-1975-Hydrating-Bio-collagen-Absorption-Mask-detail-7.webp\" alt=\"\" width=\"790\" height=\"1210\" srcset=\"https:\/\/www.drrashel-bbg.com\/wp-content\/uploads\/2026\/01\/DRL-1975-Hydrating-Bio-collagen-Absorption-Mask-detail-7.webp 790w, https:\/\/www.drrashel-bbg.com\/wp-content\/uploads\/2026\/01\/DRL-1975-Hydrating-Bio-collagen-Absorption-Mask-detail-7-196x300.webp 196w, https:\/\/www.drrashel-bbg.com\/wp-content\/uploads\/2026\/01\/DRL-1975-Hydrating-Bio-collagen-Absorption-Mask-detail-7-669x1024.webp 669w, https:\/\/www.drrashel-bbg.com\/wp-content\/uploads\/2026\/01\/DRL-1975-Hydrating-Bio-collagen-Absorption-Mask-detail-7-768x1176.webp 768w, https:\/\/www.drrashel-bbg.com\/wp-content\/uploads\/2026\/01\/DRL-1975-Hydrating-Bio-collagen-Absorption-Mask-detail-7-8x12.webp 8w, https:\/\/www.drrashel-bbg.com\/wp-content\/uploads\/2026\/01\/DRL-1975-Hydrating-Bio-collagen-Absorption-Mask-detail-7-600x919.webp 600w\" sizes=\"(max-width: 790px) 100vw, 790px\" \/> <img loading=\"lazy\" decoding=\"async\" class=\"alignnone size-full wp-image-5854\" src=\"https:\/\/www.drrashel-bbg.com\/wp-content\/uploads\/2026\/01\/DRL-1975-Hydrating-Bio-collagen-Absorption-Mask-detail-8.webp\" alt=\"\" width=\"790\" height=\"982\" srcset=\"https:\/\/www.drrashel-bbg.com\/wp-content\/uploads\/2026\/01\/DRL-1975-Hydrating-Bio-collagen-Absorption-Mask-detail-8.webp 790w, https:\/\/www.drrashel-bbg.com\/wp-content\/uploads\/2026\/01\/DRL-1975-Hydrating-Bio-collagen-Absorption-Mask-detail-8-241x300.webp 241w, https:\/\/www.drrashel-bbg.com\/wp-content\/uploads\/2026\/01\/DRL-1975-Hydrating-Bio-collagen-Absorption-Mask-detail-8-768x955.webp 768w, https:\/\/www.drrashel-bbg.com\/wp-content\/uploads\/2026\/01\/DRL-1975-Hydrating-Bio-collagen-Absorption-Mask-detail-8-10x12.webp 10w, https:\/\/www.drrashel-bbg.com\/wp-content\/uploads\/2026\/01\/DRL-1975-Hydrating-Bio-collagen-Absorption-Mask-detail-8-600x746.webp 600w\" sizes=\"(max-width: 790px) 100vw, 790px\" \/> <img loading=\"lazy\" decoding=\"async\" class=\"alignnone size-full wp-image-5855\" src=\"https:\/\/www.drrashel-bbg.com\/wp-content\/uploads\/2026\/01\/DRL-1975-Hydrating-Bio-collagen-Absorption-Mask-detail-9.webp\" alt=\"\" width=\"790\" height=\"1369\" srcset=\"https:\/\/www.drrashel-bbg.com\/wp-content\/uploads\/2026\/01\/DRL-1975-Hydrating-Bio-collagen-Absorption-Mask-detail-9.webp 790w, https:\/\/www.drrashel-bbg.com\/wp-content\/uploads\/2026\/01\/DRL-1975-Hydrating-Bio-collagen-Absorption-Mask-detail-9-173x300.webp 173w, https:\/\/www.drrashel-bbg.com\/wp-content\/uploads\/2026\/01\/DRL-1975-Hydrating-Bio-collagen-Absorption-Mask-detail-9-591x1024.webp 591w, https:\/\/www.drrashel-bbg.com\/wp-content\/uploads\/2026\/01\/DRL-1975-Hydrating-Bio-collagen-Absorption-Mask-detail-9-768x1331.webp 768w, https:\/\/www.drrashel-bbg.com\/wp-content\/uploads\/2026\/01\/DRL-1975-Hydrating-Bio-collagen-Absorption-Mask-detail-9-7x12.webp 7w, https:\/\/www.drrashel-bbg.com\/wp-content\/uploads\/2026\/01\/DRL-1975-Hydrating-Bio-collagen-Absorption-Mask-detail-9-600x1040.webp 600w\" sizes=\"(max-width: 790px) 100vw, 790px\" \/> <img loading=\"lazy\" decoding=\"async\" class=\"alignnone size-full wp-image-5856\" src=\"https:\/\/www.drrashel-bbg.com\/wp-content\/uploads\/2026\/01\/DRL-1975-Hydrating-Bio-collagen-Absorption-Mask-detail-10.webp\" alt=\"\" width=\"790\" height=\"1161\" srcset=\"https:\/\/www.drrashel-bbg.com\/wp-content\/uploads\/2026\/01\/DRL-1975-Hydrating-Bio-collagen-Absorption-Mask-detail-10.webp 790w, https:\/\/www.drrashel-bbg.com\/wp-content\/uploads\/2026\/01\/DRL-1975-Hydrating-Bio-collagen-Absorption-Mask-detail-10-204x300.webp 204w, https:\/\/www.drrashel-bbg.com\/wp-content\/uploads\/2026\/01\/DRL-1975-Hydrating-Bio-collagen-Absorption-Mask-detail-10-697x1024.webp 697w, https:\/\/www.drrashel-bbg.com\/wp-content\/uploads\/2026\/01\/DRL-1975-Hydrating-Bio-collagen-Absorption-Mask-detail-10-768x1129.webp 768w, https:\/\/www.drrashel-bbg.com\/wp-content\/uploads\/2026\/01\/DRL-1975-Hydrating-Bio-collagen-Absorption-Mask-detail-10-8x12.webp 8w, https:\/\/www.drrashel-bbg.com\/wp-content\/uploads\/2026\/01\/DRL-1975-Hydrating-Bio-collagen-Absorption-Mask-detail-10-600x882.webp 600w\" sizes=\"(max-width: 790px) 100vw, 790px\" \/><\/p>\n<p><strong><b>Product Benefits:<\/b><\/strong><\/p>\n<div class=\"flex flex-col text-sm pb-25\">\n<article class=\"text-token-text-primary w-full focus:outline-none [--shadow-height:45px] has-data-writing-block:pointer-events-none has-data-writing-block:-mt-(--shadow-height) has-data-writing-block:pt-(--shadow-height) [&amp;:has([data-writing-block])&gt;*]:pointer-events-auto scroll-mt-[calc(var(--header-height)+min(200px,max(70px,20svh)))]\" dir=\"auto\" tabindex=\"-1\" data-turn-id=\"request-695b7c66-582c-8329-b283-55317d1aaf18-1\" data-testid=\"conversation-turn-10\" data-scroll-anchor=\"true\" data-turn=\"assistant\">\n<div class=\"text-base my-auto mx-auto pb-10 [--thread-content-margin:--spacing(4)] @w-sm\/main:[--thread-content-margin:--spacing(6)] @w-lg\/main:[--thread-content-margin:--spacing(16)] px-(--thread-content-margin)\">\n<div class=\"[--thread-content-max-width:40rem] @w-lg\/main:[--thread-content-max-width:48rem] mx-auto max-w-(--thread-content-max-width) flex-1 group\/turn-messages focus-visible:outline-hidden relative flex w-full min-w-0 flex-col agent-turn\" tabindex=\"-1\">\n<div class=\"flex max-w-full flex-col grow\">\n<div class=\"min-h-8 text-message relative flex w-full flex-col items-end gap-2 text-start break-words whitespace-normal [.text-message+&amp;]:mt-1\" dir=\"auto\" data-message-author-role=\"assistant\" data-message-id=\"046d3858-19f9-462b-8ebc-d98a9da114bb\" data-message-model-slug=\"gpt-5-2-thinking\">\n<div class=\"flex w-full flex-col gap-1 empty:hidden first:pt-[1px]\">\n<div class=\"markdown prose dark:prose-invert w-full break-words light markdown-new-styling\">\n<p data-start=\"0\" data-end=\"129\" data-is-last-node=\"\" data-is-only-node=\"\">The hydrogel mask is refreshing texture, non-greasy and comfortable to use. It can improves the skin&#8217;s ability to protect and retain moisture, enhance the skin&#8217;s natural glow, reduce dullness and pigmentation, creates healthy and hydrated skin. It can be used as an overnight mask, providing easy elasticity care while you sleep, and becomes transparent as your skin absorbs the active ingredients.<\/p>\n<\/div>\n<\/div>\n<\/div>\n<\/div>\n<\/div>\n<\/div>\n<\/article>\n<\/div>\n<p><strong><b>How to use:<\/b><\/strong><\/p>\n<p data-start=\"255\" data-end=\"266\">1.Cleansing<\/p>\n<p data-start=\"270\" data-end=\"385\">2.Apply the mask smoothly onto your face<br data-start=\"308\" data-end=\"311\" \/>(It is recommended to start with the lower part, then the upper part)<\/p>\n<p data-start=\"389\" data-end=\"573\">3.Leave on for 60 minutes, remove the mask once it becomes transparent<br data-start=\"457\" data-end=\"460\" \/>(According to the absorption of the skin, the mask will gradually become transparent from about 45 minutes.)<\/p>\n<p data-start=\"577\" data-end=\"665\">4.Gently pat in remaining essence, and follow up with your favorite moisturizer if neede<\/p>\n<p><strong><b>Brand Introduction:<\/b><\/strong><\/p>\n<p>DR\u00b7RASHEL was founded in 1989 by Mr. BAKRI, a skin care master, with thirty years of product experience. Focused on health, Mr. BAKRI developed precise formulas for the natural ingredients to maximize skin health and vibrant radiance\uff0ca principle applied across the wide range of DR\u00b7RASHEL\u2019s skin care products.<\/p>\n<p>DR\u00b7RASHEL products are spread around the world and welcomed by customers in five continents, more specifically, in the Middle East, South America, and Europe.<\/p>\n<p>We export to over 100 countries, including UAE, Russia, America, Mexico, Australia\uff0cSaudi Arabia\uff0cBrazil, India and South Africa.<\/p>\n<p>We have ISO\uff0cGMPC American European Union International Authoritative Double Certification, Advanced R &amp; D testing equipment, thousands of mature formulas and high efficiency sales team and competitive price superiority. Our product categories are: skin care products, make-up products, wash and care products.<\/p>\n<p>&nbsp;<\/p>\n<p><strong><b>FAQ:<\/b><\/strong><\/p>\n<p><strong data-start=\"2059\" data-end=\"2123\">Q1: What skin types is this mask suitable for?\u00a0<\/strong><br data-start=\"2123\" data-end=\"2126\" \/>A1: The Hydrating Bio-collagen Absorption Mask is suitable for most skin types, especially dry, dehydrated, and dull skin that needs intensive hydration and moisture retention.<\/p>\n<p><strong data-start=\"2352\" data-end=\"2404\">Q2: How often can I use this mask?\u00a0<\/strong><br data-start=\"2404\" data-end=\"2407\" \/>A2: It can be used 2\u20133 times per week depending on skin condition, or used as an overnight mask when intensive hydration care is needed.<\/p>\n","protected":false},"excerpt":{"rendered":"<p>La m\u00e0scara d'hidrogel t\u00e9 una textura refrescant, no grassa i c\u00f2moda d'utilitzar. Es pot millorar la pell&#8217; S capacitat per protegir i retenir la humitat, millorar la pell&#8217; s brillantor natural, redueix l'opacitat i la pigmentaci\u00f3, crea la pell sana i hidratada. Es pot utilitzar com a m\u00e0scara nocturna, proporcionant una cura f\u00e0cil de l'elasticitat mentre dorms, i es torna transparent a mesura que la pell absorbeix els ingredients actius.<\/p>\n<p><strong>N\u00famero de s\u00e8rie:<\/strong> DRL-1975<\/p>\n<p><strong>Tipus de pell aplicable:<\/strong> Adequat per a tots els tipus de pell;<\/p>\n<p><strong>Ingredients principals:<\/strong> \u00c0cid hialur\u00f2nic, p\u00e8ptid, bio-col\u00b7lagen<\/p>\n<p><strong>Contingut net:<\/strong>23g x 12pcs<\/p>","protected":false},"featured_media":5841,"comment_status":"closed","ping_status":"closed","template":"","meta":[],"product_brand":[],"product_cat":[15,120],"product_tag":[],"class_list":{"0":"post-5840","1":"product","2":"type-product","3":"status-publish","4":"has-post-thumbnail","6":"product_cat-face-care","7":"product_cat-mask","9":"first","10":"instock","11":"shipping-taxable","12":"product-type-simple"},"_links":{"self":[{"href":"https:\/\/www.drrashel-bbg.com\/fr\/wp-json\/wp\/v2\/product\/5840","targetHints":{"allow":["GET"]}}],"collection":[{"href":"https:\/\/www.drrashel-bbg.com\/fr\/wp-json\/wp\/v2\/product"}],"about":[{"href":"https:\/\/www.drrashel-bbg.com\/fr\/wp-json\/wp\/v2\/types\/product"}],"replies":[{"embeddable":true,"href":"https:\/\/www.drrashel-bbg.com\/fr\/wp-json\/wp\/v2\/comments?post=5840"}],"wp:featuredmedia":[{"embeddable":true,"href":"https:\/\/www.drrashel-bbg.com\/fr\/wp-json\/wp\/v2\/media\/5841"}],"wp:attachment":[{"href":"https:\/\/www.drrashel-bbg.com\/fr\/wp-json\/wp\/v2\/media?parent=5840"}],"wp:term":[{"taxonomy":"product_brand","embeddable":true,"href":"https:\/\/www.drrashel-bbg.com\/fr\/wp-json\/wp\/v2\/product_brand?post=5840"},{"taxonomy":"product_cat","embeddable":true,"href":"https:\/\/www.drrashel-bbg.com\/fr\/wp-json\/wp\/v2\/product_cat?post=5840"},{"taxonomy":"product_tag","embeddable":true,"href":"https:\/\/www.drrashel-bbg.com\/fr\/wp-json\/wp\/v2\/product_tag?post=5840"}],"curies":[{"name":"wp","href":"https:\/\/api.w.org\/{rel}","templated":true}]}}