{"id":6220,"date":"2026-01-23T16:10:02","date_gmt":"2026-01-23T08:10:02","guid":{"rendered":"https:\/\/www.drrashel-bbg.com\/?post_type=product&#038;p=6220"},"modified":"2026-01-23T16:27:42","modified_gmt":"2026-01-23T08:27:42","slug":"turmeric-brightening-face-serum","status":"publish","type":"product","link":"https:\/\/www.drrashel-bbg.com\/fr\/serum-essences\/turmeric-brightening-face-serum\/","title":{"rendered":"Turmeric brightening face serum"},"content":{"rendered":"<p><img fetchpriority=\"high\" decoding=\"async\" class=\"alignnone size-full wp-image-6228\" src=\"https:\/\/www.drrashel-bbg.com\/wp-content\/uploads\/2026\/01\/DRL-1913-Turmeric-brightening-face-serum-detail-1.webp\" alt=\"\" width=\"790\" height=\"1139\" srcset=\"https:\/\/www.drrashel-bbg.com\/wp-content\/uploads\/2026\/01\/DRL-1913-Turmeric-brightening-face-serum-detail-1.webp 790w, https:\/\/www.drrashel-bbg.com\/wp-content\/uploads\/2026\/01\/DRL-1913-Turmeric-brightening-face-serum-detail-1-208x300.webp 208w, https:\/\/www.drrashel-bbg.com\/wp-content\/uploads\/2026\/01\/DRL-1913-Turmeric-brightening-face-serum-detail-1-710x1024.webp 710w, https:\/\/www.drrashel-bbg.com\/wp-content\/uploads\/2026\/01\/DRL-1913-Turmeric-brightening-face-serum-detail-1-768x1107.webp 768w, https:\/\/www.drrashel-bbg.com\/wp-content\/uploads\/2026\/01\/DRL-1913-Turmeric-brightening-face-serum-detail-1-8x12.webp 8w, https:\/\/www.drrashel-bbg.com\/wp-content\/uploads\/2026\/01\/DRL-1913-Turmeric-brightening-face-serum-detail-1-600x865.webp 600w\" sizes=\"(max-width: 790px) 100vw, 790px\" \/> <img decoding=\"async\" class=\"alignnone size-full wp-image-6229\" src=\"https:\/\/www.drrashel-bbg.com\/wp-content\/uploads\/2026\/01\/DRL-1913-Turmeric-brightening-face-serum-detail-2.webp\" alt=\"\" width=\"790\" height=\"1137\" srcset=\"https:\/\/www.drrashel-bbg.com\/wp-content\/uploads\/2026\/01\/DRL-1913-Turmeric-brightening-face-serum-detail-2.webp 790w, https:\/\/www.drrashel-bbg.com\/wp-content\/uploads\/2026\/01\/DRL-1913-Turmeric-brightening-face-serum-detail-2-208x300.webp 208w, https:\/\/www.drrashel-bbg.com\/wp-content\/uploads\/2026\/01\/DRL-1913-Turmeric-brightening-face-serum-detail-2-711x1024.webp 711w, https:\/\/www.drrashel-bbg.com\/wp-content\/uploads\/2026\/01\/DRL-1913-Turmeric-brightening-face-serum-detail-2-768x1105.webp 768w, https:\/\/www.drrashel-bbg.com\/wp-content\/uploads\/2026\/01\/DRL-1913-Turmeric-brightening-face-serum-detail-2-8x12.webp 8w, https:\/\/www.drrashel-bbg.com\/wp-content\/uploads\/2026\/01\/DRL-1913-Turmeric-brightening-face-serum-detail-2-600x864.webp 600w\" sizes=\"(max-width: 790px) 100vw, 790px\" \/> <img decoding=\"async\" class=\"alignnone size-full wp-image-6230\" src=\"https:\/\/www.drrashel-bbg.com\/wp-content\/uploads\/2026\/01\/DRL-1913-Turmeric-brightening-face-serum-detail-3.webp\" alt=\"\" width=\"790\" height=\"1146\" srcset=\"https:\/\/www.drrashel-bbg.com\/wp-content\/uploads\/2026\/01\/DRL-1913-Turmeric-brightening-face-serum-detail-3.webp 790w, https:\/\/www.drrashel-bbg.com\/wp-content\/uploads\/2026\/01\/DRL-1913-Turmeric-brightening-face-serum-detail-3-207x300.webp 207w, https:\/\/www.drrashel-bbg.com\/wp-content\/uploads\/2026\/01\/DRL-1913-Turmeric-brightening-face-serum-detail-3-706x1024.webp 706w, https:\/\/www.drrashel-bbg.com\/wp-content\/uploads\/2026\/01\/DRL-1913-Turmeric-brightening-face-serum-detail-3-768x1114.webp 768w, https:\/\/www.drrashel-bbg.com\/wp-content\/uploads\/2026\/01\/DRL-1913-Turmeric-brightening-face-serum-detail-3-8x12.webp 8w, https:\/\/www.drrashel-bbg.com\/wp-content\/uploads\/2026\/01\/DRL-1913-Turmeric-brightening-face-serum-detail-3-600x870.webp 600w\" sizes=\"(max-width: 790px) 100vw, 790px\" \/> <img loading=\"lazy\" decoding=\"async\" class=\"alignnone size-full wp-image-6231\" src=\"https:\/\/www.drrashel-bbg.com\/wp-content\/uploads\/2026\/01\/DRL-1913-Turmeric-brightening-face-serum-detail-4.webp\" alt=\"\" width=\"790\" height=\"1153\" srcset=\"https:\/\/www.drrashel-bbg.com\/wp-content\/uploads\/2026\/01\/DRL-1913-Turmeric-brightening-face-serum-detail-4.webp 790w, https:\/\/www.drrashel-bbg.com\/wp-content\/uploads\/2026\/01\/DRL-1913-Turmeric-brightening-face-serum-detail-4-206x300.webp 206w, https:\/\/www.drrashel-bbg.com\/wp-content\/uploads\/2026\/01\/DRL-1913-Turmeric-brightening-face-serum-detail-4-702x1024.webp 702w, https:\/\/www.drrashel-bbg.com\/wp-content\/uploads\/2026\/01\/DRL-1913-Turmeric-brightening-face-serum-detail-4-768x1121.webp 768w, https:\/\/www.drrashel-bbg.com\/wp-content\/uploads\/2026\/01\/DRL-1913-Turmeric-brightening-face-serum-detail-4-8x12.webp 8w, https:\/\/www.drrashel-bbg.com\/wp-content\/uploads\/2026\/01\/DRL-1913-Turmeric-brightening-face-serum-detail-4-600x876.webp 600w\" sizes=\"(max-width: 790px) 100vw, 790px\" \/> <img loading=\"lazy\" decoding=\"async\" class=\"alignnone size-full wp-image-6232\" src=\"https:\/\/www.drrashel-bbg.com\/wp-content\/uploads\/2026\/01\/DRL-1913-Turmeric-brightening-face-serum-detail-5.webp\" alt=\"\" width=\"790\" height=\"1169\" srcset=\"https:\/\/www.drrashel-bbg.com\/wp-content\/uploads\/2026\/01\/DRL-1913-Turmeric-brightening-face-serum-detail-5.webp 790w, https:\/\/www.drrashel-bbg.com\/wp-content\/uploads\/2026\/01\/DRL-1913-Turmeric-brightening-face-serum-detail-5-203x300.webp 203w, https:\/\/www.drrashel-bbg.com\/wp-content\/uploads\/2026\/01\/DRL-1913-Turmeric-brightening-face-serum-detail-5-692x1024.webp 692w, https:\/\/www.drrashel-bbg.com\/wp-content\/uploads\/2026\/01\/DRL-1913-Turmeric-brightening-face-serum-detail-5-768x1136.webp 768w, https:\/\/www.drrashel-bbg.com\/wp-content\/uploads\/2026\/01\/DRL-1913-Turmeric-brightening-face-serum-detail-5-8x12.webp 8w, https:\/\/www.drrashel-bbg.com\/wp-content\/uploads\/2026\/01\/DRL-1913-Turmeric-brightening-face-serum-detail-5-600x888.webp 600w\" sizes=\"(max-width: 790px) 100vw, 790px\" \/> <img loading=\"lazy\" decoding=\"async\" class=\"alignnone size-full wp-image-6233\" src=\"https:\/\/www.drrashel-bbg.com\/wp-content\/uploads\/2026\/01\/DRL-1913-Turmeric-brightening-face-serum-detail-6.webp\" alt=\"\" width=\"790\" height=\"1193\" srcset=\"https:\/\/www.drrashel-bbg.com\/wp-content\/uploads\/2026\/01\/DRL-1913-Turmeric-brightening-face-serum-detail-6.webp 790w, https:\/\/www.drrashel-bbg.com\/wp-content\/uploads\/2026\/01\/DRL-1913-Turmeric-brightening-face-serum-detail-6-199x300.webp 199w, https:\/\/www.drrashel-bbg.com\/wp-content\/uploads\/2026\/01\/DRL-1913-Turmeric-brightening-face-serum-detail-6-678x1024.webp 678w, https:\/\/www.drrashel-bbg.com\/wp-content\/uploads\/2026\/01\/DRL-1913-Turmeric-brightening-face-serum-detail-6-768x1160.webp 768w, https:\/\/www.drrashel-bbg.com\/wp-content\/uploads\/2026\/01\/DRL-1913-Turmeric-brightening-face-serum-detail-6-8x12.webp 8w, https:\/\/www.drrashel-bbg.com\/wp-content\/uploads\/2026\/01\/DRL-1913-Turmeric-brightening-face-serum-detail-6-600x906.webp 600w\" sizes=\"(max-width: 790px) 100vw, 790px\" \/> <img loading=\"lazy\" decoding=\"async\" class=\"alignnone size-full wp-image-6234\" src=\"https:\/\/www.drrashel-bbg.com\/wp-content\/uploads\/2026\/01\/DRL-1913-Turmeric-brightening-face-serum-detail-7.webp\" alt=\"\" width=\"790\" height=\"1223\" srcset=\"https:\/\/www.drrashel-bbg.com\/wp-content\/uploads\/2026\/01\/DRL-1913-Turmeric-brightening-face-serum-detail-7.webp 790w, https:\/\/www.drrashel-bbg.com\/wp-content\/uploads\/2026\/01\/DRL-1913-Turmeric-brightening-face-serum-detail-7-194x300.webp 194w, https:\/\/www.drrashel-bbg.com\/wp-content\/uploads\/2026\/01\/DRL-1913-Turmeric-brightening-face-serum-detail-7-661x1024.webp 661w, https:\/\/www.drrashel-bbg.com\/wp-content\/uploads\/2026\/01\/DRL-1913-Turmeric-brightening-face-serum-detail-7-768x1189.webp 768w, https:\/\/www.drrashel-bbg.com\/wp-content\/uploads\/2026\/01\/DRL-1913-Turmeric-brightening-face-serum-detail-7-8x12.webp 8w, https:\/\/www.drrashel-bbg.com\/wp-content\/uploads\/2026\/01\/DRL-1913-Turmeric-brightening-face-serum-detail-7-600x929.webp 600w\" sizes=\"(max-width: 790px) 100vw, 790px\" \/> <img loading=\"lazy\" decoding=\"async\" class=\"alignnone size-full wp-image-6235\" src=\"https:\/\/www.drrashel-bbg.com\/wp-content\/uploads\/2026\/01\/DRL-1913-Turmeric-brightening-face-serum-detail-8.webp\" alt=\"\" width=\"790\" height=\"1193\" srcset=\"https:\/\/www.drrashel-bbg.com\/wp-content\/uploads\/2026\/01\/DRL-1913-Turmeric-brightening-face-serum-detail-8.webp 790w, https:\/\/www.drrashel-bbg.com\/wp-content\/uploads\/2026\/01\/DRL-1913-Turmeric-brightening-face-serum-detail-8-199x300.webp 199w, https:\/\/www.drrashel-bbg.com\/wp-content\/uploads\/2026\/01\/DRL-1913-Turmeric-brightening-face-serum-detail-8-678x1024.webp 678w, https:\/\/www.drrashel-bbg.com\/wp-content\/uploads\/2026\/01\/DRL-1913-Turmeric-brightening-face-serum-detail-8-768x1160.webp 768w, https:\/\/www.drrashel-bbg.com\/wp-content\/uploads\/2026\/01\/DRL-1913-Turmeric-brightening-face-serum-detail-8-8x12.webp 8w, https:\/\/www.drrashel-bbg.com\/wp-content\/uploads\/2026\/01\/DRL-1913-Turmeric-brightening-face-serum-detail-8-600x906.webp 600w\" sizes=\"(max-width: 790px) 100vw, 790px\" \/> <img loading=\"lazy\" decoding=\"async\" class=\"alignnone size-full wp-image-6236\" src=\"https:\/\/www.drrashel-bbg.com\/wp-content\/uploads\/2026\/01\/DRL-1913-Turmeric-brightening-face-serum-detail-9.webp\" alt=\"\" width=\"790\" height=\"1060\" srcset=\"https:\/\/www.drrashel-bbg.com\/wp-content\/uploads\/2026\/01\/DRL-1913-Turmeric-brightening-face-serum-detail-9.webp 790w, https:\/\/www.drrashel-bbg.com\/wp-content\/uploads\/2026\/01\/DRL-1913-Turmeric-brightening-face-serum-detail-9-224x300.webp 224w, https:\/\/www.drrashel-bbg.com\/wp-content\/uploads\/2026\/01\/DRL-1913-Turmeric-brightening-face-serum-detail-9-763x1024.webp 763w, https:\/\/www.drrashel-bbg.com\/wp-content\/uploads\/2026\/01\/DRL-1913-Turmeric-brightening-face-serum-detail-9-768x1030.webp 768w, https:\/\/www.drrashel-bbg.com\/wp-content\/uploads\/2026\/01\/DRL-1913-Turmeric-brightening-face-serum-detail-9-9x12.webp 9w, https:\/\/www.drrashel-bbg.com\/wp-content\/uploads\/2026\/01\/DRL-1913-Turmeric-brightening-face-serum-detail-9-600x805.webp 600w\" sizes=\"(max-width: 790px) 100vw, 790px\" \/> <img loading=\"lazy\" decoding=\"async\" class=\"alignnone size-full wp-image-6237\" src=\"https:\/\/www.drrashel-bbg.com\/wp-content\/uploads\/2026\/01\/DRL-1913-Turmeric-brightening-face-serum-detail-10.webp\" alt=\"\" width=\"790\" height=\"856\" srcset=\"https:\/\/www.drrashel-bbg.com\/wp-content\/uploads\/2026\/01\/DRL-1913-Turmeric-brightening-face-serum-detail-10.webp 790w, https:\/\/www.drrashel-bbg.com\/wp-content\/uploads\/2026\/01\/DRL-1913-Turmeric-brightening-face-serum-detail-10-277x300.webp 277w, https:\/\/www.drrashel-bbg.com\/wp-content\/uploads\/2026\/01\/DRL-1913-Turmeric-brightening-face-serum-detail-10-768x832.webp 768w, https:\/\/www.drrashel-bbg.com\/wp-content\/uploads\/2026\/01\/DRL-1913-Turmeric-brightening-face-serum-detail-10-11x12.webp 11w, https:\/\/www.drrashel-bbg.com\/wp-content\/uploads\/2026\/01\/DRL-1913-Turmeric-brightening-face-serum-detail-10-600x650.webp 600w\" sizes=\"(max-width: 790px) 100vw, 790px\" \/> <img loading=\"lazy\" decoding=\"async\" class=\"alignnone size-full wp-image-6238\" src=\"https:\/\/www.drrashel-bbg.com\/wp-content\/uploads\/2026\/01\/DRL-1913-Turmeric-brightening-face-serum-detail-11.webp\" alt=\"\" width=\"790\" height=\"621\" srcset=\"https:\/\/www.drrashel-bbg.com\/wp-content\/uploads\/2026\/01\/DRL-1913-Turmeric-brightening-face-serum-detail-11.webp 790w, https:\/\/www.drrashel-bbg.com\/wp-content\/uploads\/2026\/01\/DRL-1913-Turmeric-brightening-face-serum-detail-11-300x236.webp 300w, https:\/\/www.drrashel-bbg.com\/wp-content\/uploads\/2026\/01\/DRL-1913-Turmeric-brightening-face-serum-detail-11-768x604.webp 768w, https:\/\/www.drrashel-bbg.com\/wp-content\/uploads\/2026\/01\/DRL-1913-Turmeric-brightening-face-serum-detail-11-15x12.webp 15w, https:\/\/www.drrashel-bbg.com\/wp-content\/uploads\/2026\/01\/DRL-1913-Turmeric-brightening-face-serum-detail-11-600x472.webp 600w\" sizes=\"(max-width: 790px) 100vw, 790px\" \/> <img loading=\"lazy\" decoding=\"async\" class=\"alignnone size-full wp-image-6239\" src=\"https:\/\/www.drrashel-bbg.com\/wp-content\/uploads\/2026\/01\/DRL-1913-Turmeric-brightening-face-serum-detail-12.webp\" alt=\"\" width=\"790\" height=\"698\" srcset=\"https:\/\/www.drrashel-bbg.com\/wp-content\/uploads\/2026\/01\/DRL-1913-Turmeric-brightening-face-serum-detail-12.webp 790w, https:\/\/www.drrashel-bbg.com\/wp-content\/uploads\/2026\/01\/DRL-1913-Turmeric-brightening-face-serum-detail-12-300x265.webp 300w, https:\/\/www.drrashel-bbg.com\/wp-content\/uploads\/2026\/01\/DRL-1913-Turmeric-brightening-face-serum-detail-12-768x679.webp 768w, https:\/\/www.drrashel-bbg.com\/wp-content\/uploads\/2026\/01\/DRL-1913-Turmeric-brightening-face-serum-detail-12-14x12.webp 14w, https:\/\/www.drrashel-bbg.com\/wp-content\/uploads\/2026\/01\/DRL-1913-Turmeric-brightening-face-serum-detail-12-600x530.webp 600w\" sizes=\"(max-width: 790px) 100vw, 790px\" \/> <img loading=\"lazy\" decoding=\"async\" class=\"alignnone size-full wp-image-6240\" src=\"https:\/\/www.drrashel-bbg.com\/wp-content\/uploads\/2026\/01\/DRL-1913-Turmeric-brightening-face-serum-detail-13.webp\" alt=\"\" width=\"790\" height=\"586\" srcset=\"https:\/\/www.drrashel-bbg.com\/wp-content\/uploads\/2026\/01\/DRL-1913-Turmeric-brightening-face-serum-detail-13.webp 790w, https:\/\/www.drrashel-bbg.com\/wp-content\/uploads\/2026\/01\/DRL-1913-Turmeric-brightening-face-serum-detail-13-300x223.webp 300w, https:\/\/www.drrashel-bbg.com\/wp-content\/uploads\/2026\/01\/DRL-1913-Turmeric-brightening-face-serum-detail-13-768x570.webp 768w, https:\/\/www.drrashel-bbg.com\/wp-content\/uploads\/2026\/01\/DRL-1913-Turmeric-brightening-face-serum-detail-13-16x12.webp 16w, https:\/\/www.drrashel-bbg.com\/wp-content\/uploads\/2026\/01\/DRL-1913-Turmeric-brightening-face-serum-detail-13-600x445.webp 600w\" sizes=\"(max-width: 790px) 100vw, 790px\" \/> <img loading=\"lazy\" decoding=\"async\" class=\"alignnone size-full wp-image-6241\" src=\"https:\/\/www.drrashel-bbg.com\/wp-content\/uploads\/2026\/01\/DRL-1913-Turmeric-brightening-face-serum-detail-14.webp\" alt=\"\" width=\"790\" height=\"555\" srcset=\"https:\/\/www.drrashel-bbg.com\/wp-content\/uploads\/2026\/01\/DRL-1913-Turmeric-brightening-face-serum-detail-14.webp 790w, https:\/\/www.drrashel-bbg.com\/wp-content\/uploads\/2026\/01\/DRL-1913-Turmeric-brightening-face-serum-detail-14-300x211.webp 300w, https:\/\/www.drrashel-bbg.com\/wp-content\/uploads\/2026\/01\/DRL-1913-Turmeric-brightening-face-serum-detail-14-768x540.webp 768w, https:\/\/www.drrashel-bbg.com\/wp-content\/uploads\/2026\/01\/DRL-1913-Turmeric-brightening-face-serum-detail-14-18x12.webp 18w, https:\/\/www.drrashel-bbg.com\/wp-content\/uploads\/2026\/01\/DRL-1913-Turmeric-brightening-face-serum-detail-14-600x422.webp 600w\" sizes=\"(max-width: 790px) 100vw, 790px\" \/><\/p>\n<p><strong>Product Benefit: <\/strong>Dark spots correction\uff0cAntioxidant&amp; brightening<br \/>\nPromote a youthful glow<br \/>\n<strong>How to use\uff1a<\/strong>Used on cleansed skin, distribute 3-4 drops on the skin of the face and neck, starting from the center of the face and working your way out, and massage gently until fully absorbed, used every morning and evening alone or before your moisturizer.<\/p>\n<p><strong><b>Introducci\u00f3 de la marca:<\/b><\/strong><\/p>\n<p>DR\u00b7RASHEL va ser fundada el 1989 pel senyor BAKRI, un mestre de cura de la pell, amb trenta anys d'experi\u00e8ncia en productes. Centrat en la salut, el senyor BAKRI va desenvolupar f\u00f3rmules precises per als ingredients naturals per maximitzar la salut de la pell i la radiaci\u00f3 vibrant, un principi aplicat en l'\u00e0mplia gamma de productes de cura de la pell de DR\u00b7RASHEL.<\/p>\n<p>Els productes DR\u00b7RASHEL es distribueixen per tot el m\u00f3n i s\u00f3n rebuts per clients en cinc continents, m\u00e9s espec\u00edficament, a l'Orient Mitj\u00e0, Am\u00e8rica del Sud i Europa.<\/p>\n<p>Exportem a m\u00e9s de 100 pa\u00efsos, incloent els Emirats \u00c0rabs Units, R\u00fassia, Am\u00e8rica, M\u00e8xic, Austr\u00e0lia, Ar\u00e0bia Saudita, Brasil, \u00cdndia i Sud-\u00e0frica.<\/p>\n<p>Tenim ISO, GMPC American European Union Internacional autorit\u00e0ria doble certificaci\u00f3, avan\u00e7ada R &amp; amp; D equip de prova, milers de f\u00f3rmules madures i equip de vendes d'alta efici\u00e8ncia i superioritat de preu competitiu. Les nostres categories de productes s\u00f3n: productes de cura de la pell, productes de maquillatge, productes de rentat i cura.<\/p>\n<p><strong>FAQ\uff1a<\/strong><br \/>\n<strong>Q1: <\/strong>What skin types is this serum suitable for?<br \/>\nThis serum is suitable for most skin types, including normal, dry, and combination skin.<br \/>\n<strong>Q2: <\/strong>How often should I use the serum?<br \/>\nIt can be used daily, morning and evening, as part of your regular skincare routine.<\/p>","protected":false},"excerpt":{"rendered":"<p><strong>Description:<\/strong>Applying the turmeric anti oxidation face serum will help brighten the complexion and moisturize the skin,minimizing the appearance of fine lines and deep wrinkles and fading dark spots over time.Turmeric serum is in moisturizing ingredients,which can quickly penetrate into the skin,replenish skin,and keep the skin moist and soft.<\/p>\n<p><strong>N\u00famero de s\u00e8rie:<\/strong> DRL-1913<br \/>\n<strong>Tipus de pell aplicable:<\/strong> Adequat per a tots els tipus de pell;<br \/>\n<strong>Core Ingredience:<\/strong> Extracte de c\u00farcuma<br \/>\n<strong>Contingut net:<\/strong>50ml<\/p>","protected":false},"featured_media":6221,"comment_status":"closed","ping_status":"closed","template":"","meta":[],"product_brand":[],"product_cat":[15,115],"product_tag":[],"class_list":{"0":"post-6220","1":"product","2":"type-product","3":"status-publish","4":"has-post-thumbnail","6":"product_cat-face-care","7":"product_cat-serum-essences","9":"first","10":"instock","11":"shipping-taxable","12":"product-type-simple"},"_links":{"self":[{"href":"https:\/\/www.drrashel-bbg.com\/fr\/wp-json\/wp\/v2\/product\/6220","targetHints":{"allow":["GET"]}}],"collection":[{"href":"https:\/\/www.drrashel-bbg.com\/fr\/wp-json\/wp\/v2\/product"}],"about":[{"href":"https:\/\/www.drrashel-bbg.com\/fr\/wp-json\/wp\/v2\/types\/product"}],"replies":[{"embeddable":true,"href":"https:\/\/www.drrashel-bbg.com\/fr\/wp-json\/wp\/v2\/comments?post=6220"}],"wp:featuredmedia":[{"embeddable":true,"href":"https:\/\/www.drrashel-bbg.com\/fr\/wp-json\/wp\/v2\/media\/6221"}],"wp:attachment":[{"href":"https:\/\/www.drrashel-bbg.com\/fr\/wp-json\/wp\/v2\/media?parent=6220"}],"wp:term":[{"taxonomy":"product_brand","embeddable":true,"href":"https:\/\/www.drrashel-bbg.com\/fr\/wp-json\/wp\/v2\/product_brand?post=6220"},{"taxonomy":"product_cat","embeddable":true,"href":"https:\/\/www.drrashel-bbg.com\/fr\/wp-json\/wp\/v2\/product_cat?post=6220"},{"taxonomy":"product_tag","embeddable":true,"href":"https:\/\/www.drrashel-bbg.com\/fr\/wp-json\/wp\/v2\/product_tag?post=6220"}],"curies":[{"name":"wp","href":"https:\/\/api.w.org\/{rel}","templated":true}]}}